{"id":1000,"date":"2025-03-15T13:31:11","date_gmt":"2025-03-15T13:31:11","guid":{"rendered":"http:\/\/techonauts.com\/?page_id=1000"},"modified":"2025-05-02T20:33:56","modified_gmt":"2025-05-02T20:33:56","slug":"sales-and-negotiation","status":"publish","type":"page","link":"http:\/\/techonauts.com\/de\/coaching\/soft-skill-coaching\/sales-and-negotiation\/","title":{"rendered":"Vertrieb und Verhandlung"},"content":{"rendered":"<p>Vertrieb und Verhandlung<\/p>\n\n\n\n<p>Sie arbeiten im Vertrieb und versuchen, die Grenzen zu \u00fcberschreiten? Sie m\u00f6chten ein echter J\u00e4ger sein und Ihre Ums\u00e4tze steigern?<\/p>\n\n\n\n<p>Kommunikation und Verhandlung sind der Schl\u00fcssel zu einem soliden Gesch\u00e4ft. Gesch\u00e4fte werden immer zwischen Menschen gemacht. Der Schl\u00fcsselfaktor f\u00fcr den Erfolg ist ein klarer Kommunikationsstil und das Verst\u00e4ndnis der Verhandlungstechniken auch unter Zeitdruck, schwierigen Umst\u00e4nden und komplexen Diskussionen.<\/p>\n\n\n\n<p>Im Vertrieb haben Sie normalerweise mit vielen Stakeholdern oder Gro\u00dfkunden zu tun. Um erfolgreich zu sein, ist es sehr wichtig, \u00fcber ein soliden Werkzeugkasten zu verf\u00fcgen, um alle Aufgaben rechtzeitig zu erledigen. <\/p>\n\n\n\n<p>Wir zeigen Ihnen, wie Sie sich zur richtigen Zeit auf die richtigen Dinge konzentrieren. Sie m\u00f6chten Aufgaben immer im Multitasking erledigen? Wir zeigen Ihnen, warum das nicht der effizienteste Weg ist und wie Sie sich richtig strukturieren.<\/p>","protected":false},"excerpt":{"rendered":"<p>Sales and negotation You working in Sales and try to push the limits? You want to be the real hunter and increase your deals? Communication and negotiation is key to have a solid business. Business always happens between humans. The key factor for success is a clear communication style and understanding the part of negotiation [&hellip;]<\/p>\n","protected":false},"author":2,"featured_media":0,"parent":474,"menu_order":0,"comment_status":"closed","ping_status":"closed","template":"","meta":{"footnotes":""},"class_list":["post-1000","page","type-page","status-publish","hentry"],"aioseo_notices":[],"_links":{"self":[{"href":"http:\/\/techonauts.com\/de\/wp-json\/wp\/v2\/pages\/1000","targetHints":{"allow":["GET"]}}],"collection":[{"href":"http:\/\/techonauts.com\/de\/wp-json\/wp\/v2\/pages"}],"about":[{"href":"http:\/\/techonauts.com\/de\/wp-json\/wp\/v2\/types\/page"}],"author":[{"embeddable":true,"href":"http:\/\/techonauts.com\/de\/wp-json\/wp\/v2\/users\/2"}],"replies":[{"embeddable":true,"href":"http:\/\/techonauts.com\/de\/wp-json\/wp\/v2\/comments?post=1000"}],"version-history":[{"count":1,"href":"http:\/\/techonauts.com\/de\/wp-json\/wp\/v2\/pages\/1000\/revisions"}],"predecessor-version":[{"id":1001,"href":"http:\/\/techonauts.com\/de\/wp-json\/wp\/v2\/pages\/1000\/revisions\/1001"}],"up":[{"embeddable":true,"href":"http:\/\/techonauts.com\/de\/wp-json\/wp\/v2\/pages\/474"}],"wp:attachment":[{"href":"http:\/\/techonauts.com\/de\/wp-json\/wp\/v2\/media?parent=1000"}],"curies":[{"name":"wp","href":"https:\/\/api.w.org\/{rel}","templated":true}]}}