{"id":1002,"date":"2025-03-15T13:32:20","date_gmt":"2025-03-15T13:32:20","guid":{"rendered":"http:\/\/techonauts.com\/?page_id=1002"},"modified":"2025-05-02T20:33:13","modified_gmt":"2025-05-02T20:33:13","slug":"communication","status":"publish","type":"page","link":"http:\/\/techonauts.com\/de\/coaching\/soft-skill-coaching\/communication\/","title":{"rendered":"Kommunikation"},"content":{"rendered":"<p>Kommunikation<\/p>\n\n\n\n<p>Im Gesch\u00e4ftsleben ist Kommunikation der Schl\u00fcssel! Mit viel Fachwissen und absolvierten Schulungen unterst\u00fctzt Sie unser Team dabei, Ihre Kommunikationsf\u00e4higkeiten zu verbessern. Verstehen Sie Ihren Kommunikationspartner besser und verstehen Sie Ihren Kommunikationsstil. Wir bringen Ihnen einige Techniken bei, um einen soliden Kommunikationsstil zu entwickeln.<\/p>\n\n\n\n<p>Was ist wichtig?<\/p>\n\n\n\n<ul class=\"wp-block-list\">\n<li>Klare Kommunikation, keine Platzhalter oder F\u00fcllw\u00f6rter<\/li>\n\n\n\n<li>K\u00f6rpersprache<\/li>\n\n\n\n<li>Stimmen Lautst\u00e4rke und Betonung<\/li>\n<\/ul>","protected":false},"excerpt":{"rendered":"<p>Communication In the business communication is key! With a lot of expertise and trainings done, our team will support you to increase your communication skills. Better understand your communication partner and understand your style of communication. We will teach you some techniques to get a solid communication style. What is import?<\/p>","protected":false},"author":2,"featured_media":0,"parent":474,"menu_order":0,"comment_status":"closed","ping_status":"closed","template":"","meta":{"footnotes":""},"class_list":["post-1002","page","type-page","status-publish","hentry"],"aioseo_notices":[],"_links":{"self":[{"href":"http:\/\/techonauts.com\/de\/wp-json\/wp\/v2\/pages\/1002","targetHints":{"allow":["GET"]}}],"collection":[{"href":"http:\/\/techonauts.com\/de\/wp-json\/wp\/v2\/pages"}],"about":[{"href":"http:\/\/techonauts.com\/de\/wp-json\/wp\/v2\/types\/page"}],"author":[{"embeddable":true,"href":"http:\/\/techonauts.com\/de\/wp-json\/wp\/v2\/users\/2"}],"replies":[{"embeddable":true,"href":"http:\/\/techonauts.com\/de\/wp-json\/wp\/v2\/comments?post=1002"}],"version-history":[{"count":1,"href":"http:\/\/techonauts.com\/de\/wp-json\/wp\/v2\/pages\/1002\/revisions"}],"predecessor-version":[{"id":1003,"href":"http:\/\/techonauts.com\/de\/wp-json\/wp\/v2\/pages\/1002\/revisions\/1003"}],"up":[{"embeddable":true,"href":"http:\/\/techonauts.com\/de\/wp-json\/wp\/v2\/pages\/474"}],"wp:attachment":[{"href":"http:\/\/techonauts.com\/de\/wp-json\/wp\/v2\/media?parent=1002"}],"curies":[{"name":"wp","href":"https:\/\/api.w.org\/{rel}","templated":true}]}}