{"id":116,"date":"2023-09-20T23:15:34","date_gmt":"2023-09-20T23:15:34","guid":{"rendered":"http:\/\/techonauts.com\/?page_id=116"},"modified":"2025-05-02T20:38:12","modified_gmt":"2025-05-02T20:38:12","slug":"services","status":"publish","type":"page","link":"http:\/\/techonauts.com\/de\/services\/","title":{"rendered":"Dienstleistungen"},"content":{"rendered":"<div style=\"height:30px\" aria-hidden=\"true\" class=\"wp-block-spacer\"><\/div>\n\n\n\n<div class=\"wp-block-group alignfull is-layout-constrained wp-block-group-is-layout-constrained\">\n<div style=\"height:40px;width:0px\" aria-hidden=\"true\" class=\"wp-block-spacer\"><\/div>\n\n\n\n<h2 class=\"wp-block-heading\">Dienstleistungen<\/h2>\n\n\n\n<p>Im Pulldown-Men\u00fc unserer Dienstleistungen finden Sie alle Dienstleistungen, die wir anbieten und mit denen wir viel Erfahrung haben. <\/p>\n\n\n\n<p>Wir finden die optimale L\u00f6sung f\u00fcr Ihre Unternehmensanforderungen. Kontaktieren Sie uns und wir besprechen, wie wir Sie bei der Realisierung Ihrer L\u00f6sung unterst\u00fctzen k\u00f6nnen.<\/p>\n\n\n\n<p>Unm\u00f6glich ist fast nichts, es geht nur um den Weg!<\/p>\n\n\n\n<div style=\"height:22px\" aria-hidden=\"true\" class=\"wp-block-spacer\"><\/div>\n\n\n\n<div class=\"wp-block-columns are-vertically-aligned-center is-layout-flex wp-container-core-columns-is-layout-1 wp-block-columns-is-layout-flex\">\n<div class=\"wp-block-column is-vertically-aligned-center work-main is-layout-flow wp-block-column-is-layout-flow\" style=\"padding-top:var(--wp--preset--spacing--60);padding-right:var(--wp--preset--spacing--60);padding-bottom:var(--wp--preset--spacing--60);padding-left:var(--wp--preset--spacing--60)\">\n<h4 class=\"wp-block-heading has-pale-cyan-blue-color has-text-color has-poppins-font-family has-content-heading-font-size\" style=\"margin-top:var(--wp--preset--spacing--40);margin-bottom:var(--wp--preset--spacing--30);font-style:normal;font-weight:600\">Moderner Digitaler Arbeitsplatz<\/h4>\n\n\n\n<p class=\"has-poppins-font-family has-medium-font-size\" style=\"margin-top:0;margin-bottom:0\">Der moderne digitale Arbeitsplatz bietet Ihnen die Flexibilit\u00e4t, von \u00fcberall aus zu arbeiten. Manchmal auch \u201eAnywhere Workspace\u201c genannt. Sie w\u00e4hlen das Ger\u00e4t: Laptop, Tablet oder Smartphone, und schon kann es losgehen. Alle Zugriffe und Applikationen, die Sie f\u00fcr Ihr Tagesgesch\u00e4ft ben\u00f6tigen, in einer benutzerfreundlichen und modernen Ausf\u00fchrung.<\/p>\n\n\n\n<p><\/p>\n\n\n\n<div class=\"wp-block-buttons is-layout-flex wp-block-buttons-is-layout-flex\">\n<div class=\"wp-block-button year-btn\"><a class=\"wp-block-button__link has-background-color has-pale-cyan-blue-background-color has-text-color has-background wp-element-button\" href=\"http:\/\/techonauts.com\/de\/services\/modern-digital-workplace\/\" style=\"border-radius:15px;padding-top:var(--wp--preset--spacing--20);padding-right:var(--wp--preset--spacing--30);padding-bottom:var(--wp--preset--spacing--20);padding-left:var(--wp--preset--spacing--30)\">Mehr<\/a><\/div>\n<\/div>\n\n\n\n<div class=\"wp-block-buttons is-layout-flex wp-block-buttons-is-layout-flex\"><\/div>\n\n\n\n<figure class=\"wp-block-image size-large\"><img loading=\"lazy\" decoding=\"async\" width=\"1024\" height=\"771\" src=\"http:\/\/techonauts.com\/wp-content\/uploads\/2025\/03\/Modern-Workspace-Setup-1024x771.jpeg\" alt=\"\" class=\"wp-image-972\" srcset=\"https:\/\/techonauts.com\/wp-content\/uploads\/2025\/03\/Modern-Workspace-Setup-1024x771.jpeg 1024w, https:\/\/techonauts.com\/wp-content\/uploads\/2025\/03\/Modern-Workspace-Setup-300x226.jpeg 300w, https:\/\/techonauts.com\/wp-content\/uploads\/2025\/03\/Modern-Workspace-Setup-768x579.jpeg 768w, https:\/\/techonauts.com\/wp-content\/uploads\/2025\/03\/Modern-Workspace-Setup-16x12.jpeg 16w, https:\/\/techonauts.com\/wp-content\/uploads\/2025\/03\/Modern-Workspace-Setup.jpeg 1200w\" sizes=\"auto, (max-width: 1024px) 100vw, 1024px\" \/><\/figure>\n<\/div>\n<\/div>\n\n\n\n<div class=\"wp-block-group is-layout-constrained wp-container-core-group-is-layout-1 wp-block-group-is-layout-constrained\">\n<div class=\"wp-block-columns are-vertically-aligned-center is-layout-flex wp-container-core-columns-is-layout-2 wp-block-columns-is-layout-flex\">\n<div class=\"wp-block-column is-vertically-aligned-center work-main is-layout-flow wp-block-column-is-layout-flow\" style=\"padding-top:var(--wp--preset--spacing--60);padding-right:var(--wp--preset--spacing--60);padding-bottom:var(--wp--preset--spacing--60);padding-left:var(--wp--preset--spacing--60)\">\n<h4 class=\"wp-block-heading has-pale-cyan-blue-color has-text-color has-poppins-font-family has-content-heading-font-size\" style=\"margin-top:var(--wp--preset--spacing--40);margin-bottom:var(--wp--preset--spacing--30);font-style:normal;font-weight:600\">Virtuelle Desktop Infrastruktur (VDI)<\/h4>\n\n\n\n<p class=\"has-poppins-font-family has-medium-font-size\">Mit einer virtuellen Desktop-Infrastruktur k\u00f6nnen Sie Ihr Anwendungs- und Image-Lebenszyklusmanagement vereinfachen. Gleichzeitig haben Sie die Wahlfreiheit hinsichtlich des von Ihnen verwendeten Betriebssystems (OS), der zu implementierenden Anwendungen und der Handhabung der Profildaten der Benutzer.&nbsp;<\/p>\n\n\n\n<p class=\"has-poppins-font-family has-medium-font-size\">Sie k\u00f6nnen die gesamte Bereitstellung und den Lebenszyklus stark standardisieren und automatisieren, verf\u00fcgen aber gleichzeitig \u00fcber eine gewisse Flexibilit\u00e4t f\u00fcr bestimmte Anwendungsf\u00e4lle oder Benutzergruppen.<\/p>\n\n\n\n<p><\/p>\n\n\n\n<div class=\"wp-block-buttons is-layout-flex wp-block-buttons-is-layout-flex\">\n<div class=\"wp-block-button year-btn\"><a class=\"wp-block-button__link has-background-color has-pale-cyan-blue-background-color has-text-color has-background wp-element-button\" href=\"http:\/\/techonauts.com\/de\/services\/vdi\/\" style=\"border-radius:15px;padding-top:var(--wp--preset--spacing--20);padding-right:var(--wp--preset--spacing--30);padding-bottom:var(--wp--preset--spacing--20);padding-left:var(--wp--preset--spacing--30)\">Mehr<\/a><\/div>\n<\/div>\n\n\n\n<div class=\"wp-block-buttons is-layout-flex wp-block-buttons-is-layout-flex\"><\/div>\n\n\n\n<figure class=\"wp-block-image size-full\"><img loading=\"lazy\" decoding=\"async\" width=\"1024\" height=\"667\" src=\"http:\/\/techonauts.com\/wp-content\/uploads\/2023\/09\/Horizon_universal_brokerung-e1695554790887.png\" alt=\"\" class=\"wp-image-145\" srcset=\"https:\/\/techonauts.com\/wp-content\/uploads\/2023\/09\/Horizon_universal_brokerung-e1695554790887.png 1024w, https:\/\/techonauts.com\/wp-content\/uploads\/2023\/09\/Horizon_universal_brokerung-e1695554790887-300x195.png 300w, https:\/\/techonauts.com\/wp-content\/uploads\/2023\/09\/Horizon_universal_brokerung-e1695554790887-768x500.png 768w\" sizes=\"auto, (max-width: 1024px) 100vw, 1024px\" \/><\/figure>\n<\/div>\n<\/div>\n<\/div>\n\n\n\n<div class=\"wp-block-columns are-vertically-aligned-center is-layout-flex wp-container-core-columns-is-layout-3 wp-block-columns-is-layout-flex\">\n<div class=\"wp-block-column is-vertically-aligned-center work-main is-layout-flow wp-block-column-is-layout-flow\" style=\"padding-top:var(--wp--preset--spacing--60);padding-right:var(--wp--preset--spacing--60);padding-bottom:var(--wp--preset--spacing--60);padding-left:var(--wp--preset--spacing--60)\">\n<h4 class=\"wp-block-heading has-pale-cyan-blue-color has-text-color has-poppins-font-family has-content-heading-font-size\" style=\"margin-top:var(--wp--preset--spacing--40);margin-bottom:var(--wp--preset--spacing--30);font-style:normal;font-weight:600\">Identity-as-a-Service (IDaaS)<\/h4>\n\n\n\n<p class=\"has-poppins-font-family has-medium-font-size\" style=\"margin-top:0;margin-bottom:0\">Eine Identity-as-a-Service-Plattform ist der Service Ihrer Wahl, um die Identit\u00e4ten Ihrer Mitarbeiter zu sichern und ihnen gleichzeitig Flexibilit\u00e4t zu bieten. Wie w\u00e4re es, sich mit einem Klick oder einem Passwort mit Single Sign-On (SSO) bei Ihren Diensten anzumelden, um es so einfach wie m\u00f6glich zu machen?<\/p>\n\n\n\n<p><\/p>\n\n\n\n<div class=\"wp-block-buttons is-layout-flex wp-block-buttons-is-layout-flex\">\n<div class=\"wp-block-button year-btn\"><a class=\"wp-block-button__link has-background-color has-pale-cyan-blue-background-color has-text-color has-background wp-element-button\" href=\"http:\/\/techonauts.com\/de\/services\/idaas\/\" style=\"border-radius:15px;padding-top:var(--wp--preset--spacing--20);padding-right:var(--wp--preset--spacing--30);padding-bottom:var(--wp--preset--spacing--20);padding-left:var(--wp--preset--spacing--30)\">Mehr<\/a><\/div>\n<\/div>\n\n\n\n<figure class=\"wp-block-image size-full\"><img loading=\"lazy\" decoding=\"async\" width=\"1024\" height=\"576\" src=\"http:\/\/techonauts.com\/wp-content\/uploads\/2023\/09\/cloud3-1.jpeg\" alt=\"\" class=\"wp-image-139\" srcset=\"https:\/\/techonauts.com\/wp-content\/uploads\/2023\/09\/cloud3-1.jpeg 1024w, https:\/\/techonauts.com\/wp-content\/uploads\/2023\/09\/cloud3-1-300x169.jpeg 300w, https:\/\/techonauts.com\/wp-content\/uploads\/2023\/09\/cloud3-1-768x432.jpeg 768w\" sizes=\"auto, (max-width: 1024px) 100vw, 1024px\" \/><\/figure>\n<\/div>\n<\/div>\n\n\n\n<div class=\"wp-block-group alignwide is-layout-constrained wp-container-core-group-is-layout-2 wp-block-group-is-layout-constrained\">\n<div class=\"wp-block-columns are-vertically-aligned-center is-layout-flex wp-container-core-columns-is-layout-4 wp-block-columns-is-layout-flex\">\n<div class=\"wp-block-column is-vertically-aligned-center work-main is-layout-flow wp-block-column-is-layout-flow\" style=\"padding-top:var(--wp--preset--spacing--60);padding-right:var(--wp--preset--spacing--60);padding-bottom:var(--wp--preset--spacing--60);padding-left:var(--wp--preset--spacing--60)\">\n<h4 class=\"wp-block-heading has-pale-cyan-blue-color has-text-color has-poppins-font-family has-content-heading-font-size\" style=\"margin-top:var(--wp--preset--spacing--40);margin-bottom:var(--wp--preset--spacing--30);font-style:normal;font-weight:600\">Infrastruktur Automatisierung und Management<\/h4>\n\n\n\n<div class=\"wp-block-media-text is-stacked-on-mobile\" style=\"grid-template-columns:42% auto\"><figure class=\"wp-block-media-text__media\"><img loading=\"lazy\" decoding=\"async\" width=\"1000\" height=\"667\" src=\"http:\/\/techonauts.com\/wp-content\/uploads\/2023\/09\/IaC.png\" alt=\"\" class=\"wp-image-174 size-full\" srcset=\"https:\/\/techonauts.com\/wp-content\/uploads\/2023\/09\/IaC.png 1000w, https:\/\/techonauts.com\/wp-content\/uploads\/2023\/09\/IaC-300x200.png 300w, https:\/\/techonauts.com\/wp-content\/uploads\/2023\/09\/IaC-768x512.png 768w\" sizes=\"auto, (max-width: 1000px) 100vw, 1000px\" \/><\/figure><div class=\"wp-block-media-text__content\">\n<p class=\"has-poppins-font-family has-medium-font-size\">Infrastrukturdienste sind noch immer der wesentliche Teil der IT. Sie k\u00f6nnen sich jedoch schnell \u00e4ndern und wachsen. Ziel ist die Automatisierung des gesamten Bereitstellungs- und Verwaltungsprozesses, um eine Versionierung, hohe Flexibilit\u00e4t und eine m\u00f6glichst schnelle Markteinf\u00fchrung zu erreichen.<\/p>\n<\/div><\/div>\n\n\n\n<div class=\"wp-block-buttons is-layout-flex wp-block-buttons-is-layout-flex\">\n<div class=\"wp-block-button year-btn\"><a class=\"wp-block-button__link has-background-color has-pale-cyan-blue-background-color has-text-color has-background wp-element-button\" href=\"http:\/\/techonauts.com\/de\/services\/infrastructure-automation-and-management\/\" style=\"border-radius:15px;padding-top:var(--wp--preset--spacing--20);padding-right:var(--wp--preset--spacing--30);padding-bottom:var(--wp--preset--spacing--20);padding-left:var(--wp--preset--spacing--30)\">Mehr<\/a><\/div>\n<\/div>\n<\/div>\n<\/div>\n<\/div>\n\n\n\n<div class=\"wp-block-columns are-vertically-aligned-center is-layout-flex wp-container-core-columns-is-layout-5 wp-block-columns-is-layout-flex\">\n<div class=\"wp-block-column is-vertically-aligned-center work-main is-layout-flow wp-block-column-is-layout-flow\" style=\"padding-top:var(--wp--preset--spacing--60);padding-right:var(--wp--preset--spacing--60);padding-bottom:var(--wp--preset--spacing--60);padding-left:var(--wp--preset--spacing--60)\">\n<h4 class=\"wp-block-heading has-pale-cyan-blue-color has-text-color has-poppins-font-family has-content-heading-font-size\" style=\"margin-top:var(--wp--preset--spacing--40);margin-bottom:var(--wp--preset--spacing--30);font-style:normal;font-weight:600\">Technologie Training<\/h4>\n\n\n\n<div class=\"wp-block-media-text is-stacked-on-mobile is-image-fill-element\"><figure class=\"wp-block-media-text__media\"><img loading=\"lazy\" decoding=\"async\" width=\"498\" height=\"1024\" src=\"http:\/\/techonauts.com\/wp-content\/uploads\/2023\/09\/Me_workshop.jpeg\" alt=\"\" class=\"wp-image-185 size-full\" style=\"object-position:63% 56%\" srcset=\"https:\/\/techonauts.com\/wp-content\/uploads\/2023\/09\/Me_workshop.jpeg 498w, https:\/\/techonauts.com\/wp-content\/uploads\/2023\/09\/Me_workshop-146x300.jpeg 146w\" sizes=\"auto, (max-width: 498px) 100vw, 498px\" \/><\/figure><div class=\"wp-block-media-text__content\">\n<p class=\"has-poppins-font-family has-medium-font-size\">Ein wesentlicher Bestandteil eines IT-Jobs besteht darin, gut ausgebildet und auf dem neuesten Stand der Technologien zu sein, f\u00fcr die Sie verantwortlich sind, aber auch einen \u00dcberblick \u00fcber das Geschehen auf dem Markt zu haben.<\/p>\n\n\n\n<p class=\"has-poppins-font-family has-medium-font-size\">Ob Training am Arbeitsplatz, spezielle Workshops f\u00fcr eine bestimmte L\u00f6sung oder Best-Practice-Schulungen \u2013 wir sind da, um Ihnen und Ihrem Team zu helfen.<\/p>\n<\/div><\/div>\n\n\n\n<div class=\"wp-block-buttons is-layout-flex wp-block-buttons-is-layout-flex\">\n<div class=\"wp-block-button year-btn\"><a class=\"wp-block-button__link has-background-color has-pale-cyan-blue-background-color has-text-color has-background wp-element-button\" href=\"http:\/\/techonauts.com\/de\/services\/technology-coaching\/\" style=\"border-radius:15px;padding-top:var(--wp--preset--spacing--20);padding-right:var(--wp--preset--spacing--30);padding-bottom:var(--wp--preset--spacing--20);padding-left:var(--wp--preset--spacing--30)\">Mehr<\/a><\/div>\n<\/div>\n<\/div>\n<\/div>\n\n\n\n<div class=\"wp-block-columns are-vertically-aligned-center is-layout-flex wp-container-core-columns-is-layout-6 wp-block-columns-is-layout-flex\">\n<div class=\"wp-block-column is-vertically-aligned-center work-main is-layout-flow wp-block-column-is-layout-flow\" style=\"padding-top:var(--wp--preset--spacing--60);padding-right:var(--wp--preset--spacing--60);padding-bottom:var(--wp--preset--spacing--60);padding-left:var(--wp--preset--spacing--60)\">\n<h4 class=\"wp-block-heading has-pale-cyan-blue-color has-text-color has-poppins-font-family has-content-heading-font-size\" style=\"margin-top:var(--wp--preset--spacing--40);margin-bottom:var(--wp--preset--spacing--30);font-style:normal;font-weight:600\">Soft-Skill Training<\/h4>\n\n\n\n<div class=\"wp-block-media-text is-stacked-on-mobile is-image-fill-element\"><figure class=\"wp-block-media-text__media\"><img loading=\"lazy\" decoding=\"async\" width=\"498\" height=\"1024\" src=\"http:\/\/techonauts.com\/wp-content\/uploads\/2023\/09\/Me_workshop.jpeg\" alt=\"\" class=\"wp-image-185 size-full\" style=\"object-position:63% 56%\" srcset=\"https:\/\/techonauts.com\/wp-content\/uploads\/2023\/09\/Me_workshop.jpeg 498w, https:\/\/techonauts.com\/wp-content\/uploads\/2023\/09\/Me_workshop-146x300.jpeg 146w\" sizes=\"auto, (max-width: 498px) 100vw, 498px\" \/><\/figure><div class=\"wp-block-media-text__content\">\n<p class=\"has-poppins-font-family has-medium-font-size\">Soft-Skills werden oft untersch\u00e4tzt, gewinnen jedoch immer mehr an Bedeutung. <\/p>\n\n\n\n<p class=\"has-poppins-font-family has-medium-font-size\">Sie stehen als Moderator oder Redner auf der B\u00fchne und m\u00f6chten mehr Pr\u00e4sentationstechniken erlernen?<\/p>\n\n\n\n<p class=\"has-poppins-font-family has-medium-font-size\">Sie sind im Vertrieb t\u00e4tig und m\u00f6chten Ihre Grenzen erweitern und Ihre Erfolgsquote steigern?<\/p>\n\n\n\n<p class=\"has-poppins-font-family has-medium-font-size\">Wir bringen Ihnen ein gro\u00dfartigen Werkzeugkasten  bei.<\/p>\n<\/div><\/div>\n\n\n\n<div class=\"wp-block-buttons is-layout-flex wp-block-buttons-is-layout-flex\">\n<div class=\"wp-block-button year-btn\"><a class=\"wp-block-button__link has-background-color has-pale-cyan-blue-background-color has-text-color has-background wp-element-button\" href=\"http:\/\/techonauts.com\/de\/services\/soft-skill-coaching\/\" style=\"border-radius:15px;padding-top:var(--wp--preset--spacing--20);padding-right:var(--wp--preset--spacing--30);padding-bottom:var(--wp--preset--spacing--20);padding-left:var(--wp--preset--spacing--30)\">Mehr<\/a><\/div>\n<\/div>\n<\/div>\n<\/div>\n\n\n\n<div style=\"height:70px;width:0px\" aria-hidden=\"true\" class=\"wp-block-spacer\"><\/div>\n<\/div>","protected":false},"excerpt":{"rendered":"<p>Services In the pulldown menu of our services you will find all the Services we can offer and have a lot of experience with. We will find the best solution for your business needs. Contact us and let&#8217;s talk about how we can help you to realize your solution. There is near no impossible, it [&hellip;]<\/p>\n","protected":false},"author":2,"featured_media":0,"parent":0,"menu_order":0,"comment_status":"closed","ping_status":"closed","template":"","meta":{"footnotes":""},"class_list":["post-116","page","type-page","status-publish","hentry"],"aioseo_notices":[],"_links":{"self":[{"href":"http:\/\/techonauts.com\/de\/wp-json\/wp\/v2\/pages\/116","targetHints":{"allow":["GET"]}}],"collection":[{"href":"http:\/\/techonauts.com\/de\/wp-json\/wp\/v2\/pages"}],"about":[{"href":"http:\/\/techonauts.com\/de\/wp-json\/wp\/v2\/types\/page"}],"author":[{"embeddable":true,"href":"http:\/\/techonauts.com\/de\/wp-json\/wp\/v2\/users\/2"}],"replies":[{"embeddable":true,"href":"http:\/\/techonauts.com\/de\/wp-json\/wp\/v2\/comments?post=116"}],"version-history":[{"count":34,"href":"http:\/\/techonauts.com\/de\/wp-json\/wp\/v2\/pages\/116\/revisions"}],"predecessor-version":[{"id":1031,"href":"http:\/\/techonauts.com\/de\/wp-json\/wp\/v2\/pages\/116\/revisions\/1031"}],"wp:attachment":[{"href":"http:\/\/techonauts.com\/de\/wp-json\/wp\/v2\/media?parent=116"}],"curies":[{"name":"wp","href":"https:\/\/api.w.org\/{rel}","templated":true}]}}