{"id":130,"date":"2023-09-21T12:49:09","date_gmt":"2023-09-21T12:49:09","guid":{"rendered":"http:\/\/techonauts.com\/?page_id=130"},"modified":"2025-05-02T20:37:51","modified_gmt":"2025-05-02T20:37:51","slug":"references","status":"publish","type":"page","link":"http:\/\/techonauts.com\/de\/references\/","title":{"rendered":"Referenzen"},"content":{"rendered":"<h2 class=\"wp-block-heading\">Referenzen<\/h2>\n\n\n\n<div class=\"wp-block-group alignfull is-layout-constrained wp-container-core-group-is-layout-1 wp-block-group-is-layout-constrained\">\n<div style=\"height:70px\" aria-hidden=\"true\" class=\"wp-block-spacer\"><\/div>\n\n\n\n<div class=\"wp-block-columns are-vertically-aligned-center is-layout-flex wp-container-core-columns-is-layout-1 wp-block-columns-is-layout-flex\">\n<div class=\"wp-block-column is-vertically-aligned-center is-layout-flow wp-block-column-is-layout-flow\" style=\"padding-top:0;padding-right:0;padding-bottom:0;padding-left:0\">\n<h2 class=\"wp-block-heading has-text-color has-poppins-font-family\" style=\"color:#181719;font-size:50px;font-style:normal;font-weight:700\">Referenzen<\/h2>\n\n\n\n<p class=\"has-poppins-font-family has-medium-font-size\">Hier sind ein paar unserer Referenzen, bei denen wir Kunden dabei unterst\u00fctzt haben, ihre Vision Wirklichkeit werden zu lassen.<\/p>\n<\/div>\n\n\n\n<div class=\"wp-block-column is-vertically-aligned-center work-main is-layout-flow wp-block-column-is-layout-flow\" style=\"padding-top:var(--wp--preset--spacing--60);padding-right:var(--wp--preset--spacing--60);padding-bottom:var(--wp--preset--spacing--60);padding-left:var(--wp--preset--spacing--60)\">\n<div class=\"wp-block-buttons is-layout-flex wp-block-buttons-is-layout-flex\">\n<div class=\"wp-block-button year-btn\"><a class=\"wp-block-button__link has-background-color has-secondary-bg-color-background-color has-text-color has-background wp-element-button\" style=\"border-radius:15px;padding-top:var(--wp--preset--spacing--20);padding-right:var(--wp--preset--spacing--30);padding-bottom:var(--wp--preset--spacing--20);padding-left:var(--wp--preset--spacing--30)\">Gro\u00dfer Sportartikel Hersteller<\/a><\/div>\n<\/div>\n\n\n\n<h3 class=\"wp-block-heading has-poppins-font-family has-content-heading-font-size\" style=\"font-style:normal;font-weight:600\">Digitaler Arbeitsplatz + Microsoft Office 365<\/h3>\n\n\n\n<p class=\"has-poppins-font-family has-medium-font-size\" style=\"margin-top:0;margin-bottom:0\">Ziel war der zuk\u00fcnftige digitale Arbeitsplatz. Gro\u00dfartige Implementierung von VMware Workspace ONE zur Verwaltung mobiler und Laptop-Ger\u00e4te einschlie\u00dflich Identit\u00e4ts- und Zugriffsverwaltung. Ein Teil davon war die Sicherung der globalen Nutzung von Microsoft Office 365.<\/p>\n<\/div>\n\n\n\n<div class=\"wp-block-column is-vertically-aligned-center work-main is-layout-flow wp-block-column-is-layout-flow\" style=\"padding-top:var(--wp--preset--spacing--60);padding-right:var(--wp--preset--spacing--60);padding-bottom:var(--wp--preset--spacing--60);padding-left:var(--wp--preset--spacing--60)\">\n<div class=\"wp-block-buttons is-layout-flex wp-block-buttons-is-layout-flex\">\n<div class=\"wp-block-button year-btn\"><a class=\"wp-block-button__link has-background-color has-secondary-bg-color-background-color has-text-color has-background wp-element-button\" style=\"border-radius:15px;padding-top:var(--wp--preset--spacing--20);padding-right:var(--wp--preset--spacing--30);padding-bottom:var(--wp--preset--spacing--20);padding-left:var(--wp--preset--spacing--30)\">Gro\u00dfe Retail Kette<\/a><\/div>\n<\/div>\n\n\n\n<h3 class=\"wp-block-heading has-poppins-font-family has-content-heading-font-size\" style=\"font-style:normal;font-weight:600\">Identit\u00e4tsmanagement<\/h3>\n\n\n\n<p class=\"has-poppins-font-family has-medium-font-size\" style=\"margin-top:0;margin-bottom:0\">Discovery-Workshop zur Definition aller Anforderungen f\u00fcr die neue Identity-Management-L\u00f6sung. Nach der Implementierung und dem Testen aller Einstellungen wurde ein anschlie\u00dfender Best-Practice-Workshop durchgef\u00fchrt, um das Kundenteam aus IT- und Betriebssicht zu schulen.<\/p>\n\n\n\n<p class=\"has-medium-font-size\">Dar\u00fcber hinaus haben wir das Enterprise Mobility Management konfiguriert, um die Mobilger\u00e4te, Apps und Single-Sign-On (SSO) der gesamten Belegschaft zu verwalten.<\/p>\n<\/div>\n<\/div>\n\n\n\n<div class=\"wp-block-columns are-vertically-aligned-center is-layout-flex wp-container-core-columns-is-layout-2 wp-block-columns-is-layout-flex\">\n<div class=\"wp-block-column is-vertically-aligned-center work-main is-layout-flow wp-block-column-is-layout-flow\" style=\"padding-top:var(--wp--preset--spacing--60);padding-right:var(--wp--preset--spacing--60);padding-bottom:var(--wp--preset--spacing--60);padding-left:var(--wp--preset--spacing--60)\">\n<div class=\"wp-block-buttons is-layout-flex wp-block-buttons-is-layout-flex\">\n<div class=\"wp-block-button year-btn\"><a class=\"wp-block-button__link has-background-color has-secondary-bg-color-background-color has-text-color has-background wp-element-button\" style=\"border-radius:15px;padding-top:var(--wp--preset--spacing--20);padding-right:var(--wp--preset--spacing--30);padding-bottom:var(--wp--preset--spacing--20);padding-left:var(--wp--preset--spacing--30)\">Automobile<\/a><\/div>\n<\/div>\n\n\n\n<h3 class=\"wp-block-heading has-poppins-font-family has-content-heading-font-size\" style=\"font-style:normal;font-weight:600\">VMware Cloud Desktop Multi-Site<\/h3>\n\n\n\n<p class=\"has-poppins-font-family has-medium-font-size\" style=\"margin-top:0;margin-bottom:0\">Best Practice Workshop, Fehlerbehebung und Optimierung der VMware Multi-Site Cloud Desktop Environment inkl. Anwendungs- und Profilverwaltung. Architektur\u00fcberpr\u00fcfung und Beratung zur zuk\u00fcnftigen Strategie.<\/p>\n<\/div>\n\n\n\n<div class=\"wp-block-column is-vertically-aligned-center work-main is-layout-flow wp-block-column-is-layout-flow\" style=\"padding-top:var(--wp--preset--spacing--60);padding-right:var(--wp--preset--spacing--60);padding-bottom:var(--wp--preset--spacing--60);padding-left:var(--wp--preset--spacing--60)\">\n<div class=\"wp-block-buttons is-layout-flex wp-block-buttons-is-layout-flex\">\n<div class=\"wp-block-button year-btn\"><a class=\"wp-block-button__link has-background-color has-secondary-bg-color-background-color has-text-color has-background wp-element-button\" style=\"border-radius:15px;padding-top:var(--wp--preset--spacing--20);padding-right:var(--wp--preset--spacing--30);padding-bottom:var(--wp--preset--spacing--20);padding-left:var(--wp--preset--spacing--30)\">Lieferservice<\/a><\/div>\n<\/div>\n\n\n\n<h3 class=\"wp-block-heading has-poppins-font-family has-content-heading-font-size\" style=\"font-style:normal;font-weight:600\">Digitaler Arbeitsplatz<\/h3>\n\n\n\n<p class=\"has-poppins-font-family has-medium-font-size\" style=\"margin-top:0;margin-bottom:0\">Wir haben einen optimierten digitalen Arbeitsplatz inklusive Identit\u00e4tsmanagement von zwei L\u00f6sungen (VMware und Okta) geschaffen. Implementierung des Anwendungskatalogs und Anpassung des Single-Sign-On (SSO) f\u00fcr eine optimale globale Nutzung. Erstellung der gesamten Identit\u00e4ts-Strategie, Regeln und benutzerdefinierten Design.<\/p>\n<\/div>\n\n\n\n<div class=\"wp-block-column is-vertically-aligned-center work-main is-layout-flow wp-block-column-is-layout-flow\" style=\"padding-top:var(--wp--preset--spacing--60);padding-right:var(--wp--preset--spacing--60);padding-bottom:var(--wp--preset--spacing--60);padding-left:var(--wp--preset--spacing--60)\">\n<div class=\"wp-block-buttons is-layout-flex wp-block-buttons-is-layout-flex\">\n<div class=\"wp-block-button year-btn\"><a class=\"wp-block-button__link has-background-color has-secondary-bg-color-background-color has-text-color has-background wp-element-button\" style=\"border-radius:15px;padding-top:var(--wp--preset--spacing--20);padding-right:var(--wp--preset--spacing--30);padding-bottom:var(--wp--preset--spacing--20);padding-left:var(--wp--preset--spacing--30)\">Kleidung<\/a><\/div>\n<\/div>\n\n\n\n<h3 class=\"wp-block-heading has-poppins-font-family has-content-heading-font-size\" style=\"font-style:normal;font-weight:600\">Virtuelle Desktop Infrastruktur<\/h3>\n\n\n\n<p class=\"has-poppins-font-family has-medium-font-size\" style=\"margin-top:0;margin-bottom:0\">Implementierung einer riesigen Virtual Desktop Infrastructure (VDI)-Plattform inklusive Anwendungs- und Profilverwaltung. Anpassen der Anmeldung und Anwendungsbereitstellung inklusive Microsoft Active Directory. Feinabstimmung der Infrastruktur, um das Beste aus ihr herauszuholen.<\/p>\n<\/div>\n<\/div>\n\n\n\n<div style=\"height:22px\" aria-hidden=\"true\" class=\"wp-block-spacer\"><\/div>\n<\/div>\n\n\n\n<div class=\"wp-block-group alignfull is-layout-constrained wp-container-core-group-is-layout-2 wp-block-group-is-layout-constrained\">\n<div style=\"height:70px\" aria-hidden=\"true\" class=\"wp-block-spacer\"><\/div>\n\n\n\n<div class=\"wp-block-columns are-vertically-aligned-center is-layout-flex wp-container-core-columns-is-layout-3 wp-block-columns-is-layout-flex\">\n<div class=\"wp-block-column is-vertically-aligned-center work-main is-layout-flow wp-block-column-is-layout-flow\" style=\"padding-top:var(--wp--preset--spacing--60);padding-right:var(--wp--preset--spacing--60);padding-bottom:var(--wp--preset--spacing--60);padding-left:var(--wp--preset--spacing--60)\">\n<div class=\"wp-block-buttons is-layout-flex wp-block-buttons-is-layout-flex\">\n<div class=\"wp-block-button year-btn\"><a class=\"wp-block-button__link has-background-color has-secondary-bg-color-background-color has-text-color has-background wp-element-button\" style=\"border-radius:15px;padding-top:var(--wp--preset--spacing--20);padding-right:var(--wp--preset--spacing--30);padding-bottom:var(--wp--preset--spacing--20);padding-left:var(--wp--preset--spacing--30)\">Energieversorgung<\/a><\/div>\n<\/div>\n\n\n\n<h3 class=\"wp-block-heading has-poppins-font-family has-content-heading-font-size\" style=\"font-style:normal;font-weight:600\">Sicherheitsanalyse und Best Practices<\/h3>\n\n\n\n<p class=\"has-poppins-font-family has-medium-font-size\" style=\"margin-top:0;margin-bottom:0\">Analyse der Microsoft Cloud Infrastruktur des Kunden auf Sicherheitsprobleme und Beratung bez\u00fcglich Best Practices f\u00fcr Cloud Sicherheit und Identit\u00e4tsmanagement. Potenzielle Angriffsvektoren und -ketten erkl\u00e4rt als auch wie diese geschlossen werden.<\/p>\n<\/div>\n\n\n\n<div class=\"wp-block-column is-vertically-aligned-center work-main is-layout-flow wp-block-column-is-layout-flow\" style=\"padding-top:var(--wp--preset--spacing--60);padding-right:var(--wp--preset--spacing--60);padding-bottom:var(--wp--preset--spacing--60);padding-left:var(--wp--preset--spacing--60)\">\n<div class=\"wp-block-buttons is-layout-flex wp-block-buttons-is-layout-flex\">\n<div class=\"wp-block-button year-btn\"><a class=\"wp-block-button__link has-background-color has-secondary-bg-color-background-color has-text-color has-background wp-element-button\" style=\"border-radius:15px;padding-top:var(--wp--preset--spacing--20);padding-right:var(--wp--preset--spacing--30);padding-bottom:var(--wp--preset--spacing--20);padding-left:var(--wp--preset--spacing--30)\">DevOps Consulting<\/a><\/div>\n<\/div>\n\n\n\n<h3 class=\"wp-block-heading has-poppins-font-family has-content-heading-font-size\" style=\"font-style:normal;font-weight:600\">Workshop Code Sicherheit<\/h3>\n\n\n\n<p class=\"has-poppins-font-family has-medium-font-size\" style=\"margin-top:0;margin-bottom:0\">Workshop f\u00fcr ein DevOps-Beratungsunternehmen zu Code-Sicherheit und Code bis Cloud Sicherheit abgehalten, um ihnen die M\u00f6glichkeiten, potenziellen Angriffsmethoden und deren Absicherung zu vermitteln. Die Schritte vom Code auf GitHub, CI\/CD-Pipelines bis zur Bereitstellung in der Cloud erkl\u00e4rt.<\/p>\n<\/div>\n<\/div>\n\n\n\n<div class=\"wp-block-columns are-vertically-aligned-center is-layout-flex wp-container-core-columns-is-layout-4 wp-block-columns-is-layout-flex\">\n<div class=\"wp-block-column is-vertically-aligned-center work-main is-layout-flow wp-block-column-is-layout-flow\" style=\"padding-top:var(--wp--preset--spacing--60);padding-right:var(--wp--preset--spacing--60);padding-bottom:var(--wp--preset--spacing--60);padding-left:var(--wp--preset--spacing--60)\">\n<div class=\"wp-block-buttons is-layout-flex wp-block-buttons-is-layout-flex\">\n<div class=\"wp-block-button year-btn\"><a class=\"wp-block-button__link has-background-color has-secondary-bg-color-background-color has-text-color has-background wp-element-button\" style=\"border-radius:15px;padding-top:var(--wp--preset--spacing--20);padding-right:var(--wp--preset--spacing--30);padding-bottom:var(--wp--preset--spacing--20);padding-left:var(--wp--preset--spacing--30)\">Technologie Presse Heise<\/a><\/div>\n<\/div>\n\n\n\n<h3 class=\"wp-block-heading has-poppins-font-family has-content-heading-font-size\" style=\"font-style:normal;font-weight:600\">Sicherheit vom Code bis zur Cloud<\/h3>\n\n\n\n<p class=\"has-poppins-font-family has-medium-font-size\" style=\"margin-top:0;margin-bottom:0\">Sprecher und Moderator bei einem Technologie-Presse-Webcast mit verschiedenen Kunden als Experte. Demo eines Sicherheitsprodukts zur Erl\u00e4uterung der Funktionen und Sicherheitsherausforderungen, derer sich die Leute bewusst sein m\u00fcssen.<\/p>\n<\/div>\n\n\n\n<div class=\"wp-block-column is-vertically-aligned-center work-main is-layout-flow wp-block-column-is-layout-flow\" style=\"padding-top:var(--wp--preset--spacing--60);padding-right:var(--wp--preset--spacing--60);padding-bottom:var(--wp--preset--spacing--60);padding-left:var(--wp--preset--spacing--60)\">\n<div class=\"wp-block-buttons is-layout-flex wp-block-buttons-is-layout-flex\">\n<div class=\"wp-block-button year-btn\"><a class=\"wp-block-button__link has-background-color has-secondary-bg-color-background-color has-text-color has-background wp-element-button\" style=\"border-radius:15px;padding-top:var(--wp--preset--spacing--20);padding-right:var(--wp--preset--spacing--30);padding-bottom:var(--wp--preset--spacing--20);padding-left:var(--wp--preset--spacing--30)\">Gro\u00dfe Consulting Firma<\/a><\/div>\n<\/div>\n\n\n\n<h3 class=\"wp-block-heading has-poppins-font-family has-content-heading-font-size\" style=\"font-style:normal;font-weight:600\">Sicherheit vom Code bis zur Cloud<\/h3>\n\n\n\n<p class=\"has-poppins-font-family has-medium-font-size\" style=\"margin-top:0;margin-bottom:0\">Worked as an Expert with a big Consulting Company for a Marketing and Partner Campaign for GTM and to generate a Cloud Security eBook.<\/p>\n<\/div>\n<\/div>\n\n\n\n<div style=\"height:70px\" aria-hidden=\"true\" class=\"wp-block-spacer\"><\/div>\n<\/div>\n\n\n\n<p><\/p>","protected":false},"excerpt":{"rendered":"<p>References References Here are some of our references where we are supported customers to make their vision a reality. Digital Workspace + Microsoft Office 365 The future Digital Workspace was the aim to be realised. Great implementation of VMware Workspace ONE for managing the Mobile and Laptop Devices including Identity and Access Management. One part [&hellip;]<\/p>\n","protected":false},"author":2,"featured_media":0,"parent":0,"menu_order":0,"comment_status":"closed","ping_status":"closed","template":"","meta":{"footnotes":""},"class_list":["post-130","page","type-page","status-publish","hentry"],"aioseo_notices":[],"_links":{"self":[{"href":"http:\/\/techonauts.com\/de\/wp-json\/wp\/v2\/pages\/130","targetHints":{"allow":["GET"]}}],"collection":[{"href":"http:\/\/techonauts.com\/de\/wp-json\/wp\/v2\/pages"}],"about":[{"href":"http:\/\/techonauts.com\/de\/wp-json\/wp\/v2\/types\/page"}],"author":[{"embeddable":true,"href":"http:\/\/techonauts.com\/de\/wp-json\/wp\/v2\/users\/2"}],"replies":[{"embeddable":true,"href":"http:\/\/techonauts.com\/de\/wp-json\/wp\/v2\/comments?post=130"}],"version-history":[{"count":19,"href":"http:\/\/techonauts.com\/de\/wp-json\/wp\/v2\/pages\/130\/revisions"}],"predecessor-version":[{"id":831,"href":"http:\/\/techonauts.com\/de\/wp-json\/wp\/v2\/pages\/130\/revisions\/831"}],"wp:attachment":[{"href":"http:\/\/techonauts.com\/de\/wp-json\/wp\/v2\/media?parent=130"}],"curies":[{"name":"wp","href":"https:\/\/api.w.org\/{rel}","templated":true}]}}