{"id":2,"date":"2023-03-02T14:38:09","date_gmt":"2023-03-02T14:38:09","guid":{"rendered":"http:\/\/techonauts.com\/?page_id=2"},"modified":"2025-05-02T20:31:55","modified_gmt":"2025-05-02T20:31:55","slug":"about-us","status":"publish","type":"page","link":"http:\/\/techonauts.com\/de\/about-us\/","title":{"rendered":"\u00dcber uns"},"content":{"rendered":"<h2 class=\"wp-block-heading\">\u00dcber uns<\/h2>\n\n\n\n<p>Mike - Unser Gr\u00fcnder und Technologe<\/p>\n\n\n\n<p class=\"has-foreground-background-color has-background\">Ich bin ein Technologe mit einer ausgepr\u00e4gten \u201eMach die Dinge fertig\u201c-Einstellung und verf\u00fcge \u00fcber rund 17 Jahre Erfahrung im IT-Bereich. Ich bringe viel Fachwissen mit, das ich in zahlreichen Projekten mit Kunden aus unterschiedlichen Branchen und Gr\u00f6\u00dfen entwickelt habe.<\/p>\n\n\n\n<p>Durch die Denkweise eines Unternehmers mit ausgepr\u00e4gter Umsetzungsbereitschaft und Entscheidungskompetenz k\u00f6nnen Sie den gr\u00f6\u00dftm\u00f6glichen Nutzen f\u00fcr Ihr Unternehmen erzielen.<\/p>\n\n\n\n<div style=\"height:40px\" aria-hidden=\"true\" class=\"wp-block-spacer\"><\/div>\n\n\n\n<h3 class=\"wp-block-heading has-foreground-background-color has-background\">Was sind die technischen Fachgebiete?<\/h3>\n\n\n\n<p>Ich arbeite seit vielen Jahren in den Bereichen Virtualisierung, Digital \/ Modern Workplace, Microsoft, Architektur und Infrastruktur. Damit verf\u00fcge ich \u00fcber viel Fachwissen hinsichtlich der Implementierung, Fehlerbehebung und Optimierung in diesen Bereichen (VMware vExpert 2x, Award-Gewinner f\u00fcr Kreativit\u00e4t und vom Feinsten).<\/p>\n\n\n\n<p>Dar\u00fcber hinaus verf\u00fcge ich \u00fcber einige Jahre Erfahrung mit Cloud-Technologien, Identit\u00e4ts- und Zugriffsverwaltung, aber auch mit Speicher, Datenbanken sowie Backup und Wiederherstellung.<\/p>\n\n\n\n<p>Ein weiteres Fachgebiet der letzten Jahre sind Cloud- und Cybersicherheit, DevOps, DevSecOps, Datensicherheit und CI\/CD-Pipelines.<\/p>\n\n\n\n<p><br>Es ist immer wichtig, ein gro\u00dfartiges und vom Kunden gew\u00fcnschtes Gesch\u00e4ftsergebnis zu erzielen. Daher ist es mir wichtig, meine Kunden umfassend hinsichtlich der besten L\u00f6sung f\u00fcr ihre Bed\u00fcrfnisse zu beraten. Mit dieser Herangehensweise stelle ich sicher, dass der Kunde das Beste aus dem Engagement herausholt, und die Erfahrung hat mir gezeigt, dass dies der richtige Weg ist, denn am Ende muss die bereitgestellte L\u00f6sung die Gesch\u00e4ftsanforderungen erf\u00fcllen.<\/p>\n\n\n\n<div style=\"height:40px\" aria-hidden=\"true\" class=\"wp-block-spacer\"><\/div>\n\n\n\n<h3 class=\"wp-block-heading has-foreground-background-color has-background\">Was sind die Soft Skills und Fachgebiete?<\/h3>\n\n\n\n<p>In meiner Karriere habe ich viele Workshops zu den Themen Technik, Vertrieb und Strategie durchgef\u00fchrt, aber auch Menschen angeleitet und unterrichtet. Ich habe viel Erfahrung als Moderator und Redner auf der B\u00fchne, in Workshops mit Kunden, Webcasts, Webinaren und bei Veranstaltungen.<br><\/p>\n\n\n\n<div style=\"height:40px\" aria-hidden=\"true\" class=\"wp-block-spacer\"><\/div>\n\n\n\n<hr class=\"wp-block-separator has-css-opacity is-style-default\"\/>\n\n\n\n<figure class=\"wp-block-image aligncenter size-full is-resized is-style-rounded\"><img loading=\"lazy\" decoding=\"async\" width=\"800\" height=\"800\" src=\"http:\/\/techonauts.com\/wp-content\/uploads\/2023\/09\/LinkedIn_Profilbild.jpeg\" alt=\"\" class=\"wp-image-20\" style=\"width:150px;height:150px\" srcset=\"https:\/\/techonauts.com\/wp-content\/uploads\/2023\/09\/LinkedIn_Profilbild.jpeg 800w, https:\/\/techonauts.com\/wp-content\/uploads\/2023\/09\/LinkedIn_Profilbild-300x300.jpeg 300w, https:\/\/techonauts.com\/wp-content\/uploads\/2023\/09\/LinkedIn_Profilbild-150x150.jpeg 150w, https:\/\/techonauts.com\/wp-content\/uploads\/2023\/09\/LinkedIn_Profilbild-768x768.jpeg 768w\" sizes=\"auto, (max-width: 800px) 100vw, 800px\" \/><\/figure>\n\n\n\n<blockquote class=\"wp-block-quote has-text-align-center is-style-large has-foreground-background-color has-background is-layout-flow wp-block-quote-is-layout-flow\">\n<p class=\"has-vivid-cyan-blue-color has-text-color\">Erschaffe gro\u00dfartige L\u00f6sungen und hole das Beste daraus heraus. <\/p>\n\n\n\n<p class=\"has-vivid-cyan-blue-color has-text-color\">Nichts ist unm\u00f6glich.<br><\/p>\n<\/blockquote>\n\n\n\n<hr class=\"wp-block-separator has-css-opacity is-style-default\"\/>\n\n\n\n<div style=\"height:40px\" aria-hidden=\"true\" class=\"wp-block-spacer\"><\/div>\n\n\n\n<h3 class=\"wp-block-heading has-foreground-background-color has-background\">Einige professionelle Trainings die ich absolviert habe<\/h3>\n\n\n\n<div class=\"wp-block-cover aligncenter\"><span aria-hidden=\"true\" class=\"wp-block-cover__background has-body-text-background-color has-background-dim-100 has-background-dim\"><\/span><div class=\"wp-block-cover__inner-container is-layout-constrained wp-block-cover-is-layout-constrained\">\n<h2 class=\"wp-block-heading has-text-align-center has-large-font-size\">F\u00fchrung<\/h2>\n\n\n\n<ul class=\"wp-block-list\">\n<li>Practice + SLII<\/li>\n\n\n\n<li>New Manager Foundations<\/li>\n\n\n\n<li>From Individual Contributor to Manager<\/li>\n\n\n\n<li>Team Management<\/li>\n\n\n\n<li>New hire onboarding, team building, onboarding, development, structure and processes building including optimisation<\/li>\n\n\n\n<li>Interviews<\/li>\n\n\n\n<li>Managing Teams\n<ul class=\"wp-block-list\">\n<li>Managers Chart the Course<\/li>\n\n\n\n<li>Managers Motivate Their Teams<\/li>\n\n\n\n<li>Managers Develop Each Person on Their Team<\/li>\n\n\n\n<li>Best Practices in Managing Teams<\/li>\n\n\n\n<li>Managing Different Types of Teams<\/li>\n<\/ul>\n<\/li>\n<\/ul>\n<\/div><\/div>\n\n\n\n<div class=\"wp-block-cover has-custom-content-position is-position-top-center\" style=\"min-height:397px;aspect-ratio:unset;\"><span aria-hidden=\"true\" class=\"wp-block-cover__background has-body-text-background-color has-background-dim-100 has-background-dim\"><\/span><div class=\"wp-block-cover__inner-container is-layout-constrained wp-block-cover-is-layout-constrained\">\n<h3 class=\"wp-block-heading has-text-align-center has-large-font-size\">Projekte, Kulturen, Vertrieb<\/h3>\n\n\n\n<ul class=\"wp-block-list\">\n<li>Time Management<\/li>\n\n\n\n<li>Project Management<\/li>\n\n\n\n<li>Culture awareness<\/li>\n\n\n\n<li>Interviews<\/li>\n\n\n\n<li>Negotiation<\/li>\n\n\n\n<li>Solution selling<\/li>\n\n\n\n<li>Process and methodology Sales<\/li>\n\n\n\n<li>Consultative Essentials for Enterprise SEs<\/li>\n<\/ul>\n<\/div><\/div>\n\n\n\n<div class=\"wp-block-cover\"><span aria-hidden=\"true\" class=\"wp-block-cover__background has-body-text-background-color has-background-dim-100 has-background-dim\"><\/span><div class=\"wp-block-cover__inner-container is-layout-constrained wp-block-cover-is-layout-constrained\">\n<h3 class=\"wp-block-heading has-text-align-center\">Kommunikation und Pr\u00e4sentation<\/h3>\n\n\n\n<ul class=\"wp-block-list\">\n<li>Pr\u00e4sentation<\/li>\n\n\n\n<li>Great Demo<\/li>\n\n\n\n<li>The Colin James Method (CJM)<\/li>\n\n\n\n<li>Kommunikation<\/li>\n\n\n\n<li>Business Storytelling<\/li>\n\n\n\n<li>Consultative Essentials for Enterprise SEs<\/li>\n<\/ul>\n<\/div><\/div>\n\n\n\n<p class=\"has-foreground-background-color has-background\"><\/p>\n\n\n\n<p class=\"has-foreground-background-color has-background\"><\/p>\n\n\n\n<figure class=\"wp-block-image aligncenter size-full is-resized\"><img loading=\"lazy\" decoding=\"async\" width=\"800\" height=\"371\" src=\"http:\/\/techonauts.com\/wp-content\/uploads\/2023\/09\/skills_knowledge.jpg\" alt=\"\" class=\"wp-image-50\" style=\"width:980px;height:454px\" srcset=\"https:\/\/techonauts.com\/wp-content\/uploads\/2023\/09\/skills_knowledge.jpg 800w, https:\/\/techonauts.com\/wp-content\/uploads\/2023\/09\/skills_knowledge-300x139.jpg 300w, https:\/\/techonauts.com\/wp-content\/uploads\/2023\/09\/skills_knowledge-768x356.jpg 768w\" sizes=\"auto, (max-width: 800px) 100vw, 800px\" \/><\/figure>\n\n\n\n<h2 class=\"wp-block-heading has-foreground-background-color has-background\">Fachwissen im Detail<\/h2>\n\n\n\n<h4 class=\"wp-block-heading\"><strong>technisch<\/strong><\/h4>\n\n\n\n<ul class=\"wp-block-list has-foreground-background-color has-background\">\n<li>Strategie Beratung<\/li>\n\n\n\n<li>K\u00fcnstliche Intelligenz (KI)<\/li>\n\n\n\n<li>Mobil Strategie \/ Enterprise Mobilit\u00e4t<\/li>\n\n\n\n<li>Zuk\u00fcnftiger Arbeitsplatz Strategie<\/li>\n\n\n\n<li>Digitale Transformation<\/li>\n\n\n\n<li>Wettbewerb Analyse und Beratung<\/li>\n\n\n\n<li>Enterprise Architektur, Infrastruktur und L\u00f6sungs-Design<\/li>\n\n\n\n<li>Infrastruktur Modernisierung \/ -migration<\/li>\n\n\n\n<li>Speicher Technologien inkl. Hyperkonvergenten (HCI), konvergenten Systemen und zugeh\u00f6riger Komponenten<\/li>\n\n\n\n<li>Identit\u00e4ts- und Zugriffsverwaltung<\/li>\n\n\n\n<li>Identity-as-a-Service (IDaaS) Plattformen<\/li>\n\n\n\n<li>Desktop, Applikation und Rechenzentrum Virtualisierung<\/li>\n\n\n\n<li>Desktop Virtualisierungsexperte (SME)<\/li>\n\n\n\n<li>Applikationsvirtualisierung und -verteilung<\/li>\n\n\n\n<li>Modernes Management und Enterprise Mobilit\u00e4t<\/li>\n\n\n\n<li>Digitaler \/ Moderner Arbeitsplatz<\/li>\n\n\n\n<li>Cloud Plattformen (AWS, Azure)<\/li>\n\n\n\n<li>Microsoft Technologien<\/li>\n<\/ul>\n\n\n\n<div style=\"height:14px\" aria-hidden=\"true\" class=\"wp-block-spacer\"><\/div>\n\n\n\n<ul class=\"wp-block-list has-foreground-background-color has-background\">\n<li>Cloud Sicherheit<\/li>\n\n\n\n<li>Cloud Security Posture Management (CSPM)<\/li>\n\n\n\n<li>Cloud Workload Protection (CWP \/ CWPP)<\/li>\n\n\n\n<li>Code Sicherheit (CCS)<\/li>\n\n\n\n<li>Compliance (Cloud \/ Workload)<\/li>\n\n\n\n<li>Applikationssicherheit und -lebenszyklus<\/li>\n\n\n\n<li>API Sicherheit<\/li>\n\n\n\n<li>Infrastruktur Automatisierung und Management<\/li>\n\n\n\n<li>Infrastructure-as-Code (IaC)<\/li>\n\n\n\n<li>Kubernetes \/ Docker<\/li>\n\n\n\n<li>Erfahrung mit Web Applikationen<\/li>\n\n\n\n<li>Industrie Trends<\/li>\n\n\n\n<li>KI Technologien<\/li>\n\n\n\n<li>Continuous Integration (CI) \/ Continuous Deployment (CD)<\/li>\n\n\n\n<li>Registry \/ Image Scanning<\/li>\n\n\n\n<li>DevOps \/ DevSecOps<\/li>\n\n\n\n<li>Container Technologie<\/li>\n\n\n\n<li>CNAPP \/ Cloud Native<\/li>\n<\/ul>\n\n\n\n<div style=\"height:40px\" aria-hidden=\"true\" class=\"wp-block-spacer\"><\/div>\n\n\n\n<h4 class=\"wp-block-heading\"><strong>nicht-technisch<\/strong><\/h4>\n\n\n\n<ul class=\"wp-block-list has-foreground-background-color has-background\">\n<li>Internationale Projekterfahrung<\/li>\n\n\n\n<li>Anleitung (Mentoring) \/ Training<\/li>\n\n\n\n<li>Vertriebsstrategie<\/li>\n\n\n\n<li>ITILv3 und TOGAF 9 Level 1 und 2<\/li>\n\n\n\n<li>ROI \/ TCO<\/li>\n\n\n\n<li>Relationship und Stakeholder Management<\/li>\n\n\n\n<li>Starker Entscheidungstr\u00e4ger<\/li>\n\n\n\n<li>Strategieberatung, das gro\u00dfe Ganze und Visionen<\/li>\n\n\n\n<li>L\u00f6sung komplexer Probleme<\/li>\n\n\n\n<li>Analytisch und Systematisch<\/li>\n\n\n\n<li>Ergebnis fokussierter Ansatz<\/li>\n\n\n\n<li>Potenzial Analyse und Strategie<\/li>\n\n\n\n<li>Sprecher auf \u00f6ffentlichen Veranstaltungen und der B\u00fchne, Blogger<\/li>\n\n\n\n<li>Experte in \u00f6ffentlichen Webinaren und Videos<\/li>\n\n\n\n<li>Experte f\u00fcr Marketing und Partner Kampagne f\u00fcr ein e-Book zur Markteinf\u00fchrung und Cloud Sicherheit<\/li>\n\n\n\n<li>Design thinking<\/li>\n<\/ul>\n\n\n\n<div class=\"wp-block-cover aligncenter\"><span aria-hidden=\"true\" class=\"wp-block-cover__background has-body-text-background-color has-background-dim-100 has-background-dim\"><\/span><div class=\"wp-block-cover__inner-container is-layout-constrained wp-block-cover-is-layout-constrained\">\n<p class=\"has-text-align-center has-large-font-size\">Certification<\/p>\n\n\n\n<ul class=\"wp-block-list\">\n<li>F\u00fchrung<\/li>\n\n\n\n<li>Cloud (Azure)<\/li>\n\n\n\n<li>Infrastructure Automation and Management (HashiCorp Terraform)<\/li>\n\n\n\n<li>Kommunikation<\/li>\n\n\n\n<li>Vertrieb und Verhandlung<\/li>\n\n\n\n<li>Project Management<\/li>\n\n\n\n<li>DevOps (Kubernetes for Beginners)<\/li>\n\n\n\n<li>Design Thinking<\/li>\n\n\n\n<li>ITILv3<\/li>\n<\/ul>\n<\/div><\/div>\n\n\n\n<div class=\"wp-block-cover alignleft\"><span aria-hidden=\"true\" class=\"wp-block-cover__background has-body-text-background-color has-background-dim-100 has-background-dim\"><\/span><div class=\"wp-block-cover__inner-container is-layout-constrained wp-block-cover-is-layout-constrained\">\n<h2 class=\"wp-block-heading has-text-align-left has-large-font-size\">Sprachen<\/h2>\n\n\n\n<ul class=\"wp-block-list has-foreground-background-color has-background\">\n<li>Business Englisch flie\u00dfend (professioneller US Trainer)<\/li>\n\n\n\n<li>Deutsch (Muttersprache)<\/li>\n<\/ul>\n<\/div><\/div>\n\n\n\n<div class=\"wp-block-cover alignright has-custom-content-position is-position-top-center\"><span aria-hidden=\"true\" class=\"wp-block-cover__background has-body-text-background-color has-background-dim-100 has-background-dim\"><\/span><div class=\"wp-block-cover__inner-container is-layout-constrained wp-block-cover-is-layout-constrained\">\n<h2 class=\"wp-block-heading has-large-font-size\">Branchen<\/h2>\n\n\n\n<ul class=\"wp-block-list has-foreground-background-color has-background\">\n<li>Einzelhandel<\/li>\n\n\n\n<li>Herstellung<\/li>\n\n\n\n<li>Engineering<\/li>\n\n\n\n<li>Industrie<\/li>\n\n\n\n<li>Automobile<\/li>\n\n\n\n<li>\u00d6ffentlicher Sektor<\/li>\n\n\n\n<li>Hoster<\/li>\n\n\n\n<li>Outsourcer<\/li>\n\n\n\n<li>Versicherung<\/li>\n\n\n\n<li>Finanzen und Banken<\/li>\n\n\n\n<li>Gesundheitswesen<\/li>\n<\/ul>\n<\/div><\/div>\n\n\n\n<figure class=\"wp-block-image aligncenter size-large is-resized\"><img loading=\"lazy\" decoding=\"async\" width=\"345\" height=\"1024\" src=\"http:\/\/techonauts.com\/wp-content\/uploads\/2023\/09\/Blauer_Pfeil-345x1024.png\" alt=\"\" class=\"wp-image-66\" style=\"width:146px;height:434px\" srcset=\"https:\/\/techonauts.com\/wp-content\/uploads\/2023\/09\/Blauer_Pfeil-345x1024.png 345w, https:\/\/techonauts.com\/wp-content\/uploads\/2023\/09\/Blauer_Pfeil-101x300.png 101w, https:\/\/techonauts.com\/wp-content\/uploads\/2023\/09\/Blauer_Pfeil.png 513w\" sizes=\"auto, (max-width: 345px) 100vw, 345px\" \/><\/figure>\n\n\n\n<h3 class=\"wp-block-heading\"><strong>Software mit der ich arbeite und gearbeitet habe<\/strong><\/h3>\n\n\n\n<p><\/p>\n\n\n\n<div class=\"wp-block-cover\"><span aria-hidden=\"true\" class=\"wp-block-cover__background has-body-text-background-color has-background-dim-100 has-background-dim\"><\/span><div class=\"wp-block-cover__inner-container is-layout-constrained wp-block-cover-is-layout-constrained\">\n<h4 class=\"wp-block-heading has-text-align-center has-large-font-size\">VMware<\/h4>\n\n\n\n<p>VMware vExpert (2x), Digitaler Arbeitsplatz, Workspace ONE, Desktop \/ VDI (Horizon SME), Mobilit\u00e4t, Identit\u00e4t \/ Zugriffsverwaltung, Cloud, vSphere, Applikationen (App Volumes, Thinapp), Profile (DEM \u2013 Dynamic Environment Manager), vSAN, VMware Cloud on AWS (VMConAWS), VMware Cloud on Azure<\/p>\n<\/div><\/div>\n\n\n\n<div class=\"wp-block-cover aligncenter\"><span aria-hidden=\"true\" class=\"wp-block-cover__background has-body-text-background-color has-background-dim-100 has-background-dim\"><\/span><div class=\"wp-block-cover__inner-container is-layout-constrained wp-block-cover-is-layout-constrained\">\n<h4 class=\"wp-block-heading has-text-align-center has-large-font-size\">Microsoft<\/h4>\n\n\n\n<p>Verschiedene Betriebssystem Versionen, Server und Desktop inkl. Clustering), Windows 10, deployment, provisioning, Automatisierte Verteilungs- und Verwaltungsmethodiken, Autopilot, Azure, Azure AD, Office \/ Microsoft 365, Graph API, Active Directory, DHCP, DNS, SQL, SharePoint<\/p>\n<\/div><\/div>\n\n\n\n<div class=\"wp-block-cover aligncenter\"><span aria-hidden=\"true\" class=\"wp-block-cover__background has-body-text-background-color has-background-dim-100 has-background-dim\"><\/span><div class=\"wp-block-cover__inner-container is-layout-constrained wp-block-cover-is-layout-constrained\">\n<h4 class=\"wp-block-heading has-text-align-center has-large-font-size\">Unified Endpoint Management and Modern Management<\/h4>\n\n\n\n<p>Windows 10, macOS, iOS, Android<\/p>\n<\/div><\/div>\n\n\n\n<div class=\"wp-block-cover aligncenter\"><span aria-hidden=\"true\" class=\"wp-block-cover__background has-body-text-background-color has-background-dim-100 has-background-dim\"><\/span><div class=\"wp-block-cover__inner-container is-layout-constrained wp-block-cover-is-layout-constrained\">\n<h4 class=\"wp-block-heading has-text-align-center has-large-font-size\">Identity-as-a-Service (IDaaS) Plattformen<\/h4>\n\n\n\n<p>Okta, Azure, Workspace ONE Access<\/p>\n<\/div><\/div>\n\n\n\n<div class=\"wp-block-cover aligncenter\"><span aria-hidden=\"true\" class=\"wp-block-cover__background has-body-text-background-color has-background-dim-100 has-background-dim\"><\/span><div class=\"wp-block-cover__inner-container is-layout-constrained wp-block-cover-is-layout-constrained\">\n<h2 class=\"wp-block-heading has-text-align-center has-large-font-size\">Betriebssysteme<\/h2>\n\n\n\n<p>Windows Server and Client<\/p>\n\n\n\n<p>Linux (RedHat, Ubuntu, CentOS, Suse)<\/p>\n\n\n\n<p>macOS<\/p>\n<\/div><\/div>\n\n\n\n<div class=\"wp-block-cover aligncenter\"><span aria-hidden=\"true\" class=\"wp-block-cover__background has-body-text-background-color has-background-dim-100 has-background-dim\"><\/span><div class=\"wp-block-cover__inner-container is-layout-constrained wp-block-cover-is-layout-constrained\">\n<h4 class=\"wp-block-heading has-text-align-center has-large-font-size\">Infrastruktur Automatisierung und Management<\/h4>\n\n\n\n<p>HashiCorp Terraform (Infrastructure-as-Code)<\/p>\n\n\n\n<p>YAML<\/p>\n<\/div><\/div>\n\n\n\n<div class=\"wp-block-cover aligncenter\" style=\"min-height:443px;aspect-ratio:unset;\"><span aria-hidden=\"true\" class=\"wp-block-cover__background has-body-text-background-color has-background-dim-100 has-background-dim\"><\/span><div class=\"wp-block-cover__inner-container is-layout-constrained wp-block-cover-is-layout-constrained\">\n<h4 class=\"wp-block-heading has-text-align-center has-large-font-size\">Cloud \/ SaaS \/ public Cloud<\/h4>\n\n\n\n<p>VMware Cloud on AWS (VMConAWS)<\/p>\n\n\n\n<p>Microsoft Azure<\/p>\n\n\n\n<p>Amazon Web Services (AWS)<\/p>\n<\/div><\/div>\n\n\n\n<div class=\"wp-block-cover aligncenter\"><span aria-hidden=\"true\" class=\"wp-block-cover__background has-body-text-background-color has-background-dim-100 has-background-dim\"><\/span><div class=\"wp-block-cover__inner-container is-layout-constrained wp-block-cover-is-layout-constrained\">\n<h4 class=\"wp-block-heading has-text-align-center has-large-font-size\">Datenbanken<\/h4>\n\n\n\n<p>Oracle 9i \/ 10g<\/p>\n\n\n\n<p>Microsoft SQL<\/p>\n<\/div><\/div>\n\n\n\n<div class=\"wp-block-cover\" style=\"min-height:430px;aspect-ratio:unset;\"><span aria-hidden=\"true\" class=\"wp-block-cover__background has-body-text-background-color has-background-dim-100 has-background-dim\"><\/span><div class=\"wp-block-cover__inner-container is-layout-constrained wp-block-cover-is-layout-constrained\">\n<h4 class=\"wp-block-heading has-text-align-center has-large-font-size\">Entwicklung und Technologie Automatisierung (DevOps)<\/h4>\n\n\n\n<p>GitHub, GitHub Actions<\/p>\n\n\n\n<p>Azure DevOps<\/p>\n\n\n\n<p>Amazon Elastic Container Registry (ECR)<\/p>\n\n\n\n<p>VsCode, JSON<\/p>\n<\/div><\/div>\n\n\n\n<div style=\"height:14px\" aria-hidden=\"true\" class=\"wp-block-spacer\"><\/div>\n\n\n\n<div class=\"wp-block-cover\" style=\"min-height:430px;aspect-ratio:unset;\"><span aria-hidden=\"true\" class=\"wp-block-cover__background has-body-text-background-color has-background-dim-100 has-background-dim\"><\/span><div class=\"wp-block-cover__inner-container is-layout-constrained wp-block-cover-is-layout-constrained\">\n<h4 class=\"wp-block-heading has-text-align-center has-large-font-size\">Verschiedenes<\/h4>\n\n\n\n<p>GitHub, Salesforce<\/p>\n\n\n\n<p>Service Now<\/p>\n\n\n\n<p>Atlassian<\/p>\n\n\n\n<p>Confluence<\/p>\n\n\n\n<p>Jira<\/p>\n\n\n\n<p>Asana<\/p>\n\n\n\n<p>Workday<\/p>\n\n\n\n<p>Miro<\/p>\n\n\n\n<p>LucidChart<\/p>\n\n\n\n<p>Notion<\/p>\n\n\n\n<p>Slack<\/p>\n\n\n\n<p>Microsoft Teams<\/p>\n\n\n\n<p>Google Workspace<\/p>\n\n\n\n<p>Prisma Cloud by Palo Alto Networks<\/p>\n\n\n\n<p>Checkov &#8211; Policy-as-code-engine<\/p>\n<\/div><\/div>\n\n\n\n<div style=\"height:22px\" aria-hidden=\"true\" class=\"wp-block-spacer\"><\/div>","protected":false},"excerpt":{"rendered":"<p>About us Mike &#8211; Our Founder and Technologist I&#8217;m a technologist with a strong get things done attitude with around 17 Years of experience in the IT space. I will bring a lot of expertise into the game which I&#8217;ve developed through many, many projects with customers in multiple verticals and sizes. An Entrepreneur mindset [&hellip;]<\/p>\n","protected":false},"author":2,"featured_media":0,"parent":0,"menu_order":0,"comment_status":"closed","ping_status":"closed","template":"","meta":{"footnotes":""},"class_list":["post-2","page","type-page","status-publish","hentry"],"aioseo_notices":[],"_links":{"self":[{"href":"http:\/\/techonauts.com\/de\/wp-json\/wp\/v2\/pages\/2","targetHints":{"allow":["GET"]}}],"collection":[{"href":"http:\/\/techonauts.com\/de\/wp-json\/wp\/v2\/pages"}],"about":[{"href":"http:\/\/techonauts.com\/de\/wp-json\/wp\/v2\/types\/page"}],"author":[{"embeddable":true,"href":"http:\/\/techonauts.com\/de\/wp-json\/wp\/v2\/users\/2"}],"replies":[{"embeddable":true,"href":"http:\/\/techonauts.com\/de\/wp-json\/wp\/v2\/comments?post=2"}],"version-history":[{"count":72,"href":"http:\/\/techonauts.com\/de\/wp-json\/wp\/v2\/pages\/2\/revisions"}],"predecessor-version":[{"id":1048,"href":"http:\/\/techonauts.com\/de\/wp-json\/wp\/v2\/pages\/2\/revisions\/1048"}],"wp:attachment":[{"href":"http:\/\/techonauts.com\/de\/wp-json\/wp\/v2\/media?parent=2"}],"curies":[{"name":"wp","href":"https:\/\/api.w.org\/{rel}","templated":true}]}}