{"id":237,"date":"2023-09-24T19:21:02","date_gmt":"2023-09-24T19:21:02","guid":{"rendered":"http:\/\/techonauts.com\/?page_id=237"},"modified":"2025-05-02T20:39:23","modified_gmt":"2025-05-02T20:39:23","slug":"vdi","status":"publish","type":"page","link":"http:\/\/techonauts.com\/de\/services\/vdi\/","title":{"rendered":"Virtuelle Desktop Infrastruktur (VDI)"},"content":{"rendered":"<h2 class=\"wp-block-heading\">Virtuelle Desktop Infrastruktur<\/h2>\n\n\n\n<p>Mit Virtueller Desktop Infrastruktur (VDI) machen Sie Ihre Desktop-Systeme hochflexibel und agil. <\/p>\n\n\n\n<p>Sie haben B\u00fcroangestellte, einen Helpdesk oder ein Callcenter? Aber auch Ihre Administrationsrechner k\u00f6nnen virtualisiert werden und Ihnen die Flexibilit\u00e4t und das Betriebssystem Ihrer Wahl geben. Machen Sie Ihr Betriebssystem inklusive Patches und Updates hochflexibel, je nach Ihren Gesch\u00e4ftsanforderungen. <\/p>\n\n\n\n<p>Sie betreiben ein Schulungszentrum? Dann w\u00e4re es doch sch\u00f6n, wenn am Montag die Classroom-Gruppe 1 und am Dienstag die Classroom-Gruppe 2 stattfinden w\u00fcrden, mit v\u00f6llig unterschiedlichen Anforderungen und Kursen. Wir k\u00f6nnen ein solches Szenario hochautomatisiert und flexibel umsetzen, sodass Sie Ihre Zeit den Themen widmen k\u00f6nnen, die mehr Aufmerksamkeit erfordern.<\/p>\n\n\n\n<div style=\"height:14px\" aria-hidden=\"true\" class=\"wp-block-spacer\"><\/div>\n\n\n\n<p>Lassen Sie sich von Fachleuten mit umfassender und langj\u00e4hriger Erfahrung auf diesem Gebiet beraten und besprechen Sie Ihre M\u00f6glichkeiten und wie wir Sie bei der Erf\u00fcllung Ihrer Gesch\u00e4ftsanforderungen unterst\u00fctzen k\u00f6nnen.<\/p>\n\n\n\n<div style=\"height:14px\" aria-hidden=\"true\" class=\"wp-block-spacer\"><\/div>\n\n\n\n<p>Sie haben eine globale Umgebung oder m\u00f6chten eine solche realisieren? Keine Sorge, wir k\u00f6nnen Ihnen auch dabei helfen. Sie entscheiden, wer Zugriff auf welche Ressourcen haben soll, und wir erstellen das passende Design f\u00fcr Sie. Melden Sie sich bei Ressourcen basierend auf der Jobrolle, dem Land oder anderen Kennzahlen wie der Leistung an und werden Sie zu der Infrastruktur weitergeleitet, die diese Anforderungen erf\u00fcllen kann.<\/p>\n\n\n\n<div style=\"height:14px\" aria-hidden=\"true\" class=\"wp-block-spacer\"><\/div>\n\n\n\n<p>Sie haben Anwendungen installiert oder Einstellungen vorgenommen und der Arbeitsplatz funktioniert nun nicht mehr wie erwartet? Sie k\u00f6nnen ihn ganz einfach zur\u00fccksetzen und zum Standard zur\u00fcckkehren, ohne lange nach dem Problem suchen zu m\u00fcssen.<\/p>\n\n\n\n<p>Dadurch gewinnen Sie viel wertvolle Zeit, die Sie f\u00fcr die wichtigen Dinge nutzen k\u00f6nnen.<\/p>\n\n\n\n<div style=\"height:14px\" aria-hidden=\"true\" class=\"wp-block-spacer\"><\/div>","protected":false},"excerpt":{"rendered":"<p>Virtual Desktop Infrastructure With Virtual Desktop Infrastructure (VDI) you make your Desktop Systems highly flexible and agile. You have Office workers, Help Desk or Call Center? But even your Administration machines can be virtualized and give you the flexibility and OS of choice. Make your Operating System including patching and Updates highly agile depending on [&hellip;]<\/p>\n","protected":false},"author":2,"featured_media":0,"parent":116,"menu_order":2,"comment_status":"closed","ping_status":"closed","template":"","meta":{"footnotes":""},"class_list":["post-237","page","type-page","status-publish","hentry"],"aioseo_notices":[],"_links":{"self":[{"href":"http:\/\/techonauts.com\/de\/wp-json\/wp\/v2\/pages\/237","targetHints":{"allow":["GET"]}}],"collection":[{"href":"http:\/\/techonauts.com\/de\/wp-json\/wp\/v2\/pages"}],"about":[{"href":"http:\/\/techonauts.com\/de\/wp-json\/wp\/v2\/types\/page"}],"author":[{"embeddable":true,"href":"http:\/\/techonauts.com\/de\/wp-json\/wp\/v2\/users\/2"}],"replies":[{"embeddable":true,"href":"http:\/\/techonauts.com\/de\/wp-json\/wp\/v2\/comments?post=237"}],"version-history":[{"count":12,"href":"http:\/\/techonauts.com\/de\/wp-json\/wp\/v2\/pages\/237\/revisions"}],"predecessor-version":[{"id":719,"href":"http:\/\/techonauts.com\/de\/wp-json\/wp\/v2\/pages\/237\/revisions\/719"}],"up":[{"embeddable":true,"href":"http:\/\/techonauts.com\/de\/wp-json\/wp\/v2\/pages\/116"}],"wp:attachment":[{"href":"http:\/\/techonauts.com\/de\/wp-json\/wp\/v2\/media?parent=237"}],"curies":[{"name":"wp","href":"https:\/\/api.w.org\/{rel}","templated":true}]}}