{"id":239,"date":"2023-09-24T19:22:22","date_gmt":"2023-09-24T19:22:22","guid":{"rendered":"http:\/\/techonauts.com\/?page_id=239"},"modified":"2025-05-02T20:39:09","modified_gmt":"2025-05-02T20:39:09","slug":"modern-digital-workplace","status":"publish","type":"page","link":"http:\/\/techonauts.com\/de\/services\/modern-digital-workplace\/","title":{"rendered":"Moderner Digitaler Arbeitsplatz"},"content":{"rendered":"<h2 class=\"wp-block-heading\">Moderner Digitaler Arbeitsplatz<\/h2>\n\n\n\n<div class=\"wp-block-media-text is-stacked-on-mobile\"><figure class=\"wp-block-media-text__media\"><img loading=\"lazy\" decoding=\"async\" width=\"1024\" height=\"771\" src=\"http:\/\/techonauts.com\/wp-content\/uploads\/2025\/03\/Modern-Workspace-Setup-1024x771.jpeg\" alt=\"\" class=\"wp-image-972 size-full\" srcset=\"https:\/\/techonauts.com\/wp-content\/uploads\/2025\/03\/Modern-Workspace-Setup-1024x771.jpeg 1024w, https:\/\/techonauts.com\/wp-content\/uploads\/2025\/03\/Modern-Workspace-Setup-300x226.jpeg 300w, https:\/\/techonauts.com\/wp-content\/uploads\/2025\/03\/Modern-Workspace-Setup-768x579.jpeg 768w, https:\/\/techonauts.com\/wp-content\/uploads\/2025\/03\/Modern-Workspace-Setup-16x12.jpeg 16w, https:\/\/techonauts.com\/wp-content\/uploads\/2025\/03\/Modern-Workspace-Setup.jpeg 1200w\" sizes=\"auto, (max-width: 1024px) 100vw, 1024px\" \/><\/figure><div class=\"wp-block-media-text__content\">\n<p>Sicherlich haben Sie alle schon vom modernen oder digitalen Arbeitsplatz geh\u00f6rt. Aber was bedeutet das?<\/p>\n<\/div><\/div>\n\n\n\n<p>Der moderne oder digitale Arbeitsplatz ist die moderne Art zu arbeiten. Viele Unternehmen haben Probleme, neue, insbesondere junge Mitarbeiter einzustellen, da ihnen eine moderne Arbeitsumgebung fehlt. Das ist ein gro\u00dfes Problem in der Branche. Aber neben dem Thema Besch\u00e4ftigung beeinflusst das auch andere gesch\u00e4ftsbezogene Themen.<\/p>\n\n\n\n<div style=\"height:14px\" aria-hidden=\"true\" class=\"wp-block-spacer\"><\/div>\n\n\n\n<p>Lassen Sie uns ein Szenario beschreiben, das in der Branche sehr h\u00e4ufig vorkommt. Und die Branche steht in diesem Fall als Platzhalter f\u00fcr das Gesch\u00e4ft im Allgemeinen.<\/p>\n\n\n\n<p>Sie stellen eine neue Person f\u00fcr Ihr Unternehmen ein. Normalerweise m\u00fcssen Sie den B\u00fcroplatz vorbereiten, egal ob im B\u00fcro oder im Home Office. Das hei\u00dft, der Mitarbeiter ben\u00f6tigt beispielsweise Dinge wie:<\/p>\n\n\n\n<ol class=\"wp-block-list\">\n<li>Computer \/ Laptop (Windows, macOS, Linux)<\/li>\n\n\n\n<li>Handy (iOS, Android), Tablet<\/li>\n\n\n\n<li>Einen Benutzer im Firmenverzeichnis<\/li>\n\n\n\n<li>Zugriffsberechtigungen abh\u00e4ngig von der Rolle<\/li>\n\n\n\n<li>Applikationen abh\u00e4ngig von der Rolle<\/li>\n\n\n\n<li>Externer Zugriff f\u00fcr Firmenressourcen auf eine sichere Weise<\/li>\n<\/ol>\n\n\n\n<div style=\"height:14px\" aria-hidden=\"true\" class=\"wp-block-spacer\"><\/div>\n\n\n\n<p>Das ist eine Menge Arbeit, die die Administrationsmitarbeiter neben dem normalen Tagesgesch\u00e4ft vorbereiten m\u00fcssen. Wie w\u00e4re es, wenn Sie das automatisieren k\u00f6nnten und wenn der Mitarbeiter anf\u00e4ngt, alles vorbereitet ist, er ein erstes Passwort zum Anmelden erh\u00e4lt und los geht\u2018s? Klingt gro\u00dfartig und genau das, wonach Sie suchen?<\/p>\n\n\n\n<p>Kontaktieren Sie uns, wir haben viel Erfahrung mit dem modernen digitalen Arbeitsplatz und helfen Ihnen gerne bei der Realisierung Ihres digitalen Arbeitsplatzes.<\/p>\n\n\n\n<div style=\"height:25px\" aria-hidden=\"true\" class=\"wp-block-spacer\"><\/div>\n\n\n\n<h3 class=\"wp-block-heading\">Desktop<\/h3>\n\n\n\n<p>Auch wenn die unterschiedlichen Kategorien der Arbeitswelt immer mehr verschmelzen, k\u00f6nnen wir diese unabh\u00e4ngig voneinander realisieren.<\/p>\n\n\n\n<p>Wenn wir \u00fcber den B\u00fcroarbeitsplatz sprechen, sprechen wir \u00fcber Betriebssysteme (OS) wie Windows, macOS oder Linux-Systeme, aber auch \u00fcber Anwendungen und Zugriffsberechtigungen f\u00fcr verschiedene Systeme. Als erstes m\u00fcssen Sie dar\u00fcber nachdenken, welche Art von B\u00fcroarbeitsplatz Sie realisieren m\u00f6chten: B\u00fcro im Unternehmen, Home Office, eine Mischung oder mobil? In der modernen Welt sprechen wir heutzutage meist \u00fcber eine Mischung aus all dem. <\/p>\n\n\n\n<p>Sp\u00e4testens seit der Pandemie haben die Unternehmen erkannt, dass der Mix der perfekte Ansatz ist. Er gibt dem Unternehmen und den Mitarbeitern die gr\u00f6\u00dftm\u00f6gliche Flexibilit\u00e4t und Auswahl, steigert aber auch die Produktivit\u00e4t.<\/p>\n\n\n\n<div style=\"height:14px\" aria-hidden=\"true\" class=\"wp-block-spacer\"><\/div>\n\n\n\n<h3 class=\"wp-block-heading\">Mobile Endger\u00e4te<\/h3>\n\n\n\n<p>Wie beim B\u00fcro sind Flexibilit\u00e4t und die Wahl des Arbeitsplatzes heutzutage sehr wichtig. Viele unserer Kunden besch\u00e4ftigen jedoch auch mobile Mitarbeiter. <\/p>\n\n\n\n<p>Heutzutage k\u00f6nnen wir viele Aufgaben auf dem Handy oder Tablet erledigen, w\u00e4hrend wir mit dem Zug oder Flugzeug unterwegs sind und m\u00fcssen nicht st\u00e4ndig einen Laptop dabei haben. Sie sind beim Kunden und m\u00f6chten direkt im Anschluss Angebote versenden oder Dinge in den zentralen Systemen des Unternehmens dokumentieren? Dann k\u00f6nnen Sie das tun. Die Zugriffe und Anwendungen sind bereits vorhanden, nat\u00fcrlich mit dem Sicherheitsaspekt.<\/p>\n\n\n\n<div style=\"height:25px\" aria-hidden=\"true\" class=\"wp-block-spacer\"><\/div>\n\n\n\n<h3 class=\"wp-block-heading\">Sicherheit<\/h3>\n\n\n\n<p>Der Sicherheitsaspekt ist in allen Technologiebereichen wichtiger denn je. Wir beraten Sie stets und implementieren die L\u00f6sungen auf sichere Weise. <\/p>\n\n\n\n<p>Sie haben beispielsweise Ihr Firmentelefon dabei und es geht verloren. Alle Daten auf dem Telefon gehen verloren und stellen ein potenzielles Sicherheitsrisiko dar. Wie gehen Sie damit ohne die Technologie eines digitalen Arbeitsplatzes um? Mit der vorhandenen Technologie k\u00f6nnen Sie Ihr Telefon beispielsweise aus der Ferne sicher l\u00f6schen und sicherstellen, dass die Daten auf dem Telefon gesch\u00fctzt sind.<\/p>\n\n\n\n<div style=\"height:14px\" aria-hidden=\"true\" class=\"wp-block-spacer\"><\/div>\n\n\n\n<p>Ein wichtiges Thema, das hier aus Erfahrung erw\u00e4hnt werden muss, ist der Schutz Ihrer Daten, auch der pers\u00f6nlichen Daten. Viele Menschen haben Bedenken hinsichtlich der Verwaltung ihres Mobiltelefons, weil sie Angst vor dem m\u00f6glichen Zugriff auf pers\u00f6nliche Daten wie Bilder haben, die auf ihrem Mobiltelefon gespeichert sind.<\/p>\n\n\n\n<p>Generell gibt es verschiedene Ans\u00e4tze f\u00fcr die Verwaltung mobiler Ger\u00e4te in einem Unternehmen. Sie k\u00f6nnen Ihr privates Telefon verwenden (Bring Your Own Device \u2013 BYOD) oder sich ein Firmentelefon zulegen. Beide k\u00f6nnen sicher verwendet und verwaltet werden, haben aber unterschiedliche technologische Aspekte sowie Vor- und Nachteile.<\/p>\n\n\n\n<p>Lassen Sie sich von uns beraten, welcher Ansatz f\u00fcr Ihr Unternehmen der Richtige ist.<\/p>\n\n\n\n<div style=\"height:25px\" aria-hidden=\"true\" class=\"wp-block-spacer\"><\/div>\n\n\n\n<h3 class=\"wp-block-heading\">Single Sign On (SSO)<\/h3>\n\n\n\n<p>Teil der Sicherheits\u00fcberlegungen, aber auch ein Technologie-Stack ist Single Sign On (SSO). Mit SSO k\u00f6nnen Sie sich bequem mit den richtigen Zugriffsberechtigungen bei Ihren Unternehmensressourcen und den richtigen Anwendungen anmelden. Sie k\u00f6nnen entscheiden, ob Sie dies zus\u00e4tzlich mit beispielsweise Multi-Faktor-Authentifizierung (MFA \/ 2FA) allgemein oder nur f\u00fcr bestimmte Ressourcen kombinieren m\u00f6chten. <\/p>\n\n\n\n<p>Beispielsweise k\u00f6nnen wir ein Szenario wie folgt realisieren: Sie melden sich mit einem \u201eMaster-Passwort\u201c an Ihrem digitalen Arbeitsplatz mit allen Anwendungen und Ressourcen an. Anschlie\u00dfend klicken Sie auf Ihr Microsoft Office 365 (Microsoft 365) und werden direkt und unkompliziert angemeldet, ohne dass Sie Ihr Passwort erneut eingeben m\u00fcssen.<\/p>\n\n\n\n<p>Wenn Sie jedoch andererseits auf Ihr internes CRM, beispielsweise Salesforce, klicken, m\u00fcssen Sie zus\u00e4tzlich einen Authentifizierungscode f\u00fcr den zweiten Faktor eingeben, da Sie entschieden haben, dass dieses System hochsensibel ist und eine zus\u00e4tzliche Sicherheitsebene ben\u00f6tigt.<\/p>\n\n\n\n<p>Beide Szenarien k\u00f6nnen im selben digitalen Arbeitsplatz realisiert werden! Ist das toll? Ein Design f\u00fcr verschiedene Anwendungsf\u00e4lle. Mehr dazu finden Sie im Abschnitt <a href=\"http:\/\/techonauts.com\/de\/services\/idaas\/\">Identit\u00e4t als Service (IDaaS)<\/a>.<\/p>\n\n\n\n<div style=\"height:25px\" aria-hidden=\"true\" class=\"wp-block-spacer\"><\/div>\n\n\n\n<h3 class=\"wp-block-heading\">Flexibilit\u00e4t bei der Auswahl<\/h3>\n\n\n\n<p>Normalerweise erwarten wir bei derart leistungsstarken Technologien eine hohe Komplexit\u00e4t. Das ist jedoch nicht der Fall.<\/p>\n\n\n\n<p>Das Wichtigste ist, dass das Design der L\u00f6sung Ihren Gesch\u00e4ftsanforderungen entspricht. Wichtig k\u00f6nnen dabei Anforderungen wie Flexibilit\u00e4t bei der Auswahl, Wartung oder Benutzerfreundlichkeit sein.<\/p>\n\n\n\n<p>Mit der richtigen L\u00f6sung f\u00fcr Ihren Arbeitsplatz k\u00f6nnen Sie all das erreichen. Wir haben Szenarien f\u00fcr Kunden realisiert wie <\/p>\n\n\n\n<ol class=\"wp-block-list\">\n<li>Schulungen, bei denen Sie jeden Tag verschiedene Kurse besuchen k\u00f6nnen, mit einer flexiblen Bereitstellung der gesamten Infrastruktur f\u00fcr den Kurs<\/li>\n\n\n\n<li>Ein neuer Mitarbeiter beginnt und der gesamte Arbeitsplatz ist in Minuten statt in Stunden vorbereitet und einsatzbereit<\/li>\n\n\n\n<li>Das Ger\u00e4t eines Mitarbeiters ist abgest\u00fcrzt und Sie k\u00f6nnen es sehr flexibel ersetzen. Der Mitarbeiter hat weder Daten- noch Zeitverlust, um an den Arbeitsplatz zur\u00fcckzukehren.<\/li>\n\n\n\n<li>Ein Firmenger\u00e4t geht verloren und Sie k\u00f6nnen es sicher l\u00f6schen, um Datenverlust zu verhindern<\/li>\n\n\n\n<li>Infoterminal an der Rezeption mit spezifischen Anwendungen und Zug\u00e4ngen f\u00fcr spezielle Bed\u00fcrfnisse<\/li>\n\n\n\n<li>Stellen Sie Ihren Klassen, Mitarbeitern und Lehrern zahlreiche Mobilger\u00e4te zur Verf\u00fcgung, mit allen Anwendungen, Zugriffsm\u00f6glichkeiten und der Sicherheit, die sie ben\u00f6tigen.<\/li>\n<\/ol>\n\n\n\n<div style=\"height:14px\" aria-hidden=\"true\" class=\"wp-block-spacer\"><\/div>","protected":false},"excerpt":{"rendered":"<p>Modern Digital Workplace For sure you all have heard from the Modern or Digital Workplace. But what does that mean? The Modern or Digital Workplace is the modern way of working. A lot of Companies have issues to hire new especially young people because of lacking a modern workplace environment. That is a big problem [&hellip;]<\/p>\n","protected":false},"author":2,"featured_media":0,"parent":116,"menu_order":1,"comment_status":"closed","ping_status":"closed","template":"","meta":{"footnotes":""},"class_list":["post-239","page","type-page","status-publish","hentry"],"aioseo_notices":[],"_links":{"self":[{"href":"http:\/\/techonauts.com\/de\/wp-json\/wp\/v2\/pages\/239","targetHints":{"allow":["GET"]}}],"collection":[{"href":"http:\/\/techonauts.com\/de\/wp-json\/wp\/v2\/pages"}],"about":[{"href":"http:\/\/techonauts.com\/de\/wp-json\/wp\/v2\/types\/page"}],"author":[{"embeddable":true,"href":"http:\/\/techonauts.com\/de\/wp-json\/wp\/v2\/users\/2"}],"replies":[{"embeddable":true,"href":"http:\/\/techonauts.com\/de\/wp-json\/wp\/v2\/comments?post=239"}],"version-history":[{"count":25,"href":"http:\/\/techonauts.com\/de\/wp-json\/wp\/v2\/pages\/239\/revisions"}],"predecessor-version":[{"id":973,"href":"http:\/\/techonauts.com\/de\/wp-json\/wp\/v2\/pages\/239\/revisions\/973"}],"up":[{"embeddable":true,"href":"http:\/\/techonauts.com\/de\/wp-json\/wp\/v2\/pages\/116"}],"wp:attachment":[{"href":"http:\/\/techonauts.com\/de\/wp-json\/wp\/v2\/media?parent=239"}],"curies":[{"name":"wp","href":"https:\/\/api.w.org\/{rel}","templated":true}]}}