{"id":241,"date":"2023-09-24T19:22:53","date_gmt":"2023-09-24T19:22:53","guid":{"rendered":"http:\/\/techonauts.com\/?page_id=241"},"modified":"2025-05-02T20:39:37","modified_gmt":"2025-05-02T20:39:37","slug":"infrastructure-automation-and-management","status":"publish","type":"page","link":"http:\/\/techonauts.com\/de\/services\/infrastructure-automation-and-management\/","title":{"rendered":"Infrastruktur Automatisierung und Management"},"content":{"rendered":"<h2 class=\"wp-block-heading\">Infrastruktur Automatisierung und Management<\/h2>\n\n\n\n<p>Wenn Sie in der IT Aufgaben mehr als zweimal erledigen m\u00fcssen, sollten Sie diese grunds\u00e4tzlich automatisieren.<\/p>\n\n\n\n<p>Innerhalb der Infrastruktur passiert mehr als das. Es ist m\u00f6glich, die gesamte Infrastruktur einschlie\u00dflich ihrer Konfiguration automatisiert bereitzustellen, zu aktualisieren und zu warten.<\/p>\n\n\n\n<p>Im DevOps- und Cloud-Bereich ist es weit verbreitet, die gesamte Infrastruktur automatisch bereitzustellen, einschlie\u00dflich der Konfiguration, die Sie zum Testen oder sp\u00e4ter in der Produktion ben\u00f6tigen. <\/p>\n\n\n\n<div style=\"height:14px\" aria-hidden=\"true\" class=\"wp-block-spacer\"><\/div>\n\n\n\n<h3 class=\"wp-block-heading\">Wie k\u00f6nnen wir helfen?<\/h3>\n\n\n\n<p>Wir k\u00f6nnen Ihre Infrastrukturbereitstellung bei Cloud-Anbietern automatisieren, beispielsweise mit HashiCorp Terraform. Wir k\u00f6nnen Ihre Art der Bereitstellung, Aktualisierung und Wartung f\u00fcr Ihre Infrastruktur und Konfigurationen standardisieren. <\/p>\n\n\n\n<p>Sie m\u00f6chten eine neue Testumgebung bereitstellen oder einfach die Konfiguration dieser Umgebungen \u00e4ndern? Dann los. Wenn alles wie erwartet funktioniert, k\u00f6nnen Sie die Bereitstellung in Ihrer Produktionsumgebung mit genau derselben Konfiguration problemlos reproduzieren und sicher sein, dass dies funktioniert.<\/p>\n\n\n\n<p>Oder Sie haben eine vorhandene Infrastruktur und m\u00f6chten diese durch Automatisierung optimieren oder Teile davon automatisieren? Wir helfen Ihnen dabei. <\/p>\n\n\n\n<div style=\"height:14px\" aria-hidden=\"true\" class=\"wp-block-spacer\"><\/div>","protected":false},"excerpt":{"rendered":"<p>Infrastructure Automation and Management Usually if you have to do things in the IT more then two times, you should automate them. Within the Infrastructure it&#8217;s more than that. It is possible to deploy, update and maintain the whole Infrastructure including it&#8217;s configuration in a automated way. In the DevOps and Cloud space it is [&hellip;]<\/p>\n","protected":false},"author":2,"featured_media":0,"parent":116,"menu_order":3,"comment_status":"closed","ping_status":"closed","template":"","meta":{"footnotes":""},"class_list":["post-241","page","type-page","status-publish","hentry"],"aioseo_notices":[],"_links":{"self":[{"href":"http:\/\/techonauts.com\/de\/wp-json\/wp\/v2\/pages\/241","targetHints":{"allow":["GET"]}}],"collection":[{"href":"http:\/\/techonauts.com\/de\/wp-json\/wp\/v2\/pages"}],"about":[{"href":"http:\/\/techonauts.com\/de\/wp-json\/wp\/v2\/types\/page"}],"author":[{"embeddable":true,"href":"http:\/\/techonauts.com\/de\/wp-json\/wp\/v2\/users\/2"}],"replies":[{"embeddable":true,"href":"http:\/\/techonauts.com\/de\/wp-json\/wp\/v2\/comments?post=241"}],"version-history":[{"count":6,"href":"http:\/\/techonauts.com\/de\/wp-json\/wp\/v2\/pages\/241\/revisions"}],"predecessor-version":[{"id":553,"href":"http:\/\/techonauts.com\/de\/wp-json\/wp\/v2\/pages\/241\/revisions\/553"}],"up":[{"embeddable":true,"href":"http:\/\/techonauts.com\/de\/wp-json\/wp\/v2\/pages\/116"}],"wp:attachment":[{"href":"http:\/\/techonauts.com\/de\/wp-json\/wp\/v2\/media?parent=241"}],"curies":[{"name":"wp","href":"https:\/\/api.w.org\/{rel}","templated":true}]}}