{"id":243,"date":"2023-09-24T19:23:41","date_gmt":"2023-09-24T19:23:41","guid":{"rendered":"http:\/\/techonauts.com\/?page_id=243"},"modified":"2025-05-02T20:39:58","modified_gmt":"2025-05-02T20:39:58","slug":"architecting","status":"publish","type":"page","link":"http:\/\/techonauts.com\/de\/services\/architecting\/","title":{"rendered":"Architektur"},"content":{"rendered":"<h2 class=\"wp-block-heading\">Architektur<\/h2>\n\n\n\n<p>Wenn Sie gro\u00dfartige L\u00f6sungen schaffen und \u2013 was am wichtigsten ist \u2013 die Gesch\u00e4ftsanforderungen des Kunden erf\u00fcllen m\u00f6chten, ist es \u00e4u\u00dferst wichtig, den Kunden und sein Gesch\u00e4ft zu verstehen.<\/p>\n\n\n\n<div style=\"height:14px\" aria-hidden=\"true\" class=\"wp-block-spacer\"><\/div>\n\n\n\n<p>Wir verf\u00fcgen \u00fcber umfangreiche Erfahrung aus zahlreichen Projekten \"aus dem Feld\" und unser Ansatz besteht jederzeit darin, die L\u00f6sung zu entwickeln, die der Kunde ben\u00f6tigt, um seine Gesch\u00e4ftsziele zu erreichen, und zwar auf die bestm\u00f6gliche Weise und mit maximaler Benutzerfreundlichkeit. Nat\u00fcrlich beziehen wir den Kunden in alle Phasen ein, um einen \u00dcberblick \u00fcber die erforderlichen Schritte zu geben und um im Projekt abgestimmt zu sein.<\/p>\n\n\n\n<div style=\"height:14px\" aria-hidden=\"true\" class=\"wp-block-spacer\"><\/div>\n\n\n\n<p>Beim Entwerfen einer Architektur m\u00fcssen mehrere Phasen durchlaufen werden, um sicherzustellen, dass wir Ihre Ziele erreichen.<\/p>\n\n\n\n<div style=\"height:14px\" aria-hidden=\"true\" class=\"wp-block-spacer\"><\/div>\n\n\n\n<h3 class=\"wp-block-heading\">Phase 1<\/h3>\n\n\n\n<p>Die Entdeckungs- und Analysephase, um Sie, den Kunden und die Gesch\u00e4ftsziele, die Sie erreichen m\u00f6chten, zu verstehen. Verschaffen Sie sich einen \u00dcberblick \u00fcber Ihre aktuelle(n) L\u00f6sung(en) und Infrastruktur. Wir besprechen Ihre Anforderungen und erstellen aus den Informationen, die wir \u00fcber die \u201eIst-Situation\u201c erhalten haben, einen klaren \u00dcberblick.<\/p>\n\n\n\n<div style=\"height:14px\" aria-hidden=\"true\" class=\"wp-block-spacer\"><\/div>\n\n\n\n<h3 class=\"wp-block-heading\">Phase 2<\/h3>\n\n\n\n<p>In dieser Phase besprechen wir m\u00f6gliche L\u00f6sungen, um Ihre Ziele zu erreichen. Das hei\u00dft, wir planen, welche L\u00f6sung(en) am besten zu Ihren Bed\u00fcrfnissen passt\/passen. Wir erstellen einen \u00dcberblick \u00fcber den Ansatz und pr\u00e4sentieren ihn Ihnen, damit Sie verstehen, warum dieser Ansatz gew\u00e4hlt wurde, und entscheiden k\u00f6nnen, ob er das ist, wonach Sie suchen, oder ob Sie etwas anpassen m\u00f6chten.<\/p>\n\n\n\n<div style=\"height:14px\" aria-hidden=\"true\" class=\"wp-block-spacer\"><\/div>\n\n\n\n<h3 class=\"wp-block-heading\">Phase 3<\/h3>\n\n\n\n<p>Wenn die vorgestellte L\u00f6sung akzeptiert wird, \u00fcbergeben wir sie an unsere Consulting Leute, welche die L\u00f6sung implementieren.<\/p>\n\n\n\n<div style=\"height:14px\" aria-hidden=\"true\" class=\"wp-block-spacer\"><\/div>\n\n\n\n<h3 class=\"wp-block-heading\">Phase 4<\/h3>\n\n\n\n<p>Nach der erfolgreichen Implementierung \u00fcbergeben wir an Sie als Kunden. Sie erhalten einen kurzen \u00dcberblick, um die neue L\u00f6sung besser zu verstehen.<\/p>\n\n\n\n<p><em>In addition, we can optional offer you a workshop to coach you on the new solution. That can be done remote, on-site or hybrid depending on your needs. Ask us for an offering<\/em> and check our workshop offerings.<\/p>\n\n\n\n<div style=\"height:14px\" aria-hidden=\"true\" class=\"wp-block-spacer\"><\/div>\n\n\n\n<h3 class=\"wp-block-heading\">Phase 5<\/h3>\n\n\n\n<p>Nach der erfolgreichen Lieferung und \u00dcbergabe erstellen wir eine Dokumentation, die f\u00fcr den Fall einer sp\u00e4teren erneuten Einsichtnahme oder der Einbindung neuer Mitarbeiter von gro\u00dfer Bedeutung ist.<\/p>\n\n\n\n<p><em>Optional bieten wir Ihnen zus\u00e4tzlichen Support und Troubleshooting an. Sie m\u00f6chten Anpassungen vornehmen oder sehen Optimierungspotenzial? Kontaktieren Sie uns und wir unterst\u00fctzen Sie. Sie m\u00f6chten die L\u00f6sung in weitere Arbeitsabl\u00e4ufe oder Prozesse Ihres Tagesgesch\u00e4fts integrieren? Wir helfen Ihnen, den richtigen Weg zu finden.<\/em><\/p>\n\n\n\n<div style=\"height:14px\" aria-hidden=\"true\" class=\"wp-block-spacer\"><\/div>","protected":false},"excerpt":{"rendered":"<p>Architecting If you want to create great solutions and the most important point, meet the customer business needs, it&#8217;s very important to understand the customer and his business. We have a lot of experience from many projects out in the field and our approach is every time to create the solution which the customer needs [&hellip;]<\/p>\n","protected":false},"author":2,"featured_media":0,"parent":116,"menu_order":5,"comment_status":"closed","ping_status":"closed","template":"","meta":{"footnotes":""},"class_list":["post-243","page","type-page","status-publish","hentry"],"aioseo_notices":[],"_links":{"self":[{"href":"http:\/\/techonauts.com\/de\/wp-json\/wp\/v2\/pages\/243","targetHints":{"allow":["GET"]}}],"collection":[{"href":"http:\/\/techonauts.com\/de\/wp-json\/wp\/v2\/pages"}],"about":[{"href":"http:\/\/techonauts.com\/de\/wp-json\/wp\/v2\/types\/page"}],"author":[{"embeddable":true,"href":"http:\/\/techonauts.com\/de\/wp-json\/wp\/v2\/users\/2"}],"replies":[{"embeddable":true,"href":"http:\/\/techonauts.com\/de\/wp-json\/wp\/v2\/comments?post=243"}],"version-history":[{"count":12,"href":"http:\/\/techonauts.com\/de\/wp-json\/wp\/v2\/pages\/243\/revisions"}],"predecessor-version":[{"id":748,"href":"http:\/\/techonauts.com\/de\/wp-json\/wp\/v2\/pages\/243\/revisions\/748"}],"up":[{"embeddable":true,"href":"http:\/\/techonauts.com\/de\/wp-json\/wp\/v2\/pages\/116"}],"wp:attachment":[{"href":"http:\/\/techonauts.com\/de\/wp-json\/wp\/v2\/media?parent=243"}],"curies":[{"name":"wp","href":"https:\/\/api.w.org\/{rel}","templated":true}]}}