{"id":245,"date":"2023-09-24T19:23:59","date_gmt":"2023-09-24T19:23:59","guid":{"rendered":"http:\/\/techonauts.com\/?page_id=245"},"modified":"2025-05-02T20:40:14","modified_gmt":"2025-05-02T20:40:14","slug":"consulting","status":"publish","type":"page","link":"http:\/\/techonauts.com\/de\/services\/consulting\/","title":{"rendered":"Beratung - Consulting"},"content":{"rendered":"<h2 class=\"wp-block-heading\">Beratung - Consulting<\/h2>\n\n\n\n<p>Sie suchen nach Fachleuten, um Ihre Gesch\u00e4ftsziele zu erreichen? Hier sind Sie richtig!<\/p>\n\n\n\n<div style=\"height:14px\" aria-hidden=\"true\" class=\"wp-block-spacer\"><\/div>\n\n\n\n<p>Wir verf\u00fcgen \u00fcber langj\u00e4hrige Erfahrung im Consulting-Bereich und haben viele Implementierungen, Kundensupport und Fehlerbehebungen durchgef\u00fchrt. Aber nicht nur das, wir haben auch viele Demos, technische oder strategische Workshops sowie Pr\u00e4sentationen f\u00fcr alle Arten von Publikum durchgef\u00fchrt.<\/p>\n\n\n\n<p>Sie ben\u00f6tigen Hilfe bei der Implementierung oder Fehlerbehebung einer L\u00f6sung? Wir k\u00f6nnen Ihnen dabei helfen, diese umzusetzen oder eine L\u00f6sung f\u00fcr Ihre Probleme zu finden. Eine analytische Denkweise und Erfahrung sind bei der Fehlerbehebung in Umgebungen sehr wichtig. Es kann viele Gr\u00fcnde f\u00fcr Probleme geben. Lassen Sie sich von uns unterst\u00fctzen und verschwenden Sie nicht zu viel Zeit damit.<\/p>\n\n\n\n<div style=\"height:14px\" aria-hidden=\"true\" class=\"wp-block-spacer\"><\/div>\n\n\n\n<p>Ihre Vorteile durch unser Engagement:<\/p>\n\n\n\n<ul class=\"wp-block-list\">\n<li>Eine andere Perspektive von erfahrenen Fachleuten<\/li>\n\n\n\n<li>Profitieren Sie von der umfassenden Erfahrung und der F\u00e4higkeit, L\u00f6sungen f\u00fcr die meisten Probleme zu finden<\/li>\n\n\n\n<li>Hochprofessionelle Mitarbeiter implementieren Ihre L\u00f6sung, w\u00e4hrend Sie Ihre Zeit anderen Themen widmen k\u00f6nnen<\/li>\n\n\n\n<li>Klare Budgetplanung und Verantwortlichkeiten<\/li>\n\n\n\n<li>Sie m\u00f6chten einen klaren \u00dcberblick \u00fcber Ihre Umgebung und diese dokumentieren? Lassen Sie uns dar\u00fcber sprechen<\/li>\n\n\n\n<li>An independent professional which support you with Vendors or other service companies to get a different perspective<\/li>\n\n\n\n<li>Wir finden die beste L\u00f6sung f\u00fcr Ihre Gesch\u00e4ftsanforderungen<\/li>\n\n\n\n<li>Sie f\u00fchren einen PoV oder PoC durch? Wir helfen Ihnen, die L\u00f6sung eingehend zu testen und grundlegende Informationen f\u00fcr eine Entscheidung zu liefern <\/li>\n<\/ul>\n\n\n\n<div style=\"height:14px\" aria-hidden=\"true\" class=\"wp-block-spacer\"><\/div>","protected":false},"excerpt":{"rendered":"<p>Consulting You searching for professionals to achieve your Business goals? You found the right place! We have many years of experience in the Consulting space and done a lot of implementations, support for customers and troubleshooting. But not only that, we have done a lot of demos, technical or strategy workshops as well as presentations [&hellip;]<\/p>\n","protected":false},"author":2,"featured_media":0,"parent":116,"menu_order":6,"comment_status":"closed","ping_status":"closed","template":"","meta":{"footnotes":""},"class_list":["post-245","page","type-page","status-publish","hentry"],"aioseo_notices":[],"_links":{"self":[{"href":"http:\/\/techonauts.com\/de\/wp-json\/wp\/v2\/pages\/245","targetHints":{"allow":["GET"]}}],"collection":[{"href":"http:\/\/techonauts.com\/de\/wp-json\/wp\/v2\/pages"}],"about":[{"href":"http:\/\/techonauts.com\/de\/wp-json\/wp\/v2\/types\/page"}],"author":[{"embeddable":true,"href":"http:\/\/techonauts.com\/de\/wp-json\/wp\/v2\/users\/2"}],"replies":[{"embeddable":true,"href":"http:\/\/techonauts.com\/de\/wp-json\/wp\/v2\/comments?post=245"}],"version-history":[{"count":9,"href":"http:\/\/techonauts.com\/de\/wp-json\/wp\/v2\/pages\/245\/revisions"}],"predecessor-version":[{"id":749,"href":"http:\/\/techonauts.com\/de\/wp-json\/wp\/v2\/pages\/245\/revisions\/749"}],"up":[{"embeddable":true,"href":"http:\/\/techonauts.com\/de\/wp-json\/wp\/v2\/pages\/116"}],"wp:attachment":[{"href":"http:\/\/techonauts.com\/de\/wp-json\/wp\/v2\/media?parent=245"}],"curies":[{"name":"wp","href":"https:\/\/api.w.org\/{rel}","templated":true}]}}