{"id":474,"date":"2024-11-16T12:21:29","date_gmt":"2024-11-16T12:21:29","guid":{"rendered":"http:\/\/techonauts.com\/?page_id=474"},"modified":"2025-05-02T20:32:23","modified_gmt":"2025-05-02T20:32:23","slug":"soft-skill-coaching","status":"publish","type":"page","link":"http:\/\/techonauts.com\/de\/coaching\/soft-skill-coaching\/","title":{"rendered":"Soft-Skill Training"},"content":{"rendered":"<h2 class=\"wp-block-heading\">Soft-Skill Training<\/h2>\n\n\n\n<div class=\"wp-block-media-text is-stacked-on-mobile\"><figure class=\"wp-block-media-text__media\"><img loading=\"lazy\" decoding=\"async\" width=\"498\" height=\"1024\" src=\"http:\/\/techonauts.com\/wp-content\/uploads\/2023\/09\/Me_workshop.jpeg\" alt=\"\" class=\"wp-image-185 size-full\" srcset=\"https:\/\/techonauts.com\/wp-content\/uploads\/2023\/09\/Me_workshop.jpeg 498w, https:\/\/techonauts.com\/wp-content\/uploads\/2023\/09\/Me_workshop-146x300.jpeg 146w\" sizes=\"auto, (max-width: 498px) 100vw, 498px\" \/><\/figure><div class=\"wp-block-media-text__content\">\n<p>In der Welt der IT ist es sehr wichtig, die Technologien, die man verwendet, wirklich zu verstehen, aber auch neue zu erlernen.<\/p>\n<\/div><\/div>\n\n\n\n<p>Ein weiterer sehr wichtiger Bereich der Kompetenz sind Soft Skills, die oft untersch\u00e4tzt werden. Dieser Bereich gewinnt jedoch immer mehr an Bedeutung.<\/p>\n\n\n\n<div style=\"height:2px\" aria-hidden=\"true\" class=\"wp-block-spacer\"><\/div>\n\n\n\n<p>Im Gesch\u00e4ftsleben ist Kommunikation der Schl\u00fcssel! Mit viel Fachwissen und absolvierten Schulungen unterst\u00fctzt Sie unser Team dabei, Ihre Kommunikationsf\u00e4higkeiten zu verbessern. Verstehen Sie Ihren Kommunikationspartner besser und verstehen Sie Ihren Kommunikationsstil. Wir bringen Ihnen einige Techniken bei, um einen soliden Kommunikationsstil zu entwickeln.<\/p>\n\n\n\n<p>Was ist wichtig?<\/p>\n\n\n\n<ul class=\"wp-block-list\">\n<li>Klare Kommunikation, keine Platzhalter oder F\u00fcllw\u00f6rter<\/li>\n\n\n\n<li>K\u00f6rpersprache<\/li>\n\n\n\n<li>Stimmen Lautst\u00e4rke und Betonung<\/li>\n<\/ul>\n\n\n\n<div style=\"height:22px\" aria-hidden=\"true\" class=\"wp-block-spacer\"><\/div>\n\n\n\n<h4 class=\"wp-block-heading\">Storytelling<\/h4>\n\n\n\n<p>Menschen m\u00f6gen Visualit\u00e4t!<\/p>\n\n\n\n<p>Wenn Sie Ihr Produkt oder Ihre Technologie pr\u00e4sentieren oder vorf\u00fchren, k\u00f6nnen die Leute Ihnen leichter folgen und Sie verstehen, wenn Sie die Technik des Geschichtenerz\u00e4hlens verwenden. Denken Sie an ein Beispiel aus dem echten Leben, mit dem Sie Ihre Geschichte erkl\u00e4ren k\u00f6nnen. Machen Sie das Produkt real und \u201eanfassbar\u201c.<\/p>\n\n\n\n<div style=\"height:22px\" aria-hidden=\"true\" class=\"wp-block-spacer\"><\/div>\n\n\n\n<h4 class=\"wp-block-heading\">Pr\u00e4sentation<\/h4>\n\n\n\n<p>Wie oft m\u00fcssen Sie in Ihrem Gesch\u00e4ftsleben vor jemandem oder einem Publikum eine Pr\u00e4sentation halten?<\/p>\n\n\n\n<p>Eine klare und gut strukturierte Pr\u00e4sentation ist sehr wichtig. Aber es ist auch wichtig, einen klaren und motivierenden Pr\u00e4sentationsstil zu haben. Lassen Sie sich von unserem Trainer dabei helfen, das Beste aus sich herauszuholen und die Person zu sein, der die Leute bei einer Pr\u00e4sentation gerne folgen und klar Ihre Botschaft verstehen.<\/p>\n\n\n\n<p>Mit langj\u00e4hriger Erfahrung als Moderatoren und Redner auf der B\u00fchne helfen wir Ihnen gerne, Ihre F\u00e4higkeiten zu verbessern. Wir zeigen Ihnen, wie Sie eine gro\u00dfartige Pr\u00e4sentation erstellen, mit dem Publikum umgehen, auch wenn jemand Sie beim Reden st\u00f6rt, und eine klare Botschaft vermitteln.<\/p>\n\n\n\n<div style=\"height:22px\" aria-hidden=\"true\" class=\"wp-block-spacer\"><\/div>\n\n\n\n<h4 class=\"wp-block-heading\">Vertrieb und Verhandlung<\/h4>\n\n\n\n<p>Sie arbeiten im Vertrieb und versuchen, die Grenzen zu \u00fcberschreiten? Sie m\u00f6chten ein echter J\u00e4ger sein und Ihre Ums\u00e4tze steigern?<\/p>\n\n\n\n<p>Kommunikation und Verhandlung sind der Schl\u00fcssel zu einem soliden Gesch\u00e4ft. Gesch\u00e4fte werden immer zwischen Menschen gemacht. Der Schl\u00fcsselfaktor f\u00fcr den Erfolg ist ein klarer Kommunikationsstil und das Verst\u00e4ndnis der Verhandlungstechniken auch unter Zeitdruck, schwierigen Umst\u00e4nden und komplexen Diskussionen.<\/p>\n\n\n\n<p>Im Vertrieb haben Sie normalerweise mit vielen Stakeholdern oder Gro\u00dfkunden zu tun. Um erfolgreich zu sein, ist es sehr wichtig, \u00fcber ein soliden Werkzeugkasten zu verf\u00fcgen, um alle Aufgaben rechtzeitig zu erledigen. <\/p>\n\n\n\n<p>Wir zeigen Ihnen, wie Sie sich zur richtigen Zeit auf die richtigen Dinge konzentrieren. Sie m\u00f6chten Aufgaben immer im Multitasking erledigen? Wir zeigen Ihnen, warum das nicht der effizienteste Weg ist und wie Sie sich richtig strukturieren.<\/p>\n\n\n\n<div style=\"height:22px\" aria-hidden=\"true\" class=\"wp-block-spacer\"><\/div>","protected":false},"excerpt":{"rendered":"<p>Soft-Skill Coaching In the world of IT it is very important to really understand technologies you use but to learn new ones as well. Another very important area of expertise are Soft-Skills which often seems underrated. That area comes more and more. In the business communication is key! With a lot of expertise and trainings [&hellip;]<\/p>\n","protected":false},"author":2,"featured_media":0,"parent":508,"menu_order":1,"comment_status":"closed","ping_status":"closed","template":"","meta":{"footnotes":""},"class_list":["post-474","page","type-page","status-publish","hentry"],"aioseo_notices":[],"_links":{"self":[{"href":"http:\/\/techonauts.com\/de\/wp-json\/wp\/v2\/pages\/474","targetHints":{"allow":["GET"]}}],"collection":[{"href":"http:\/\/techonauts.com\/de\/wp-json\/wp\/v2\/pages"}],"about":[{"href":"http:\/\/techonauts.com\/de\/wp-json\/wp\/v2\/types\/page"}],"author":[{"embeddable":true,"href":"http:\/\/techonauts.com\/de\/wp-json\/wp\/v2\/users\/2"}],"replies":[{"embeddable":true,"href":"http:\/\/techonauts.com\/de\/wp-json\/wp\/v2\/comments?post=474"}],"version-history":[{"count":17,"href":"http:\/\/techonauts.com\/de\/wp-json\/wp\/v2\/pages\/474\/revisions"}],"predecessor-version":[{"id":975,"href":"http:\/\/techonauts.com\/de\/wp-json\/wp\/v2\/pages\/474\/revisions\/975"}],"up":[{"embeddable":true,"href":"http:\/\/techonauts.com\/de\/wp-json\/wp\/v2\/pages\/508"}],"wp:attachment":[{"href":"http:\/\/techonauts.com\/de\/wp-json\/wp\/v2\/media?parent=474"}],"curies":[{"name":"wp","href":"https:\/\/api.w.org\/{rel}","templated":true}]}}