{"id":492,"date":"2024-11-17T12:50:23","date_gmt":"2024-11-17T12:50:23","guid":{"rendered":"http:\/\/techonauts.com\/?page_id=492"},"modified":"2025-05-02T20:36:31","modified_gmt":"2025-05-02T20:36:31","slug":"video-and-images","status":"publish","type":"page","link":"http:\/\/techonauts.com\/de\/content\/video-and-images\/","title":{"rendered":"Video und Bild"},"content":{"rendered":"<h2 class=\"wp-block-heading\">Video und Bild<\/h2>\n\n\n\n<p>Hier setzen sie den Grundstein.<\/p>\n\n\n\n<p>Professionelles Bild- und Videomaterial ist das A und O eines jeden Engagements oder Onlineauftritts, egal welcher Art. Als Content Creator sind wir es gewohnt, Dinge in Szene zu setzen. Ein gewisses Gesp\u00fcr f\u00fcr den richtigen Moment, die richtige Szene und Beleuchtung ist dabei wichtig. Welche Pose, Hintergr\u00fcnde oder Materialien sind wichtig. All diese Dinge sind entscheidend.<\/p>\n\n\n\n<div style=\"height:22px\" aria-hidden=\"true\" class=\"wp-block-spacer\"><\/div>\n\n\n\n<p>Wir bieten Ihnen die M\u00f6glichkeit das Beste herauszuholen. Ob professionelle Bilder, Videoaufnahmen, auch per Drohne oder Schnappsch\u00fcsse, die Wahl liegt bei Ihnen.<\/p>\n\n\n\n<p>Sie sind ein Unternehmen und m\u00f6chten Luftbildaufnahmen machen? Lassen Sie uns gemeinsam Ihre Ideen in die Tat umsetzen.<\/p>\n\n\n\n<p>Sie sind ein Unternehmen und m\u00f6chten Ihre Website neu gestalten oder von Grund auf neu erstellen lassen?<\/p>\n\n\n\n<p>Sie ben\u00f6tigen neue Mitarbeiter oder Produktbilder und -videos?<\/p>\n\n\n\n<div style=\"height:22px\" aria-hidden=\"true\" class=\"wp-block-spacer\"><\/div>\n\n\n\n<p>Was ist das wirkungsvollste Mittel, um die Aufmerksamkeit Ihres Publikums schnell zu gewinnen? Ja, ein kurzes und fesselndes Video. Es kann eine Demo Ihres Produkts, die Ank\u00fcndigung einer neuen Strategie, die Pr\u00e4sentation Ihrer Firmenveranstaltung oder etwas anderes sein. Ein tolles Video wird sie mit einem WOW-Effekt fesseln.<\/p>\n\n\n\n<p>In der Immobilienbranche ist es nicht un\u00fcblich, Luftaufnahmen der Immobilie zu haben. Diese sind f\u00fcr Banken, Interessenten oder zur Vermittlung eines Eindrucks auf Ihrer Website notwendig. Je besser das Material, desto mehr Interesse und bessere Preise k\u00f6nnen Sie erzielen.<\/p>\n\n\n\n<div style=\"height:22px\" aria-hidden=\"true\" class=\"wp-block-spacer\"><\/div>\n\n\n\n<p>Wir helfen Ihnen gerne.<\/p>\n\n\n\n<div style=\"height:22px\" aria-hidden=\"true\" class=\"wp-block-spacer\"><\/div>","protected":false},"excerpt":{"rendered":"<p>Video and Images Here you will set the base. Professional images and video material are the A and O of any engagement or online presence, no matter what kind. As a content creator, we are used to putting things in the spotlight. A certain feeling for the right moment, the right scene and lighting is [&hellip;]<\/p>\n","protected":false},"author":2,"featured_media":0,"parent":534,"menu_order":1,"comment_status":"closed","ping_status":"closed","template":"","meta":{"footnotes":""},"class_list":["post-492","page","type-page","status-publish","hentry"],"aioseo_notices":[],"_links":{"self":[{"href":"http:\/\/techonauts.com\/de\/wp-json\/wp\/v2\/pages\/492","targetHints":{"allow":["GET"]}}],"collection":[{"href":"http:\/\/techonauts.com\/de\/wp-json\/wp\/v2\/pages"}],"about":[{"href":"http:\/\/techonauts.com\/de\/wp-json\/wp\/v2\/types\/page"}],"author":[{"embeddable":true,"href":"http:\/\/techonauts.com\/de\/wp-json\/wp\/v2\/users\/2"}],"replies":[{"embeddable":true,"href":"http:\/\/techonauts.com\/de\/wp-json\/wp\/v2\/comments?post=492"}],"version-history":[{"count":13,"href":"http:\/\/techonauts.com\/de\/wp-json\/wp\/v2\/pages\/492\/revisions"}],"predecessor-version":[{"id":834,"href":"http:\/\/techonauts.com\/de\/wp-json\/wp\/v2\/pages\/492\/revisions\/834"}],"up":[{"embeddable":true,"href":"http:\/\/techonauts.com\/de\/wp-json\/wp\/v2\/pages\/534"}],"wp:attachment":[{"href":"http:\/\/techonauts.com\/de\/wp-json\/wp\/v2\/media?parent=492"}],"curies":[{"name":"wp","href":"https:\/\/api.w.org\/{rel}","templated":true}]}}