{"id":508,"date":"2024-11-17T11:23:10","date_gmt":"2024-11-17T11:23:10","guid":{"rendered":"http:\/\/techonauts.com\/?page_id=508"},"modified":"2025-05-02T20:32:11","modified_gmt":"2025-05-02T20:32:11","slug":"coaching","status":"publish","type":"page","link":"http:\/\/techonauts.com\/de\/coaching\/","title":{"rendered":"Training"},"content":{"rendered":"<h2 class=\"wp-block-heading\">Training<\/h2>\n\n\n\n<p>Training ist wichtiger als jemals zuvor!<\/p>\n\n\n\n<p>Lassen Sie unsere Trainer ihnen Best Practices, tolle Techniken oder simple wie sie neue Software in ihrer Firma implementieren zeigen. <\/p>\n\n\n\n<p>Dank unserer langj\u00e4hrigen Erfahrung in zahlreichen M\u00e4rkten und Branchen k\u00f6nnen wir Sie so coachen, dass Sie Ihre t\u00e4glichen Herausforderungen problemlos bew\u00e4ltigen und an Ihre Grenzen gehen k\u00f6nnen.<\/p>\n\n\n\n<p>Sie m\u00f6chten ein gro\u00dfartiger Moderator oder Redner auf der B\u00fchne vor gro\u00dfem Publikum sein? Dann sind Sie bei uns richtig. Mit viel Erfahrung auf mehreren B\u00fchnen und vor Publikum jeder Gr\u00f6\u00dfe k\u00f6nnen wir Ihnen ein gro\u00dfartigen Werkzeugkasten mitgeben.<\/p>\n\n\n\n<div style=\"height:22px\" aria-hidden=\"true\" class=\"wp-block-spacer\"><\/div>\n\n\n\n<p>  Sie sind im technischen Bereich t\u00e4tig und m\u00f6chten ein gro\u00dfartigen Werkzeugkasten f\u00fcr Ihre Verwaltungs- oder Beratungsaufgaben aufbauen? Auch hier verf\u00fcgen wir \u00fcber umfangreiche Erfahrung in vielen verschiedenen Bereichen und k\u00f6nnen Ihnen Tipps und Tricks geben, die Sie auf die komfortable Seite bringen.<\/p>\n\n\n\n<div style=\"height:22px\" aria-hidden=\"true\" class=\"wp-block-spacer\"><\/div>\n\n\n\n<p>Wechseln Sie auf die \u00dcberholspur und investieren Sie in sich selbst.<\/p>\n\n\n\n<p><a href=\"http:\/\/techonauts.com\/de\/coaching\/technology-coaching\/\" target=\"_blank\" rel=\"noopener\" title=\"Technologie Training\">Technologie Training<\/a><\/p>\n\n\n\n<p><a href=\"http:\/\/techonauts.com\/de\/coaching\/soft-skill-coaching\/\" target=\"_blank\" rel=\"noopener\" title=\"Soft-Skill Training\">Soft-Sklill Coaching<\/a><\/p>\n\n\n\n<div style=\"height:22px\" aria-hidden=\"true\" class=\"wp-block-spacer\"><\/div>\n\n\n\n<p><\/p>","protected":false},"excerpt":{"rendered":"<p>Coaching Coaching is more important than ever before! Let our trainers show you best practices, great techniques or simply how to implement new Software in your Company. With many years of experience in several markets and verticals we can coach you that you feel comfortable to handle your daily challenges or push the limits. You [&hellip;]<\/p>\n","protected":false},"author":2,"featured_media":0,"parent":0,"menu_order":0,"comment_status":"closed","ping_status":"closed","template":"","meta":{"footnotes":""},"class_list":["post-508","page","type-page","status-publish","hentry"],"aioseo_notices":[],"_links":{"self":[{"href":"http:\/\/techonauts.com\/de\/wp-json\/wp\/v2\/pages\/508","targetHints":{"allow":["GET"]}}],"collection":[{"href":"http:\/\/techonauts.com\/de\/wp-json\/wp\/v2\/pages"}],"about":[{"href":"http:\/\/techonauts.com\/de\/wp-json\/wp\/v2\/types\/page"}],"author":[{"embeddable":true,"href":"http:\/\/techonauts.com\/de\/wp-json\/wp\/v2\/users\/2"}],"replies":[{"embeddable":true,"href":"http:\/\/techonauts.com\/de\/wp-json\/wp\/v2\/comments?post=508"}],"version-history":[{"count":5,"href":"http:\/\/techonauts.com\/de\/wp-json\/wp\/v2\/pages\/508\/revisions"}],"predecessor-version":[{"id":881,"href":"http:\/\/techonauts.com\/de\/wp-json\/wp\/v2\/pages\/508\/revisions\/881"}],"wp:attachment":[{"href":"http:\/\/techonauts.com\/de\/wp-json\/wp\/v2\/media?parent=508"}],"curies":[{"name":"wp","href":"https:\/\/api.w.org\/{rel}","templated":true}]}}