{"id":514,"date":"2024-11-17T12:44:36","date_gmt":"2024-11-17T12:44:36","guid":{"rendered":"http:\/\/techonauts.com\/?page_id=514"},"modified":"2025-05-02T20:41:15","modified_gmt":"2025-05-02T20:41:15","slug":"social-media","status":"publish","type":"page","link":"http:\/\/techonauts.com\/de\/social-media\/","title":{"rendered":"Soziale Medien"},"content":{"rendered":"<h2 class=\"wp-block-heading\">Soziale Medien Verwaltung (Management)<\/h2>\n\n\n\n<p>Haben Sie schon einmal dar\u00fcber nachgedacht, Ihr Unternehmen, Ihr Produkt oder einfach sich selbst besser zu pr\u00e4sentieren?<\/p>\n\n\n\n<p>Soziale Medien ist heute wichtiger denn je und ein fantastisches Werkzeug.\u00a0<\/p>\n\n\n\n<p>Viele Menschen glauben, dass soziale Medien nicht unbedingt in einen Unternehmenskontext geh\u00f6ren und f\u00fcr private Zwecke genutzt werden sollten. Das ist ein gro\u00dfer Irrtum.<\/p>\n\n\n\n<p>Mithilfe einer professionellen Pr\u00e4senz in Sozialen Medien, sei es auf LinkedIn, Instagram oder TikTok, k\u00f6nnen Sie Ihrem Unternehmen einen starken Schub geben und es nach vorne bringen. Seien Sie Ihrer Konkurrenz einen Schritt voraus, gewinnen Sie neue Kunden und werden Sie f\u00fcr neue Mitarbeiter attraktiver. Heute sind die sozialen Medien nicht nur eine Plattform f\u00fcr schnelle Videos, sondern vielmehr ein Werkzeug, das Sie nutzen sollten.<\/p>\n\n\n\n<p>Auch die Attraktivit\u00e4t eines Arbeitgebers steigt mit dem Einsatz moderner Technologien und hier stehen die sozialen Medien ganz klar ganz oben auf der Liste.<\/p>\n\n\n\n<div style=\"height:22px\" aria-hidden=\"true\" class=\"wp-block-spacer\"><\/div>\n\n\n\n<h4 class=\"wp-block-heading\">Business Plattform<\/h4>\n\n\n\n<p>Sie ben\u00f6tigen eine starke Pr\u00e4senz auf einer Business-Plattform?&nbsp;<\/p>\n\n\n\n<p>Ich helfe Ihnen dabei, Ihr Unternehmen angemessen zu repr\u00e4sentieren. Mit jahrelanger Erfahrung im Bereich LinkedIn sorgen wir f\u00fcr den passenden Unternehmensauftritt, der Ihr Unternehmen f\u00fcr neue Mitarbeiter attraktiv macht und Ihren Kunden einen perfekten Einblick in Ihr Unternehmen erm\u00f6glicht.<\/p>\n\n\n\n<p>Ihr Vorteil: erh\u00f6hte Kundenanfragen und Attraktivit\u00e4t f\u00fcr neue Mitarbeiter. Aber auch Ihr bestehendes Team wird sich noch besser mit Ihrem Unternehmen identifizieren und es mit Stolz repr\u00e4sentieren.<\/p>\n\n\n\n<p>Oder Sie m\u00f6chten sich besser pr\u00e4sentieren, f\u00fcr neue Arbeitgeber attraktiver sein oder Ihr Profil optimieren? Wir helfen Ihnen, das Beste aus Ihren M\u00f6glichkeiten herauszuholen.<\/p>\n\n\n\n<div style=\"height:22px\" aria-hidden=\"true\" class=\"wp-block-spacer\"><\/div>\n\n\n\n<h4 class=\"wp-block-heading\">Soziale Medien Plattformen<\/h4>\n\n\n\n<p>Sie sind ein Verein, ein Unternehmen oder eine Privatperson, kennen sich aber mit Social Media nicht aus, haben keine Zeit daf\u00fcr oder m\u00f6chten diese Aufgabe einfach in professionelle H\u00e4nde legen?<\/p>\n\n\n\n<p>Dann sind Sie bei uns genau richtig. Wir besch\u00e4ftigen uns seit Jahren mit Sozialen Medien Plattformen, ihrer Pr\u00e4senz auf dem Markt und wie man sie nutzen kann. Doch was ist sonst noch wichtig?<\/p>\n\n\n\n<p>Sie sollten genau wissen, wie und welche Inhalte Sie wann und wo platzieren. Klingt kompliziert? Muss es aber nicht sein. Wir erstellen Ihren Auftritt in Sozialen Medien, geben Ihnen Anleitungen und schauen gemeinsam, welche Optimierungen Sie sich w\u00fcnschen.<\/p>\n\n\n\n<p>Vielleicht sind Sie bereits in den sozialen Medien pr\u00e4sent und m\u00f6chten das Beste daraus machen. Lassen Sie uns Ihre Seite und Ihr Profil \u00fcberpr\u00fcfen und die notwendigen Optimierungen vornehmen.<\/p>\n\n\n\n<p>Ein weiterer Punkt, auf den Sie achten sollten, ist die Sicherheit. Welche Daten und Informationen geben Sie preis? Vielen Menschen ist nicht bewusst, dass sie beim Posten von Bildern ihren Standort und viele andere Informationen preisgeben, ohne es zu wissen. Oder sie haben nicht die richtigen Einstellungen vorgenommen, wodurch Informationen f\u00fcr Personen zug\u00e4nglich sind, die \u00fcberhaupt keinen Zugriff darauf haben sollten. So k\u00f6nnen Personen ganz einfach Profile mit allen von Ihnen besuchten Standorten und mehr erstellen.<\/p>\n\n\n\n<div style=\"height:22px\" aria-hidden=\"true\" class=\"wp-block-spacer\"><\/div>\n\n\n\n<p>Wir unterst\u00fctzen Sie mit professionellem Inhalt. Dabei spielt es keine Rolle, ob Sie Foto- oder Video-Inhalte verwenden m\u00f6chten. Manchmal ist professionelle Unterst\u00fctzung besser, insbesondere wenn Sie sich selbst repr\u00e4sentieren m\u00f6chten. Der von Ihnen verwendete Inhalt ist entscheidend, um die richtige Aufmerksamkeit des Publikums zu erreichen, das Sie ansprechen m\u00f6chten.<\/p>\n\n\n\n<p>Wir bieten Ihnen die Wahl zwischen verschiedenen M\u00f6glichkeiten. Sei es Soziale Medien um Ihr Unternehmen bekannt zu machen und neue Kunden zu gewinnen, oder um Ihr Produkt richtig zu positionieren. Bild- und Videomaterial, welches die Grundlage f\u00fcr einen professionellen Auftritt bildet. Aber auch komplette Produktionen im Bereich UGC. Wir k\u00fcmmern uns um Sie und Ihre Anliegen und schaffen neue Wege f\u00fcr Ihren Erfolg.<\/p>\n\n\n\n<div style=\"height:22px\" aria-hidden=\"true\" class=\"wp-block-spacer\"><\/div>\n\n\n\n<p>Schauen Sie sich die einzelnen Kompetenzbereiche an und verschaffen Sie sich einen Eindruck von den Vorteilen unseres Engagements.<\/p>\n\n\n\n<div style=\"height:22px\" aria-hidden=\"true\" class=\"wp-block-spacer\"><\/div>\n\n\n\n<div style=\"height:22px\" aria-hidden=\"true\" class=\"wp-block-spacer\"><\/div>","protected":false},"excerpt":{"rendered":"<p>Social Media Management Did you ever thought about to present your Company, Product or simply yourself better? Social Media is today more important as ever before and a fantastic toolbox.\u00a0 Many people believe that social media does not necessarily belong in a corporate context and should be used for private purposes. This is a big [&hellip;]<\/p>\n","protected":false},"author":2,"featured_media":0,"parent":0,"menu_order":1,"comment_status":"closed","ping_status":"closed","template":"","meta":{"footnotes":""},"class_list":["post-514","page","type-page","status-publish","hentry"],"aioseo_notices":[],"_links":{"self":[{"href":"http:\/\/techonauts.com\/de\/wp-json\/wp\/v2\/pages\/514","targetHints":{"allow":["GET"]}}],"collection":[{"href":"http:\/\/techonauts.com\/de\/wp-json\/wp\/v2\/pages"}],"about":[{"href":"http:\/\/techonauts.com\/de\/wp-json\/wp\/v2\/types\/page"}],"author":[{"embeddable":true,"href":"http:\/\/techonauts.com\/de\/wp-json\/wp\/v2\/users\/2"}],"replies":[{"embeddable":true,"href":"http:\/\/techonauts.com\/de\/wp-json\/wp\/v2\/comments?post=514"}],"version-history":[{"count":15,"href":"http:\/\/techonauts.com\/de\/wp-json\/wp\/v2\/pages\/514\/revisions"}],"predecessor-version":[{"id":724,"href":"http:\/\/techonauts.com\/de\/wp-json\/wp\/v2\/pages\/514\/revisions\/724"}],"wp:attachment":[{"href":"http:\/\/techonauts.com\/de\/wp-json\/wp\/v2\/media?parent=514"}],"curies":[{"name":"wp","href":"https:\/\/api.w.org\/{rel}","templated":true}]}}