{"id":526,"date":"2024-11-17T13:08:37","date_gmt":"2024-11-17T13:08:37","guid":{"rendered":"http:\/\/techonauts.com\/?page_id=526"},"modified":"2025-05-02T20:36:48","modified_gmt":"2025-05-02T20:36:48","slug":"ugc","status":"publish","type":"page","link":"http:\/\/techonauts.com\/de\/content\/ugc\/","title":{"rendered":"UGC"},"content":{"rendered":"<h2 class=\"wp-block-heading\">Benutzer generierter Inhalt<\/h2>\n\n\n\n<div style=\"height:22px\" aria-hidden=\"true\" class=\"wp-block-spacer\"><\/div>\n\n\n\n<h3 class=\"wp-block-heading\">Was ist UGC?<\/h3>\n\n\n\n<p>UGC steht f\u00fcr Benutzer generierter Inhalt. Aber was bedeutet das?<\/p>\n\n\n\n<p>Im Endeffekt, macht man sich \"normale\" Anwender zu nutze, Menschen wie du und ich. Diese erstellen dann den entsprechenden Content in Form von Video und Bildmaterial um deine Marke, dein Produkt zu pushen und zu repr\u00e4sentieren.<\/p>\n\n\n\n<p>Wer kann ein Produkt besser pr\u00e4sentieren oder repr\u00e4sentieren als die Menschen, die es letztendlich verwenden werden und zu der Zielgruppe geh\u00f6ren, die Sie ansprechen m\u00f6chten?<\/p>\n\n\n\n<p>Wir testen zum Beispiel viel Technik und Gadgets. Wie w\u00e4re es,  Video-Reviews Ihres Produktes zu erstellen, die Sie Ihrer Benutzergruppe pr\u00e4sentieren k\u00f6nnen?<\/p>\n\n\n\n<div style=\"height:22px\" aria-hidden=\"true\" class=\"wp-block-spacer\"><\/div>\n\n\n\n<h4 class=\"wp-block-heading\">Aber was ist genau der Vorteil von UGC?<\/h4>\n\n\n\n<p>UGC ist im Endeffekt Produktwerbung. Der Vorteil von UGC ist allerdings, dass diese Werbung nicht sofort als solche erkannt wird, da sie eher wie normaler Inhalt auf einer Plattform, z.B. einer Social Media Plattform aussieht. Im Endeffekt platziert man den Inhalt wie normalen Inhalt, der dort hingeh\u00f6rt.<\/p>\n\n\n\n<p>Der zweifellos gro\u00dfe Vorteil hierbei ist, dass Benutzer diese Anzeigen sehen und Sie Ihr Produkt entsprechend vermarkten k\u00f6nnen.<\/p>\n\n\n\n<p>Ein weiterer Vorteil ist, dass die Inhalte von derselben Nutzergruppe erstellt werden, die die Inhalte sp\u00e4ter auch ansieht. Das hei\u00dft, Ihrer Zielgruppe werden Produkte von Gleichgesinnten pr\u00e4sentiert, was eine psychologische Verbindung schafft und Ihren Marketingerfolg steigert.<\/p>\n\n\n\n<div style=\"height:22px\" aria-hidden=\"true\" class=\"wp-block-spacer\"><\/div>","protected":false},"excerpt":{"rendered":"<p>UGC &#8211; User generated content What is UGC? UGC stands for User generated content. But what does that mean? In the end, you make use of &#8220;normal&#8221; users, people like you and me. They then create the appropriate content in the form of videos and images to push and represent your brand and product. Who [&hellip;]<\/p>\n","protected":false},"author":2,"featured_media":0,"parent":534,"menu_order":2,"comment_status":"closed","ping_status":"closed","template":"","meta":{"footnotes":""},"class_list":["post-526","page","type-page","status-publish","hentry"],"aioseo_notices":[],"_links":{"self":[{"href":"http:\/\/techonauts.com\/de\/wp-json\/wp\/v2\/pages\/526","targetHints":{"allow":["GET"]}}],"collection":[{"href":"http:\/\/techonauts.com\/de\/wp-json\/wp\/v2\/pages"}],"about":[{"href":"http:\/\/techonauts.com\/de\/wp-json\/wp\/v2\/types\/page"}],"author":[{"embeddable":true,"href":"http:\/\/techonauts.com\/de\/wp-json\/wp\/v2\/users\/2"}],"replies":[{"embeddable":true,"href":"http:\/\/techonauts.com\/de\/wp-json\/wp\/v2\/comments?post=526"}],"version-history":[{"count":5,"href":"http:\/\/techonauts.com\/de\/wp-json\/wp\/v2\/pages\/526\/revisions"}],"predecessor-version":[{"id":783,"href":"http:\/\/techonauts.com\/de\/wp-json\/wp\/v2\/pages\/526\/revisions\/783"}],"up":[{"embeddable":true,"href":"http:\/\/techonauts.com\/de\/wp-json\/wp\/v2\/pages\/534"}],"wp:attachment":[{"href":"http:\/\/techonauts.com\/de\/wp-json\/wp\/v2\/media?parent=526"}],"curies":[{"name":"wp","href":"https:\/\/api.w.org\/{rel}","templated":true}]}}