{"id":571,"date":"2024-11-17T14:53:26","date_gmt":"2024-11-17T14:53:26","guid":{"rendered":"http:\/\/techonauts.com\/?page_id=571"},"modified":"2025-05-02T20:40:46","modified_gmt":"2025-05-02T20:40:46","slug":"web-design","status":"publish","type":"page","link":"http:\/\/techonauts.com\/de\/web-design\/","title":{"rendered":"Web-Design"},"content":{"rendered":"<h2 class=\"wp-block-heading\">Web-Design<\/h2>\n\n\n\n<p>Die Basis jedes professionellen Auftritts ist eine professionelle Website. Benutzerfreundlichkeit und die Geschwindigkeit, mit der wir die gesuchten Informationen finden, sind dabei entscheidend.<\/p>\n\n\n\n<p>M\u00f6chten auch Sie den n\u00e4chsten Schritt gehen und Ihren Kunden eine passende Anlaufstelle bieten?<\/p>\n\n\n\n<div style=\"height:22px\" aria-hidden=\"true\" class=\"wp-block-spacer\"><\/div>\n\n\n\n<h4 class=\"wp-block-heading\">Webseiten Design und Erstellung<\/h4>\n\n\n\n<p>Unsere Dienstleistungen beinhalten:<\/p>\n\n\n\n<ul class=\"wp-block-list\">\n<li>Entwicklung und Design von benutzerfreundlichen, modernen und attraktiven Webseiten.<\/li>\n\n\n\n<li>Eigenschaftsanpassendes Webseiten Design (optimiert f\u00fcr Desktop und Mobile Ger\u00e4te)<\/li>\n\n\n\n<li>Benutzerfreundliche Strukturen f\u00fcr einen schnellen \u00dcberblick und Informationsabruf<\/li>\n\n\n\n<li>Erstellung von qualitativ hochwertigem Inhalt (Text und Design)<\/li>\n\n\n\n<li>Blog Beitr\u00e4ge<\/li>\n\n\n\n<li>Produkt und Dienstleistung Beschreibungen<\/li>\n\n\n\n<li>Landing pages, etc.<\/li>\n<\/ul>\n\n\n\n<div style=\"height:22px\" aria-hidden=\"true\" class=\"wp-block-spacer\"><\/div>\n\n\n\n<h4 class=\"wp-block-heading\">Analyse und Optimierung<\/h4>\n\n\n\n<ul class=\"wp-block-list\">\n<li>Analyse und Optimierung ihrer bestehenden Online Pr\u00e4senz:\n<ul class=\"wp-block-list\">\n<li>Welche Erweiterungen sind notwendig oder helfen ihre Online Pr\u00e4senz zu optimieren<\/li>\n\n\n\n<li>Welche Erweiterungen verursachen Probleme<\/li>\n\n\n\n<li>Kann die Geschwindigkeit, Reaktionszeit optimiert werden (SEO)<\/li>\n\n\n\n<li>Verbesserung Google \/ Suche Platzierung (SEO)<\/li>\n\n\n\n<li>Adaptieren und Anpassen an das Firmendesgin f\u00fcr eine einheitliche Representanz<\/li>\n\n\n\n<li>Schnell-Links Optimierung<\/li>\n<\/ul>\n<\/li>\n<\/ul>\n\n\n\n<div style=\"height:22px\" aria-hidden=\"true\" class=\"wp-block-spacer\"><\/div>\n\n\n\n<h4 class=\"wp-block-heading\">Wartung<\/h4>\n\n\n\n<ul class=\"wp-block-list\">\n<li>Wartung ihrer Webseite\n<ul class=\"wp-block-list\">\n<li>Auch nach Abschluss des Projekts und der Erstellung Ihrer Website stehen wir Ihnen zur Verf\u00fcgung, um diese zu pflegen, zu optimieren oder mit den erforderlichen Updates zu versorgen.<\/li>\n<\/ul>\n<\/li>\n<\/ul>\n\n\n\n<div style=\"height:22px\" aria-hidden=\"true\" class=\"wp-block-spacer\"><\/div>\n\n\n\n<h4 class=\"wp-block-heading\">Hosting<\/h4>\n\n\n\n<ul class=\"wp-block-list\">\n<li>Erhalte die komplette Unterst\u00fctzung\n<ul class=\"wp-block-list\">\n<li>Sie m\u00f6chten Ihre Website nicht selbst bereitstellen, sondern extern betreiben lassen. (Individuelles Angebot f\u00fcr Ihren Bedarf).<\/li>\n<\/ul>\n<\/li>\n<\/ul>\n\n\n\n<div style=\"height:22px\" aria-hidden=\"true\" class=\"wp-block-spacer\"><\/div>\n\n\n\n<p>Sind Sie auch schon einmal auf eine Website gesto\u00dfen, die nicht f\u00fcr Ihr mobiles Endger\u00e4t (Handy, Tablet) optimiert, schlecht gestaltet oder langsam war? Das ist anstrengend und f\u00fchrt dazu, dass Interessenten die Seite schnell wieder verlassen! Das muss nicht sein.<\/p>\n\n\n\n<p>Lassen Sie sich von einem erfahrenen Profi dabei unterst\u00fctzen, Ihr Ziel schneller und optimaler zu erreichen, was Ihnen freie Zeit und Gedanken verschafft, um sich auf das Wesentliche zu konzentrieren. Eine enge Zusammenarbeit stellt sicher, dass Ihre Ziele und Anforderungen verstanden werden und die Umsetzung nach Ihren Vorstellungen verl\u00e4uft.<\/p>\n\n\n\n<div style=\"height:22px\" aria-hidden=\"true\" class=\"wp-block-spacer\"><\/div>\n\n\n\n<h4 class=\"wp-block-heading\">Wie wird das Engagement aussehen?<\/h4>\n\n\n\n<p>F\u00fcr uns ist es sehr wichtig, Ihre Bed\u00fcrfnisse und Anforderungen wirklich zu verstehen, um das bestm\u00f6gliche Ergebnis zu erzielen.<\/p>\n\n\n\n<p>Wir haben einen sehr strukturierten Ansatz:<\/p>\n\n\n\n<ol class=\"wp-block-list\">\n<li>Kennenlern- und Einstiegsworkshop\n<ul class=\"wp-block-list\">\n<li>Was ist ihr Ziel<\/li>\n\n\n\n<li>Welche Anforderungen haben Sie<\/li>\n\n\n\n<li>Zukunftspl\u00e4ne<\/li>\n\n\n\n<li>Wie wird das Projekt aussehen<\/li>\n\n\n\n<li>Hosting<\/li>\n\n\n\n<li>Rollen und Verantwortlichkeiten<\/li>\n\n\n\n<li>Wartung<\/li>\n\n\n\n<li>Sicherheit<\/li>\n\n\n\n<li>Dokumentation<\/li>\n<\/ul>\n<\/li>\n\n\n\n<li>Das Grobkonzept\n<ul class=\"wp-block-list\">\n<li>Kundenzielgruppe<\/li>\n\n\n\n<li>Struktur<\/li>\n\n\n\n<li>Welchen Inhalt und Medien<\/li>\n\n\n\n<li>Personalisierung (Corporate Design etc.)<\/li>\n<\/ul>\n<\/li>\n\n\n\n<li>Das Feinkonzept\n<ul class=\"wp-block-list\">\n<li>Sprachen (\u00dcbersetzung oder separate Seiten)<\/li>\n\n\n\n<li>Men\u00fc Struktur<\/li>\n\n\n\n<li>Formulare<\/li>\n\n\n\n<li>Suche<\/li>\n\n\n\n<li>SEO<\/li>\n\n\n\n<li>Plugins<\/li>\n<\/ul>\n<\/li>\n\n\n\n<li>Implementation\n<ul class=\"wp-block-list\">\n<li>Design Entwicklung<\/li>\n\n\n\n<li>Inhaltserstellung und -integration<\/li>\n\n\n\n<li>Struktur Erstellung<\/li>\n\n\n\n<li>SEO Optimierung<\/li>\n\n\n\n<li>Plugins<\/li>\n\n\n\n<li>Formular Erstellung und Integration<\/li>\n\n\n\n<li>Sicherheit<\/li>\n<\/ul>\n<\/li>\n\n\n\n<li>Testen\n<ul class=\"wp-block-list\">\n<li>Testen der gesamten Webseite und Funktionalit\u00e4t<\/li>\n<\/ul>\n<\/li>\n\n\n\n<li>\u00dcbergabe\n<ul class=\"wp-block-list\">\n<li>\u00dcbergabe an den Kunden<\/li>\n<\/ul>\n<\/li>\n\n\n\n<li>Einf\u00fchrung Wordpress (optional)\n<ul class=\"wp-block-list\">\n<li>Best Practices<\/li>\n\n\n\n<li>Wartung<\/li>\n\n\n\n<li>Plugins die Sie kennen sollten<\/li>\n<\/ul>\n<\/li>\n<\/ol>\n\n\n\n<div style=\"height:22px\" aria-hidden=\"true\" class=\"wp-block-spacer\"><\/div>\n\n\n\n<p>Wir bieten auch eine WordPress-Schulung an. <a href=\"https:\/\/techonauts.com\/de\/coaching\/technology-coaching\/wordpress\/\" target=\"_blank\" rel=\"noopener\" title=\"WordPress\">Jetzt ansehen.<\/a><\/p>\n\n\n\n<p>Neugierig?<\/p>\n\n\n\n<p>Dann nehmen Sie Kontakt zu uns auf und wir besprechen in einem kurzen Telefonat, per E-Mail oder Videomeeting Ihre W\u00fcnsche und Vorstellungen. Gerne informieren wir Sie detailliert \u00fcber die Leistungen. Selbstverst\u00e4ndlich besprechen wir auch gerne ein unverbindliches, auf Ihre Bed\u00fcrfnisse zugeschnittenes Angebot.<\/p>\n\n\n\n<p>Wir freuen uns darauf, Sie bei der Erreichung Ihrer Ziele zu unterst\u00fctzen.<\/p>\n\n\n\n<div style=\"height:22px\" aria-hidden=\"true\" class=\"wp-block-spacer\"><\/div>\n\n\n\n<p><\/p>","protected":false},"excerpt":{"rendered":"<p>Web-Design The base of every professional appearance is a professional website. User-friendliness and the speed with which we can find the information we are looking for are crucial. Do you also want to take the next step and offer your customers a suitable point of contact? Website design and creation Our services include: Analyse and [&hellip;]<\/p>\n","protected":false},"author":2,"featured_media":0,"parent":0,"menu_order":0,"comment_status":"closed","ping_status":"closed","template":"","meta":{"footnotes":""},"class_list":["post-571","page","type-page","status-publish","hentry"],"aioseo_notices":[],"_links":{"self":[{"href":"http:\/\/techonauts.com\/de\/wp-json\/wp\/v2\/pages\/571","targetHints":{"allow":["GET"]}}],"collection":[{"href":"http:\/\/techonauts.com\/de\/wp-json\/wp\/v2\/pages"}],"about":[{"href":"http:\/\/techonauts.com\/de\/wp-json\/wp\/v2\/types\/page"}],"author":[{"embeddable":true,"href":"http:\/\/techonauts.com\/de\/wp-json\/wp\/v2\/users\/2"}],"replies":[{"embeddable":true,"href":"http:\/\/techonauts.com\/de\/wp-json\/wp\/v2\/comments?post=571"}],"version-history":[{"count":24,"href":"http:\/\/techonauts.com\/de\/wp-json\/wp\/v2\/pages\/571\/revisions"}],"predecessor-version":[{"id":1041,"href":"http:\/\/techonauts.com\/de\/wp-json\/wp\/v2\/pages\/571\/revisions\/1041"}],"wp:attachment":[{"href":"http:\/\/techonauts.com\/de\/wp-json\/wp\/v2\/media?parent=571"}],"curies":[{"name":"wp","href":"https:\/\/api.w.org\/{rel}","templated":true}]}}