{"id":581,"date":"2024-11-17T15:39:16","date_gmt":"2024-11-17T15:39:16","guid":{"rendered":"http:\/\/techonauts.com\/?page_id=581"},"modified":"2025-05-02T20:38:56","modified_gmt":"2025-05-02T20:38:56","slug":"security","status":"publish","type":"page","link":"http:\/\/techonauts.com\/de\/services\/security\/","title":{"rendered":"Sicherheit"},"content":{"rendered":"<h2 class=\"wp-block-heading\">Sicherheit<\/h2>\n\n\n\n<div class=\"wp-block-media-text is-stacked-on-mobile\"><figure class=\"wp-block-media-text__media\"><img loading=\"lazy\" decoding=\"async\" width=\"1024\" height=\"1024\" src=\"http:\/\/techonauts.com\/wp-content\/uploads\/2025\/02\/Cybernetic-Workspace-1024x1024.jpeg\" alt=\"\" class=\"wp-image-959 size-full\" srcset=\"https:\/\/techonauts.com\/wp-content\/uploads\/2025\/02\/Cybernetic-Workspace-1024x1024.jpeg 1024w, https:\/\/techonauts.com\/wp-content\/uploads\/2025\/02\/Cybernetic-Workspace-300x300.jpeg 300w, https:\/\/techonauts.com\/wp-content\/uploads\/2025\/02\/Cybernetic-Workspace-150x150.jpeg 150w, https:\/\/techonauts.com\/wp-content\/uploads\/2025\/02\/Cybernetic-Workspace-768x768.jpeg 768w, https:\/\/techonauts.com\/wp-content\/uploads\/2025\/02\/Cybernetic-Workspace-12x12.jpeg 12w, https:\/\/techonauts.com\/wp-content\/uploads\/2025\/02\/Cybernetic-Workspace.jpeg 1200w\" sizes=\"auto, (max-width: 1024px) 100vw, 1024px\" \/><\/figure><div class=\"wp-block-media-text__content\">\n<p>Die j\u00fcngsten Vorf\u00e4lle haben gezeigt, dass IT-Sicherheit jeglicher Art wichtiger ist denn je.<\/p>\n<\/div><\/div>\n\n\n\n<div style=\"height:22px\" aria-hidden=\"true\" class=\"wp-block-spacer\"><\/div>\n\n\n\n<h4 class=\"wp-block-heading\">Cloud Sicherheit<\/h4>\n\n\n\n<p>Haben Sie schon einmal dar\u00fcber nachgedacht, ob Ihre Cloud-Dienste sicher sind? Wo die Daten gespeichert und verarbeitet werden? Viele Unternehmen nutzen Cloud-Dienste, manchmal sogar ohne es zu merken. Die Nutzung von Microsoft Office 365 ist f\u00fcr fast jedes Unternehmen ein wesentlicher Bestandteil. Hinzu kommen Dienste wie Dropbox, Zoom und weitere Services.<\/p>\n\n\n\n<div style=\"height:22px\" aria-hidden=\"true\" class=\"wp-block-spacer\"><\/div>\n\n\n\n<p>In vielen Unternehmen werden Tools von Anwendern eingesetzt oder Cloud-Dienste genutzt, die unter dem \u201eRadar\u201c der IT-Abteilung und damit au\u00dferhalb des Sicherheitskonzepts laufen. Dies birgt sehr gro\u00dfe Risiken!<\/p>\n\n\n\n<p>Schnell werden bei Amazon Web Services (AWS) Dienste gebucht und getestet, dann aber vergessen diese wieder zu deaktivieren und schon ist das Einfallstor da. Damit ist es f\u00fcr jeden \u201eAngreifer\u201c ein Leichtes in Ihr Unternehmen einzudringen und an Ihre sensiblen Daten zu gelangen.<\/p>\n\n\n\n<p>Dies sind nur einige Beispiele, die ich auch w\u00e4hrend meiner Zeit in der Cloud-\/Cyber \u200b\u200bSecurity-Branche erlebt habe. Das Ganze kann sehr schnell Millionensch\u00e4den verursachen und zu einer Sch\u00e4digung Ihrer Marke f\u00fchren.<\/p>\n\n\n\n<div style=\"height:22px\" aria-hidden=\"true\" class=\"wp-block-spacer\"><\/div>\n\n\n\n<p>Ein weiterer wichtiger Bereich ist das Verst\u00e4ndnis der Angriffsfl\u00e4che und des Angriffspfads oder potenziellen Angriffs in Ihrer Umgebung. Was ist der Kontext und der Pfad, den ein potenzieller Angreifer zu gehen versucht?<\/p>\n\n\n\n<p>Dadurch erhalten Sie ein viel besseres Verst\u00e4ndnis davon, was passiert und wie Sie Ihre Umgebung besser sch\u00fctzen k\u00f6nnen. Es gibt so viele Dinge, die Sie beachten m\u00fcssen: Cloud, on-premise, Code, DevOps-Pipelines usw.<\/p>\n\n\n\n<p>Wir helfen Ihnen, besser gesch\u00fctzt zu sein! Ein paar Stunden oder Tage offline k\u00f6nnen Millionen bedeuten und Sie k\u00f6nnen das verhindern.<\/p>\n\n\n\n<div style=\"height:22px\" aria-hidden=\"true\" class=\"wp-block-spacer\"><\/div>\n\n\n\n<h4 class=\"wp-block-heading\">Soziale Medien<\/h4>\n\n\n\n<p>Ein weiterer, stark untersch\u00e4tzter, aber ebenfalls wichtiger Teil sind die sozialen Medien.<\/p>\n\n\n\n<p>Fast jeder nutzt es, doch die wenigsten sind sich des Sicherheitsaspekts bewusst. Welche Themen und Bereiche gilt es zu beachten und wie kann man sich sch\u00fctzen? Werden sensible Daten aus meinem Unternehmen ver\u00f6ffentlicht oder Einblicke zug\u00e4nglich gemacht, die man nicht m\u00f6chte? Wie wird mein Unternehmen repr\u00e4sentiert? Das kann das Image Ihres Unternehmens sehr schnell sch\u00e4digen und ruinieren.<\/p>\n\n\n\n<p>Wir besch\u00e4ftigen uns schon lange mit Social Media, seinen M\u00f6glichkeiten und Herausforderungen. Es ist Segen und Fluch zugleich. Man kann seine Reichweite in k\u00fcrzester Zeit steigern und die Verkaufszahlen massiv erh\u00f6hen. Genauso schnell kann man sein Unternehmen jedoch auch in ein negatives Licht r\u00fccken und das Gegenteil erreichen.<\/p>\n\n\n\n<div style=\"height:22px\" aria-hidden=\"true\" class=\"wp-block-spacer\"><\/div>\n\n\n\n<h4 class=\"wp-block-heading\">Deep Fake<\/h4>\n\n\n\n<p>Viele Menschen untersch\u00e4tzen die Gefahr von Deep Fakes. Sie wissen nicht, was das ist? Wir zeigen Ihnen, wie Sie mit Ihren Daten umgehen und das Internet sicher nutzen, um nicht zum Opfer zu werden.<\/p>\n\n\n\n<p>Es ist so einfach, es zu erstellen und zu nutzen. K\u00f6nnen Sie sich vorstellen, was es bedeutet, wenn jemand eine solche Technologie nutzt und Sie (virtuell) in einem Video \u00fcber etwas sprechen l\u00e4sst, was Sie nie gesagt haben? Das ist nur ein Beispiel, zeigt aber deutlich, wie gef\u00e4hrlich es sein kann. Nat\u00fcrlich k\u00f6nnen Sie Avatare f\u00fcr viele Dinge gut nutzen, aber Sie m\u00fcssen wissen, wie Sie das auf sichere Weise tun.<\/p>\n\n\n\n<div style=\"height:22px\" aria-hidden=\"true\" class=\"wp-block-spacer\"><\/div>\n\n\n\n<h4 class=\"wp-block-heading\">Sicherheitsdenkweise (Bewusstsein schaffen)<\/h4>\n\n\n\n<p>In der heutigen Gesch\u00e4ftswelt sind die Mechanismen des Social Engineering und des Datenphishings weit verbreitet.<\/p>\n\n\n\n<p>Jemand hat Sie angerufen oder Ihnen eine E-Mail mit einer Anfrage, Informationen, einem Link oder sogar einem Bild geschickt. Das kann dazu f\u00fchren, dass Ihre Anmeldeinformationen gestohlen werden oder Sie auf verd\u00e4chtige Websites weitergeleitet werden.<\/p>\n\n\n\n<p>Wir alle haben schon einmal eine solche Situation erlebt und die Chance, Opfer zu werden, ist h\u00f6her als je zuvor. Stellen Sie sich vor, Sie haben einen anstrengenden Tag und nachdem Sie viele E-Mails gelesen haben oder einige Dinge erledigen m\u00fcssen, die eine Deadline haben, erhalten Sie eine SMS, WhatsApp oder E-Mail mit verd\u00e4chtigem Inhalt. Die Wahrscheinlichkeit, dass jemand auf den Link klickt oder die SMS beantwortet, ist sehr hoch.<\/p>\n\n\n\n<p>Viele dieser Spams sind sehr gut und sehen aus wie interne Systeme oder bekannte Websites. Es wird immer schwieriger, den Unterschied zu erkennen.<\/p>\n\n\n\n<div style=\"height:22px\" aria-hidden=\"true\" class=\"wp-block-spacer\"><\/div>\n\n\n\n<p>Viele gro\u00dfe Unternehmen f\u00fchren interne Tests mit gef\u00e4lschtem Spam durch, um die Mitarbeiter auf die m\u00f6glichen Folgen aufmerksam zu machen und auch um ihr Wissen zu testen.<\/p>\n\n\n\n<p>Lassen Sie sich von uns zum Thema Social Engineering coachen, wie Sie Ihre Daten sch\u00fctzen und wie Sie mit Ihren Daten umgehen, damit Sie sich wohl und sicher f\u00fchlen. Der Schaden kann in k\u00fcrzester Zeit Millionen betragen, wenn Ihre Mitarbeiter die heutigen Techniken nicht kennen und nicht \u00fcber das n\u00f6tige Wissen verf\u00fcgen.<\/p>\n\n\n\n<p>Wir bieten Ihnen einen Workshop an, um die Menschen zu sensibilisieren und Ihnen ein gutes Gef\u00fchl zu geben. <\/p>\n\n\n\n<p>Was Sie mit unserem Security-Mindset-Coaching (Bewusstseinsbildung) erhalten:<\/p>\n\n\n\n<ul class=\"wp-block-list\">\n<li>Ein gutes Gef\u00fchl Spam zu erkennen<\/li>\n\n\n\n<li>Welche Angriffsmethoden gibt es und welche sollten Sie kennen?<\/li>\n\n\n\n<li>Was ist Social Engineering und wie k\u00f6nnen Sie sich sch\u00fctzen<\/li>\n<\/ul>\n\n\n\n<p>Auch wenn Ihre Mitarbeiter bereits in einigen Themenbereichen Kenntnisse haben, kann eine Auffrischung oder ein zus\u00e4tzlicher Workshop zur Vertiefung des Wissens nie schaden. Das Coaching ist selbstverst\u00e4ndlich individuell auf Ihre Bed\u00fcrfnisse anpassbar. <\/p>\n\n\n\n<div style=\"height:22px\" aria-hidden=\"true\" class=\"wp-block-spacer\"><\/div>\n\n\n\n<h4 class=\"wp-block-heading\">Datenschutz und -sicherheit<\/h4>\n\n\n\n<p>Ein weiterer wichtiger Aspekt ist Datenschutz und -sicherheit. Haben Sie schon einmal dar\u00fcber nachgedacht, wie Sie mit Anmeldeinformationen umgehen oder Daten speichern?<\/p>\n\n\n\n<p>Wir geben Ihnen Vertrauen in:<\/p>\n\n\n\n<ul class=\"wp-block-list\">\n<li>Umgang mit Anmeldeinformationen und Konten<\/li>\n\n\n\n<li>Wie sollten Sie mit Ihren Daten umgehen<\/li>\n\n\n\n<li>Wie k\u00f6nnen Sie Ihre Daten sch\u00fctzen<\/li>\n\n\n\n<li>Wie kann eine Compliance-Richtlinie f\u00fcr Ihr Unternehmen aussehen<\/li>\n<\/ul>\n\n\n\n<p>Schauen Sie sich unsere <a href=\"http:\/\/techonauts.com\/de\/services\/\" target=\"_blank\" rel=\"noopener\" title=\"Dienstleistungen\">Dienstleistungen<\/a> und <a href=\"http:\/\/techonauts.com\/de\/coaching\/\" target=\"_blank\" rel=\"noopener\" title=\"Training\">Training<\/a> Angebote an. <\/p>\n\n\n\n<p><\/p>","protected":false},"excerpt":{"rendered":"<p>Security Recent incidents have shown that IT security of any kind is more important than ever. Cloud Security Have you ever thought about whether your cloud services are secure? Where the data is stored and processed? Many companies use cloud services, sometimes without even realizing it. The use of Microsoft Office 365 is an essential [&hellip;]<\/p>\n","protected":false},"author":2,"featured_media":0,"parent":116,"menu_order":0,"comment_status":"closed","ping_status":"closed","template":"","meta":{"footnotes":""},"class_list":["post-581","page","type-page","status-publish","hentry"],"aioseo_notices":[],"_links":{"self":[{"href":"http:\/\/techonauts.com\/de\/wp-json\/wp\/v2\/pages\/581","targetHints":{"allow":["GET"]}}],"collection":[{"href":"http:\/\/techonauts.com\/de\/wp-json\/wp\/v2\/pages"}],"about":[{"href":"http:\/\/techonauts.com\/de\/wp-json\/wp\/v2\/types\/page"}],"author":[{"embeddable":true,"href":"http:\/\/techonauts.com\/de\/wp-json\/wp\/v2\/users\/2"}],"replies":[{"embeddable":true,"href":"http:\/\/techonauts.com\/de\/wp-json\/wp\/v2\/comments?post=581"}],"version-history":[{"count":20,"href":"http:\/\/techonauts.com\/de\/wp-json\/wp\/v2\/pages\/581\/revisions"}],"predecessor-version":[{"id":960,"href":"http:\/\/techonauts.com\/de\/wp-json\/wp\/v2\/pages\/581\/revisions\/960"}],"up":[{"embeddable":true,"href":"http:\/\/techonauts.com\/de\/wp-json\/wp\/v2\/pages\/116"}],"wp:attachment":[{"href":"http:\/\/techonauts.com\/de\/wp-json\/wp\/v2\/media?parent=581"}],"curies":[{"name":"wp","href":"https:\/\/api.w.org\/{rel}","templated":true}]}}