{"id":604,"date":"2024-11-18T12:55:32","date_gmt":"2024-11-18T12:55:32","guid":{"rendered":"http:\/\/techonauts.com\/?page_id=604"},"modified":"2025-05-02T20:38:42","modified_gmt":"2025-05-02T20:38:42","slug":"poc-vs-pov","status":"publish","type":"page","link":"http:\/\/techonauts.com\/de\/services\/poc-vs-pov\/","title":{"rendered":"PoC vs. PoV"},"content":{"rendered":"<h2 class=\"wp-block-heading\">PoC vs. PoV<\/h2>\n\n\n\n<p>Viele Unternehmen, die nach L\u00f6sungen suchen, m\u00f6chten zun\u00e4chst einen PoC oder PoV durchf\u00fchren. Aber es gibt einen gro\u00dfen Unterschied zwischen den beiden. Lassen Sie mich Ihnen sagen, wann Sie was verwenden sollten.<\/p>\n\n\n\n<div style=\"height:22px\" aria-hidden=\"true\" class=\"wp-block-spacer\"><\/div>\n\n\n\n<h4 class=\"wp-block-heading\">PoC &#8211; Proof of Concept<\/h4>\n\n\n\n<p>Sie f\u00fchren einen PoC durch, wenn Sie die Software selbst testen m\u00f6chten, ob sie wie vorgesehen funktioniert. Damit gewinnen Sie Vertrauen in die Software selbst, wenn sie wie erwartet funktioniert.<\/p>\n\n\n\n<div style=\"height:22px\" aria-hidden=\"true\" class=\"wp-block-spacer\"><\/div>\n\n\n\n<h4 class=\"wp-block-heading\">PoV &#8211; Proof of Value<\/h4>\n\n\n\n<p>Mit einem Proof of Value testen Sie, ob die Software den gew\u00fcnschten Mehrwert in dem von Ihnen gesuchten Szenario bringt. Das bedeutet, Sie haben bestimmte Anwendungsf\u00e4lle, die Sie l\u00f6sen m\u00f6chten, und testen, ob die Software, von der Sie \u00fcberzeugt sind, dass sie funktioniert, diese in IHREM Szenario und Ihrer Infrastruktur l\u00f6sen kann.<\/p>\n\n\n\n<div style=\"height:22px\" aria-hidden=\"true\" class=\"wp-block-spacer\"><\/div>\n\n\n\n<p>Normalerweise suchen Unternehmen nach einem PoV, um zu verstehen, ob die Software, die sie sich ansehen, ihre Anforderungen erf\u00fcllen kann. Der wichtigste Aspekt dabei ist, Ihre spezifischen Anwendungsf\u00e4lle aufzuschreiben, an denen Sie die Software testen m\u00f6chten. Dar\u00fcber hinaus m\u00fcssen Sie definieren, wann der Anwendungsfall erfolgreich gel\u00f6st ist und was die allgemeinen Erfolgskriterien f\u00fcr Ihren PoV oder PoC sind.<\/p>\n\n\n\n<div style=\"height:22px\" aria-hidden=\"true\" class=\"wp-block-spacer\"><\/div>\n\n\n\n<h4 class=\"wp-block-heading\">Wie k\u00f6nnen wir helfen?<\/h4>\n\n\n\n<p>Wir haben so viele PoCs und PoVs f\u00fcr so unterschiedliche Arten von Software in verschiedenen Szenarien und unterschiedlichen Branchen durchgef\u00fchrt. Lassen Sie sich von uns mit unserer langj\u00e4hrigen Erfahrung dabei unterst\u00fctzen, die richtige Software f\u00fcr Ihre Anforderungen zu finden und die Erfolgskriterien und Anwendungsf\u00e4lle zu definieren, an denen Sie testen m\u00fcssen.<\/p>\n\n\n\n<p>Abschlie\u00dfend erstellen wir die Dokumentation zum PoV bzw. PoC mit allen Informationen, die Sie f\u00fcr Ihre Entscheidung ben\u00f6tigen. Dar\u00fcber hinaus unterst\u00fctzen wir Sie auch gerne in der Umsetzungsphase.<\/p>\n\n\n\n<div style=\"height:22px\" aria-hidden=\"true\" class=\"wp-block-spacer\"><\/div>","protected":false},"excerpt":{"rendered":"<p>PoC vs. PoV A lot of Companies which searching for solutions out there, first want to perform a PoC or PoV. But there is a huge difference between the both. Let me tell you when to use what. PoC &#8211; Proof of Concept You will do a PoC if you want to proof the Software [&hellip;]<\/p>\n","protected":false},"author":2,"featured_media":0,"parent":116,"menu_order":0,"comment_status":"closed","ping_status":"closed","template":"","meta":{"footnotes":""},"class_list":["post-604","page","type-page","status-publish","hentry"],"aioseo_notices":[],"_links":{"self":[{"href":"http:\/\/techonauts.com\/de\/wp-json\/wp\/v2\/pages\/604","targetHints":{"allow":["GET"]}}],"collection":[{"href":"http:\/\/techonauts.com\/de\/wp-json\/wp\/v2\/pages"}],"about":[{"href":"http:\/\/techonauts.com\/de\/wp-json\/wp\/v2\/types\/page"}],"author":[{"embeddable":true,"href":"http:\/\/techonauts.com\/de\/wp-json\/wp\/v2\/users\/2"}],"replies":[{"embeddable":true,"href":"http:\/\/techonauts.com\/de\/wp-json\/wp\/v2\/comments?post=604"}],"version-history":[{"count":8,"href":"http:\/\/techonauts.com\/de\/wp-json\/wp\/v2\/pages\/604\/revisions"}],"predecessor-version":[{"id":693,"href":"http:\/\/techonauts.com\/de\/wp-json\/wp\/v2\/pages\/604\/revisions\/693"}],"up":[{"embeddable":true,"href":"http:\/\/techonauts.com\/de\/wp-json\/wp\/v2\/pages\/116"}],"wp:attachment":[{"href":"http:\/\/techonauts.com\/de\/wp-json\/wp\/v2\/media?parent=604"}],"curies":[{"name":"wp","href":"https:\/\/api.w.org\/{rel}","templated":true}]}}