{"id":752,"date":"2025-02-18T17:03:28","date_gmt":"2025-02-18T17:03:28","guid":{"rendered":"http:\/\/techonauts.com\/?page_id=752"},"modified":"2025-05-02T20:38:27","modified_gmt":"2025-05-02T20:38:27","slug":"idaas","status":"publish","type":"page","link":"http:\/\/techonauts.com\/de\/services\/idaas\/","title":{"rendered":"Identit\u00e4t als Service (IDaaS)"},"content":{"rendered":"<h2 class=\"wp-block-heading\">Identit\u00e4t als Service (IDaaS)<\/h2>\n\n\n\n<p>Ein sehr wichtiger und interessanter Technologiebereich ist die Identit\u00e4t. Der Fokus liegt immer mehr auf dem Benutzer selbst und er wird im Mittelpunkt vieler Technologie-Stacks stehen. <\/p>\n\n\n\n<p>Aber was bedeutet das wirklich?<\/p>\n\n\n\n<p>Benutzer m\u00f6chten Technologie oder besser gesagt Dienste auf die effizienteste und einfachste Weise nutzen. Wir sind alle mit der Nutzung eines Smartphones vertraut, bei dem alles, was ich brauche, nur einen Klick entfernt ist. Die Art und Weise, wie wir mit Mobiltelefonen arbeiten, bestimmt die Richtung, in der wir die Dienste nutzen m\u00f6chten. Dieselbe Erwartung haben wir, wenn wir mit anderen Ger\u00e4ten wie unserem Laptop arbeiten.<\/p>\n\n\n\n<p>Die gute Nachricht ist, dass dies mit einigen L\u00f6sungen m\u00f6glich ist. Wie immer kommt es darauf an, was Sie erreichen m\u00f6chten und welche Dienste Sie integrieren m\u00f6chten. Wir haben Erfahrung mit den f\u00fchrenden Technologieanbietern auf dem Markt, Okta, Microsoft Azure, VMware Workspace ONE Access. Lassen Sie uns Ihren One-Stop-Shop f\u00fcr alle Dienste aufbauen, die Sie ben\u00f6tigen und nutzen m\u00f6chten, je nach Ihrer Rolle, Ihren Verantwortlichkeiten und den erforderlichen Technologien, die Sie f\u00fcr Ihr t\u00e4gliches Gesch\u00e4ft ben\u00f6tigen, um Ihr Leben einfacher und Ihr Gesch\u00e4ft effizienter zu machen.<\/p>\n\n\n\n<div style=\"height:22px\" aria-hidden=\"true\" class=\"wp-block-spacer\"><\/div>\n\n\n\n<p>SIE entscheiden, wie der zentrale Dienste-Hub aussehen soll, welche Apps darin enthalten sind und wie einfach Sie sich dort anmelden k\u00f6nnen. <\/p>\n\n\n\n<p>Sie wollen sich mit einem klick anmelden? Kein Problem!<\/p>\n\n\n\n<p>Sie wollen zum Beispiel eine weitere Sicherheitsebene f\u00fcr ihre CRM Systeme? Ebenfalls kein Problem.<\/p>\n\n\n\n<div style=\"height:22px\" aria-hidden=\"true\" class=\"wp-block-spacer\"><\/div>\n\n\n\n<p>Ein weiterer toller Aspekt ist, dass Sie Ihren Mitarbeitern ein klares On-Off-Boarding erm\u00f6glichen. Ein neuer Mitarbeiter f\u00e4ngt bald an? Kein Problem, am ersten Tag findet er alles, was er braucht, an einem Ort. Die Hardware muss ge\u00e4ndert werden? Das Gleiche gilt, melden Sie sich am bekannten Ort an, nichts hat sich ge\u00e4ndert. Das wird das Leben Ihrer Mitarbeiter, Administratoren und des Unternehmens im Allgemeinen erheblich erleichtern.<\/p>\n\n\n\n<div style=\"height:22px\" aria-hidden=\"true\" class=\"wp-block-spacer\"><\/div>\n\n\n\n<p>Unten k\u00f6nnen sie ein Beispiel eines Okta Portals sehen.<\/p>\n\n\n\n<figure class=\"wp-block-image size-full\"><img decoding=\"async\" src=\"http:\/\/techonauts.com\/wp-content\/uploads\/2025\/02\/tempImageolx335.heic\" alt=\"\" class=\"wp-image-760\"\/><\/figure>\n\n\n\n<p>Ein weiterer gro\u00dfer Vorteil ist, dass sich der Benutzer nur EIN Passwort merken muss, anstatt mehrere. Das erh\u00f6ht die Benutzerfreundlichkeit f\u00fcr ihn enorm.<\/p>\n\n\n\n<p>Selbstverst\u00e4ndlich k\u00f6nnen Sie das Portal hinsichtlich des Look &amp; Feels so anpassen, dass es in Ihrer Corporate Identity dargestellt wird.<\/p>\n\n\n\n<div style=\"height:22px\" aria-hidden=\"true\" class=\"wp-block-spacer\"><\/div>\n\n\n\n<div style=\"height:22px\" aria-hidden=\"true\" class=\"wp-block-spacer\"><\/div>","protected":false},"excerpt":{"rendered":"<p>Identity-as-a-service (IDaaS) A very important and interesting area of technology is Identity. There are more and more focus on the user itself and they will be the center of a lot of technology stacks. That means, the services and technologies used will be placed around them. But what that really means? Users want to use [&hellip;]<\/p>\n","protected":false},"author":2,"featured_media":0,"parent":116,"menu_order":0,"comment_status":"closed","ping_status":"closed","template":"","meta":{"footnotes":""},"class_list":["post-752","page","type-page","status-publish","hentry"],"aioseo_notices":[],"_links":{"self":[{"href":"http:\/\/techonauts.com\/de\/wp-json\/wp\/v2\/pages\/752","targetHints":{"allow":["GET"]}}],"collection":[{"href":"http:\/\/techonauts.com\/de\/wp-json\/wp\/v2\/pages"}],"about":[{"href":"http:\/\/techonauts.com\/de\/wp-json\/wp\/v2\/types\/page"}],"author":[{"embeddable":true,"href":"http:\/\/techonauts.com\/de\/wp-json\/wp\/v2\/users\/2"}],"replies":[{"embeddable":true,"href":"http:\/\/techonauts.com\/de\/wp-json\/wp\/v2\/comments?post=752"}],"version-history":[{"count":11,"href":"http:\/\/techonauts.com\/de\/wp-json\/wp\/v2\/pages\/752\/revisions"}],"predecessor-version":[{"id":770,"href":"http:\/\/techonauts.com\/de\/wp-json\/wp\/v2\/pages\/752\/revisions\/770"}],"up":[{"embeddable":true,"href":"http:\/\/techonauts.com\/de\/wp-json\/wp\/v2\/pages\/116"}],"wp:attachment":[{"href":"http:\/\/techonauts.com\/de\/wp-json\/wp\/v2\/media?parent=752"}],"curies":[{"name":"wp","href":"https:\/\/api.w.org\/{rel}","templated":true}]}}