{"id":986,"date":"2025-03-15T10:53:37","date_gmt":"2025-03-15T10:53:37","guid":{"rendered":"http:\/\/techonauts.com\/?page_id=986"},"modified":"2025-05-02T20:32:35","modified_gmt":"2025-05-02T20:32:35","slug":"business-profile-coaching","status":"publish","type":"page","link":"http:\/\/techonauts.com\/de\/coaching\/soft-skill-coaching\/business-profile-coaching\/","title":{"rendered":"Business Profil Training"},"content":{"rendered":"<p>Business Profil Training<\/p>\n\n\n\n<p>Du hast ein Business Profil auf LinkedIn, Xing or woanders?<\/p>\n\n\n\n<p>The most important thing for a Business Profile is to have a great presentation of your Person, Skills and Career. If someone is searching for employees, you want to present yourself on the market or apply for a new role, that is the key.<\/p>\n\n\n\n<p>Die Leute m\u00f6chten schnell Informationen finden, um sich einen Eindruck von Ihrem Angebot zu verschaffen und zu entscheiden, ob Sie die richtige Person sind.<\/p>\n\n\n\n<p>Wir helfen Ihnen, Ihr Profil zu verbessern und zu optimieren, um optimale Ergebnisse zu erzielen und f\u00fcr den Markt und Ihre Besucher attraktiv zu sein. Dar\u00fcber hinaus verbessern wir Ihr Profil in den Suchergebnissen und sorgen f\u00fcr mehr Anfragen von Unternehmen und Personalvermittlern. <\/p>\n\n\n\n<div style=\"height:22px\" aria-hidden=\"true\" class=\"wp-block-spacer\"><\/div>\n\n\n\n<h4 class=\"wp-block-heading\">Was ist enthalten?<\/h4>\n\n\n\n<ul class=\"wp-block-list\">\n<li>Professionelle Profil Bilder<\/li>\n\n\n\n<li>Optimierung der Karrierepr\u00e4sentation<\/li>\n\n\n\n<li>Optimierung der Skill-Pr\u00e4sentation<\/li>\n\n\n\n<li>Optimierung des allgemeinen Profils f\u00fcr Suchergebnisse<\/li>\n<\/ul>\n\n\n\n<div style=\"height:22px\" aria-hidden=\"true\" class=\"wp-block-spacer\"><\/div>","protected":false},"excerpt":{"rendered":"<p>Business Profile Coaching You have a Business Profile on LinkedIn, Xing or elsewhere? The most important thing for a Business Profile is to have a great presentation of your Person, Skills and Career. If someone is searching for employees, you want to present yourself on the market or apply for a new role, that is [&hellip;]<\/p>\n","protected":false},"author":2,"featured_media":0,"parent":474,"menu_order":0,"comment_status":"closed","ping_status":"closed","template":"","meta":{"footnotes":""},"class_list":["post-986","page","type-page","status-publish","hentry"],"aioseo_notices":[],"_links":{"self":[{"href":"http:\/\/techonauts.com\/de\/wp-json\/wp\/v2\/pages\/986","targetHints":{"allow":["GET"]}}],"collection":[{"href":"http:\/\/techonauts.com\/de\/wp-json\/wp\/v2\/pages"}],"about":[{"href":"http:\/\/techonauts.com\/de\/wp-json\/wp\/v2\/types\/page"}],"author":[{"embeddable":true,"href":"http:\/\/techonauts.com\/de\/wp-json\/wp\/v2\/users\/2"}],"replies":[{"embeddable":true,"href":"http:\/\/techonauts.com\/de\/wp-json\/wp\/v2\/comments?post=986"}],"version-history":[{"count":5,"href":"http:\/\/techonauts.com\/de\/wp-json\/wp\/v2\/pages\/986\/revisions"}],"predecessor-version":[{"id":1018,"href":"http:\/\/techonauts.com\/de\/wp-json\/wp\/v2\/pages\/986\/revisions\/1018"}],"up":[{"embeddable":true,"href":"http:\/\/techonauts.com\/de\/wp-json\/wp\/v2\/pages\/474"}],"wp:attachment":[{"href":"http:\/\/techonauts.com\/de\/wp-json\/wp\/v2\/media?parent=986"}],"curies":[{"name":"wp","href":"https:\/\/api.w.org\/{rel}","templated":true}]}}