{"id":994,"date":"2025-03-15T13:24:18","date_gmt":"2025-03-15T13:24:18","guid":{"rendered":"http:\/\/techonauts.com\/?page_id=994"},"modified":"2025-05-02T20:34:09","modified_gmt":"2025-05-02T20:34:09","slug":"story-telling-business-story-telling","status":"publish","type":"page","link":"http:\/\/techonauts.com\/de\/coaching\/soft-skill-coaching\/story-telling-business-story-telling\/","title":{"rendered":"Story-telling \/ Business Story-telling"},"content":{"rendered":"<p>Story-telling \/ Business Story-telling<\/p>\n\n\n\n<p>Menschen m\u00f6gen Visualit\u00e4t!<\/p>\n\n\n\n<p>Wenn Sie Ihr Produkt oder Ihre Technologie pr\u00e4sentieren oder vorf\u00fchren, k\u00f6nnen die Leute Ihnen leichter folgen und Sie verstehen, wenn Sie die Technik des Geschichtenerz\u00e4hlens verwenden. Denken Sie an ein Beispiel aus dem echten Leben, mit dem Sie Ihre Geschichte erkl\u00e4ren k\u00f6nnen. Machen Sie das Produkt real und \u201eanfassbar\u201c.<\/p>","protected":false},"excerpt":{"rendered":"<p>Story-telling \/ Business Story-telling Humans like visuality! If you&#8217;re presenting or demo your product, your technology, people can easier follow and understand you, if you use the technique of storytelling. Think about a real life example with which you can explain your story. Make the product real and &#8220;touchable&#8221;.<\/p>","protected":false},"author":2,"featured_media":0,"parent":474,"menu_order":0,"comment_status":"closed","ping_status":"closed","template":"","meta":{"footnotes":""},"class_list":["post-994","page","type-page","status-publish","hentry"],"aioseo_notices":[],"_links":{"self":[{"href":"http:\/\/techonauts.com\/de\/wp-json\/wp\/v2\/pages\/994","targetHints":{"allow":["GET"]}}],"collection":[{"href":"http:\/\/techonauts.com\/de\/wp-json\/wp\/v2\/pages"}],"about":[{"href":"http:\/\/techonauts.com\/de\/wp-json\/wp\/v2\/types\/page"}],"author":[{"embeddable":true,"href":"http:\/\/techonauts.com\/de\/wp-json\/wp\/v2\/users\/2"}],"replies":[{"embeddable":true,"href":"http:\/\/techonauts.com\/de\/wp-json\/wp\/v2\/comments?post=994"}],"version-history":[{"count":1,"href":"http:\/\/techonauts.com\/de\/wp-json\/wp\/v2\/pages\/994\/revisions"}],"predecessor-version":[{"id":995,"href":"http:\/\/techonauts.com\/de\/wp-json\/wp\/v2\/pages\/994\/revisions\/995"}],"up":[{"embeddable":true,"href":"http:\/\/techonauts.com\/de\/wp-json\/wp\/v2\/pages\/474"}],"wp:attachment":[{"href":"http:\/\/techonauts.com\/de\/wp-json\/wp\/v2\/media?parent=994"}],"curies":[{"name":"wp","href":"https:\/\/api.w.org\/{rel}","templated":true}]}}