{"id":997,"date":"2025-03-15T13:29:11","date_gmt":"2025-03-15T13:29:11","guid":{"rendered":"http:\/\/techonauts.com\/?page_id=997"},"modified":"2025-05-02T20:33:43","modified_gmt":"2025-05-02T20:33:43","slug":"presentation","status":"publish","type":"page","link":"http:\/\/techonauts.com\/de\/coaching\/soft-skill-coaching\/presentation\/","title":{"rendered":"Pr\u00e4sentation"},"content":{"rendered":"<p>Pr\u00e4sentation<\/p>\n\n\n\n<p>Wie oft m\u00fcssen Sie in Ihrem Gesch\u00e4ftsleben vor jemandem oder einem Publikum eine Pr\u00e4sentation halten?<\/p>\n\n\n\n<p>Eine klare und gut strukturierte Pr\u00e4sentation ist sehr wichtig. Aber es ist auch wichtig, einen klaren und motivierenden Pr\u00e4sentationsstil zu haben. Lassen Sie sich von unserem Trainer dabei helfen, das Beste aus sich herauszuholen und die Person zu sein, der die Leute bei einer Pr\u00e4sentation gerne folgen und klar Ihre Botschaft verstehen.<\/p>","protected":false},"excerpt":{"rendered":"<p>Presentation How often in your business life you have to present infront of someone or an audience? It\u00b4s very important to have a clear and well structured presentation. But it\u00b4s important as well, to have a clear and motivating presentation style. Let our trainer help you to get the most out of yourself and be [&hellip;]<\/p>\n","protected":false},"author":2,"featured_media":0,"parent":474,"menu_order":0,"comment_status":"closed","ping_status":"closed","template":"","meta":{"footnotes":""},"class_list":["post-997","page","type-page","status-publish","hentry"],"aioseo_notices":[],"_links":{"self":[{"href":"http:\/\/techonauts.com\/de\/wp-json\/wp\/v2\/pages\/997","targetHints":{"allow":["GET"]}}],"collection":[{"href":"http:\/\/techonauts.com\/de\/wp-json\/wp\/v2\/pages"}],"about":[{"href":"http:\/\/techonauts.com\/de\/wp-json\/wp\/v2\/types\/page"}],"author":[{"embeddable":true,"href":"http:\/\/techonauts.com\/de\/wp-json\/wp\/v2\/users\/2"}],"replies":[{"embeddable":true,"href":"http:\/\/techonauts.com\/de\/wp-json\/wp\/v2\/comments?post=997"}],"version-history":[{"count":2,"href":"http:\/\/techonauts.com\/de\/wp-json\/wp\/v2\/pages\/997\/revisions"}],"predecessor-version":[{"id":999,"href":"http:\/\/techonauts.com\/de\/wp-json\/wp\/v2\/pages\/997\/revisions\/999"}],"up":[{"embeddable":true,"href":"http:\/\/techonauts.com\/de\/wp-json\/wp\/v2\/pages\/474"}],"wp:attachment":[{"href":"http:\/\/techonauts.com\/de\/wp-json\/wp\/v2\/media?parent=997"}],"curies":[{"name":"wp","href":"https:\/\/api.w.org\/{rel}","templated":true}]}}