{"id":1019,"date":"2025-03-18T19:20:58","date_gmt":"2025-03-18T19:20:58","guid":{"rendered":"https:\/\/techonauts.com\/?page_id=1019"},"modified":"2025-05-02T20:35:08","modified_gmt":"2025-05-02T20:35:08","slug":"security-awareness-mindset","status":"publish","type":"page","link":"https:\/\/techonauts.com\/de\/coaching\/technology-coaching\/security-awareness-mindset\/","title":{"rendered":"Sicherheitsbewusstsein"},"content":{"rendered":"<p>Sicherheitsbewusstsein<\/p>\n\n\n\n<p>In der heutigen Gesch\u00e4ftswelt sind die Mechanismen des Social Engineering und des Datenphishings weit verbreitet.<\/p>\n\n\n\n<p>Jemand hat Sie angerufen oder Ihnen eine E-Mail mit einer Anfrage, Informationen, einem Link oder sogar einem Bild geschickt. Das kann dazu f\u00fchren, dass Ihre Anmeldeinformationen gestohlen werden oder Sie auf verd\u00e4chtige Websites weitergeleitet werden.<\/p>\n\n\n\n<p>Wir alle haben schon einmal eine solche Situation erlebt und die Chance, Opfer zu werden, ist h\u00f6her als je zuvor. Stellen Sie sich vor, Sie haben einen anstrengenden Tag und nachdem Sie viele E-Mails gelesen haben oder einige Dinge erledigen m\u00fcssen, die eine Deadline haben, erhalten Sie eine SMS, WhatsApp oder E-Mail mit verd\u00e4chtigem Inhalt. Die Wahrscheinlichkeit, dass jemand auf den Link klickt oder die SMS beantwortet, ist sehr hoch.<\/p>\n\n\n\n<p>Viele dieser Spams sind sehr gut und sehen aus wie interne Systeme oder bekannte Websites. Es wird immer schwieriger, den Unterschied zu erkennen.<\/p>\n\n\n\n<p>Viele gro\u00dfe Unternehmen f\u00fchren interne Tests mit gef\u00e4lschtem Spam durch, um die Mitarbeiter auf die m\u00f6glichen Folgen aufmerksam zu machen und auch um ihr Wissen zu testen.<\/p>\n\n\n\n<p>Lassen Sie sich von uns zum Thema Social Engineering coachen, wie Sie Ihre Daten sch\u00fctzen und wie Sie mit Ihren Daten umgehen, damit Sie sich wohl und sicher f\u00fchlen. Der Schaden kann in k\u00fcrzester Zeit Millionen betragen, wenn Ihre Mitarbeiter die heutigen Techniken nicht kennen und nicht \u00fcber das n\u00f6tige Wissen verf\u00fcgen.<\/p>\n\n\n\n<p>Wir bieten Ihnen einen Workshop an, um die Menschen zu sensibilisieren und Ihnen ein gutes Gef\u00fchl zu geben.<\/p>\n\n\n\n<p>Was Sie mit unserem Security-Mindset-Coaching (Bewusstseinsbildung) erhalten:<\/p>\n\n\n\n<ul class=\"wp-block-list\">\n<li>Ein gutes Gef\u00fchl Spam zu erkennen<\/li>\n\n\n\n<li>Welche Angriffsmethoden gibt es und welche sollten Sie kennen?<\/li>\n\n\n\n<li>Was ist Social Engineering und wie k\u00f6nnen Sie sich sch\u00fctzen<\/li>\n<\/ul>\n\n\n\n<p>Auch wenn Ihre Mitarbeiter bereits in einigen Themenbereichen Kenntnisse haben, kann eine Auffrischung oder ein zus\u00e4tzlicher Workshop zur Vertiefung des Wissens nie schaden. Das Coaching ist selbstverst\u00e4ndlich individuell auf Ihre Bed\u00fcrfnisse anpassbar.<\/p>\n\n\n\n<div style=\"height:22px\" aria-hidden=\"true\" class=\"wp-block-spacer\"><\/div>","protected":false},"excerpt":{"rendered":"<p>Security awareness Mindset In today\u2019s business the mechanism of social engineering and data phishing is very common. There is someone give you a call or sent you an email with a request, information, a link or even a picture. That can leads to steal your credentials or route you to suspicious Websites. We all had [&hellip;]<\/p>\n","protected":false},"author":2,"featured_media":0,"parent":232,"menu_order":0,"comment_status":"closed","ping_status":"closed","template":"","meta":{"footnotes":""},"class_list":["post-1019","page","type-page","status-publish","hentry"],"aioseo_notices":[],"_links":{"self":[{"href":"https:\/\/techonauts.com\/de\/wp-json\/wp\/v2\/pages\/1019","targetHints":{"allow":["GET"]}}],"collection":[{"href":"https:\/\/techonauts.com\/de\/wp-json\/wp\/v2\/pages"}],"about":[{"href":"https:\/\/techonauts.com\/de\/wp-json\/wp\/v2\/types\/page"}],"author":[{"embeddable":true,"href":"https:\/\/techonauts.com\/de\/wp-json\/wp\/v2\/users\/2"}],"replies":[{"embeddable":true,"href":"https:\/\/techonauts.com\/de\/wp-json\/wp\/v2\/comments?post=1019"}],"version-history":[{"count":1,"href":"https:\/\/techonauts.com\/de\/wp-json\/wp\/v2\/pages\/1019\/revisions"}],"predecessor-version":[{"id":1020,"href":"https:\/\/techonauts.com\/de\/wp-json\/wp\/v2\/pages\/1019\/revisions\/1020"}],"up":[{"embeddable":true,"href":"https:\/\/techonauts.com\/de\/wp-json\/wp\/v2\/pages\/232"}],"wp:attachment":[{"href":"https:\/\/techonauts.com\/de\/wp-json\/wp\/v2\/media?parent=1019"}],"curies":[{"name":"wp","href":"https:\/\/api.w.org\/{rel}","templated":true}]}}