{"id":1025,"date":"2025-03-18T19:30:57","date_gmt":"2025-03-18T19:30:57","guid":{"rendered":"https:\/\/techonauts.com\/?page_id=1025"},"modified":"2025-05-02T20:35:22","modified_gmt":"2025-05-02T20:35:22","slug":"social-media-security","status":"publish","type":"page","link":"https:\/\/techonauts.com\/de\/coaching\/technology-coaching\/social-media-security\/","title":{"rendered":"Soziale Medien Sicherheit"},"content":{"rendered":"<p>Soziale Medien Sicherheit<\/p>\n\n\n\n<p>Ein weiterer, stark untersch\u00e4tzter, aber ebenfalls wichtiger Teil sind die sozialen Medien.<\/p>\n\n\n\n<p>Fast jeder nutzt es, doch die wenigsten sind sich des Sicherheitsaspekts bewusst. Welche Themen und Bereiche gilt es zu beachten und wie kann man sich sch\u00fctzen? Werden sensible Daten aus meinem Unternehmen ver\u00f6ffentlicht oder Einblicke zug\u00e4nglich gemacht, die man nicht m\u00f6chte? Wie wird mein Unternehmen repr\u00e4sentiert? Das kann das Image Ihres Unternehmens sehr schnell sch\u00e4digen und ruinieren.<\/p>\n\n\n\n<p>Wir besch\u00e4ftigen uns schon lange mit Social Media, seinen M\u00f6glichkeiten und Herausforderungen. Es ist Segen und Fluch zugleich. Man kann seine Reichweite in k\u00fcrzester Zeit steigern und die Verkaufszahlen massiv erh\u00f6hen. Genauso schnell kann man sein Unternehmen jedoch auch in ein negatives Licht r\u00fccken und das Gegenteil erreichen.<\/p>\n\n\n\n<div style=\"height:22px\" aria-hidden=\"true\" class=\"wp-block-spacer\"><\/div>","protected":false},"excerpt":{"rendered":"<p>Social Media Security Another very underestimated but also important part is social media. Almost everyone uses it, but very few are aware of the security aspect. What topics and areas need to be considered and how can you protect yourself? Will sensitive data from my company be published or insights made available that you don\u2019t [&hellip;]<\/p>\n","protected":false},"author":2,"featured_media":0,"parent":232,"menu_order":0,"comment_status":"closed","ping_status":"closed","template":"","meta":{"footnotes":""},"class_list":["post-1025","page","type-page","status-publish","hentry"],"aioseo_notices":[],"_links":{"self":[{"href":"https:\/\/techonauts.com\/de\/wp-json\/wp\/v2\/pages\/1025","targetHints":{"allow":["GET"]}}],"collection":[{"href":"https:\/\/techonauts.com\/de\/wp-json\/wp\/v2\/pages"}],"about":[{"href":"https:\/\/techonauts.com\/de\/wp-json\/wp\/v2\/types\/page"}],"author":[{"embeddable":true,"href":"https:\/\/techonauts.com\/de\/wp-json\/wp\/v2\/users\/2"}],"replies":[{"embeddable":true,"href":"https:\/\/techonauts.com\/de\/wp-json\/wp\/v2\/comments?post=1025"}],"version-history":[{"count":2,"href":"https:\/\/techonauts.com\/de\/wp-json\/wp\/v2\/pages\/1025\/revisions"}],"predecessor-version":[{"id":1027,"href":"https:\/\/techonauts.com\/de\/wp-json\/wp\/v2\/pages\/1025\/revisions\/1027"}],"up":[{"embeddable":true,"href":"https:\/\/techonauts.com\/de\/wp-json\/wp\/v2\/pages\/232"}],"wp:attachment":[{"href":"https:\/\/techonauts.com\/de\/wp-json\/wp\/v2\/media?parent=1025"}],"curies":[{"name":"wp","href":"https:\/\/api.w.org\/{rel}","templated":true}]}}