{"id":534,"date":"2024-11-17T13:33:02","date_gmt":"2024-11-17T13:33:02","guid":{"rendered":"http:\/\/techonauts.com\/?page_id=534"},"modified":"2025-05-02T20:35:59","modified_gmt":"2025-05-02T20:35:59","slug":"content","status":"publish","type":"page","link":"https:\/\/techonauts.com\/de\/content\/","title":{"rendered":"Content"},"content":{"rendered":"<h2 class=\"wp-block-heading\">Content Erstellung<\/h2>\n\n\n\n<p>Haben Sie schon einmal dar\u00fcber nachgedacht, Ihr Unternehmen, Ihr Produkt oder sich selbst besser zu vermarkten? Wie w\u00e4re es, hierf\u00fcr professionellen Content zu nutzen?<\/p>\n\n\n\n<p>Manchmal ist es ratsam, sich Rat und Unterst\u00fctzung von einem Profi zu holen. Gerade wenn es darum geht, ein Unternehmen, ein Produkt oder eine Marke zu repr\u00e4sentieren, was durchaus auch Sie selbst sein k\u00f6nnten.<\/p>\n\n\n\n<p>Ich biete Ihnen die Auswahl verschiedener M\u00f6glichkeiten. Seien es Social Media Inhalte um Ihr Unternehmen bekannt zu machen und neue Kunden zu gewinnen, oder um Ihr Produkt richtig zu positionieren. Bild- und Videomaterial, welche die Basis f\u00fcr einen professionellen Auftritt sind. Aber auch ganze Produktionen im Bereich UGC. Ich k\u00fcmmere mich um Sie und Ihre Anliegen und schaffe neue Wege f\u00fcr Ihren Erfolg.<\/p>\n\n\n\n<p>Schauen Sie sich gerne die einzelnen Sonderbereiche an, um sich ein noch besseres Bild zu machen und die Vorteile einer Zusammenarbeit zu entdecken.<\/p>\n\n\n\n<p><a href=\"http:\/\/techonauts.com\/de\/Social-Media\/\">Soziale Medien Verwaltung (Management)<\/a><\/p>\n\n\n\n<p><a href=\"http:\/\/techonauts.com\/de\/content\/ugc\/\">UGC<\/a><\/p>\n\n\n\n<p><a href=\"http:\/\/techonauts.com\/de\/content\/video-and-images\/\">Video und Bild<\/a><\/p>","protected":false},"excerpt":{"rendered":"<p>Content Creation Have you ever thought about marketing your company, your product or yourself better? How about using professional content for this? Sometimes it is advisable to get advice and support from a professional. Especially when it comes to representing the company, a product or a brand, which could well be yourself. I offer you [&hellip;]<\/p>\n","protected":false},"author":2,"featured_media":0,"parent":0,"menu_order":0,"comment_status":"closed","ping_status":"closed","template":"","meta":{"footnotes":""},"class_list":["post-534","page","type-page","status-publish","hentry"],"aioseo_notices":[],"_links":{"self":[{"href":"https:\/\/techonauts.com\/de\/wp-json\/wp\/v2\/pages\/534","targetHints":{"allow":["GET"]}}],"collection":[{"href":"https:\/\/techonauts.com\/de\/wp-json\/wp\/v2\/pages"}],"about":[{"href":"https:\/\/techonauts.com\/de\/wp-json\/wp\/v2\/types\/page"}],"author":[{"embeddable":true,"href":"https:\/\/techonauts.com\/de\/wp-json\/wp\/v2\/users\/2"}],"replies":[{"embeddable":true,"href":"https:\/\/techonauts.com\/de\/wp-json\/wp\/v2\/comments?post=534"}],"version-history":[{"count":4,"href":"https:\/\/techonauts.com\/de\/wp-json\/wp\/v2\/pages\/534\/revisions"}],"predecessor-version":[{"id":671,"href":"https:\/\/techonauts.com\/de\/wp-json\/wp\/v2\/pages\/534\/revisions\/671"}],"wp:attachment":[{"href":"https:\/\/techonauts.com\/de\/wp-json\/wp\/v2\/media?parent=534"}],"curies":[{"name":"wp","href":"https:\/\/api.w.org\/{rel}","templated":true}]}}